{"id":688794,"date":"2025-12-22T15:23:07","date_gmt":"2025-12-22T12:23:07","guid":{"rendered":"https:\/\/nbg.eu\/product\/hyllus-taska-vojenska-zelena-65-litru\/"},"modified":"2026-04-15T14:12:04","modified_gmt":"2026-04-15T11:12:04","slug":"hyllus-taska-vojenska-zelena-65-litru","status":"publish","type":"product","link":"https:\/\/nbg.eu\/cs\/produkt\/hyllus-taska-vojenska-zelena-65-litru\/","title":{"rendered":"Eberlestock Cestovn\u00ed Ta\u0161ka Hyllus &#8211; 65 Litr\u016f"},"content":{"rendered":"<h2>Hyllus ta\u0161ka &#8211; 65 litr\u016f<\/h2>\n<p>Hyllus ta\u0161ka je vod\u011bodoln\u00e1, ultra odoln\u00e1 ta\u0161ka ide\u00e1ln\u00ed pro soust\u0159ed\u011bn\u00ed vybaven\u00ed v dod\u00e1vce nebo v p\u0159\u00edru\u010dn\u00edm zavazadle. Podlaha a bo\u010dn\u00ed st\u011bny maj\u00ed 1000D TPU povrstven\u00fd nylon a vrchn\u00ed \u010d\u00e1st je 500D TPU povrstven\u00fd nylonov\u00fd ripstop.<\/p>\n<p>Vnit\u0159n\u00ed a vn\u011bj\u0161\u00ed zipov\u00e9 kapsy umo\u017e\u0148uj\u00ed snadnou a bezpe\u010dnou organizaci drobn\u00fdch p\u0159edm\u011bt\u016f, zat\u00edmco velk\u00fd otvor do hlavn\u00ed \u010d\u00e1sti umo\u017e\u0148uje rychl\u00e9 ulo\u017een\u00ed oble\u010den\u00ed a velk\u00fdch p\u0159edm\u011bt\u016f. Hyllus m\u00e1 popruhov\u00e9 popruhy pro pohodln\u00e9 p\u0159ipevn\u011bn\u00ed k teleskopick\u00e9 rukojeti zavazadla.<\/p>\n<h2>Rozm\u011bry<\/h2>\n<p>Objem 65 l: 3966 ci<br \/>\nHmotnost 65 l: 2,5 lb<br \/>\nRozm\u011bry 65 l: 11Hx27Lx13W<\/p>\n<h2>Vlastnosti<\/h2>\n<p>Vod\u011bodoln\u00e1 konstrukce<br \/>\nVelk\u00e1 hlavn\u00ed \u010d\u00e1st s vnit\u0159n\u00edmi zipov\u00fdmi organiza\u010dn\u00edmi kapsami<br \/>\nExtern\u00ed zipov\u00e9 kapsy po obou stran\u00e1ch a vp\u0159edu<br \/>\nPopruhy k no\u0161en\u00ed ta\u0161ky<\/p>\n","protected":false},"excerpt":{"rendered":"<p>L\u00e1tkov\u00fd kufr Hyllus &#8211; 65 litr\u016f je vod\u011bodoln\u00fd, mimo\u0159\u00e1dn\u011b odoln\u00fd kufr s objemem 3966 krychlov\u00fdch palc\u016f, kter\u00fd v\u00e1\u017e\u00ed 2,5 libry.<\/p>\n","protected":false},"featured_media":688859,"template":"","meta":{"_acf_changed":false},"product_brand":[15137],"product_cat":[12649],"product_tag":[],"class_list":{"0":"post-688794","1":"product","2":"type-product","3":"status-publish","4":"has-post-thumbnail","6":"product_brand-eberlestock","7":"product_cat-rangebags","9":"first","10":"instock","11":"taxable","12":"shipping-taxable","13":"purchasable","14":"product-type-variable","15":"wvs-archive-product-wrapper"},"acf":[],"_links":{"self":[{"href":"https:\/\/nbg.eu\/cs\/wp-json\/wp\/v2\/product\/688794","targetHints":{"allow":["GET"]}}],"collection":[{"href":"https:\/\/nbg.eu\/cs\/wp-json\/wp\/v2\/product"}],"about":[{"href":"https:\/\/nbg.eu\/cs\/wp-json\/wp\/v2\/types\/product"}],"wp:featuredmedia":[{"embeddable":true,"href":"https:\/\/nbg.eu\/cs\/wp-json\/wp\/v2\/media\/688859"}],"wp:attachment":[{"href":"https:\/\/nbg.eu\/cs\/wp-json\/wp\/v2\/media?parent=688794"}],"wp:term":[{"taxonomy":"product_brand","embeddable":true,"href":"https:\/\/nbg.eu\/cs\/wp-json\/wp\/v2\/product_brand?post=688794"},{"taxonomy":"product_cat","embeddable":true,"href":"https:\/\/nbg.eu\/cs\/wp-json\/wp\/v2\/product_cat?post=688794"},{"taxonomy":"product_tag","embeddable":true,"href":"https:\/\/nbg.eu\/cs\/wp-json\/wp\/v2\/product_tag?post=688794"}],"curies":[{"name":"wp","href":"https:\/\/api.w.org\/{rel}","templated":true}]}}