{"id":688909,"date":"2025-12-22T15:33:09","date_gmt":"2025-12-22T12:33:09","guid":{"rendered":"https:\/\/nbg.eu\/product\/hyllus-duffel-military-green-45-litru\/"},"modified":"2026-04-15T14:12:00","modified_gmt":"2026-04-15T11:12:00","slug":"hyllus-duffel-military-green-45-litru","status":"publish","type":"product","link":"https:\/\/nbg.eu\/cs\/produkt\/hyllus-duffel-military-green-45-litru\/","title":{"rendered":"Eberlestock Cestovn\u00ed Ta\u0161ka Hyllus &#8211; 45 Litr\u016f"},"content":{"rendered":"<h2>Hyllus Duffel- 45 Litr\u016f<\/h2>\n<p>Hyllus Duffel je vod\u011bodoln\u00e1, extr\u00e9mn\u011b odoln\u00e1 kabelka, kter\u00e1 je perfektn\u00ed pro uspo\u0159\u00e1d\u00e1n\u00ed vybaven\u00ed v kufru nebo p\u0159\u00edru\u010dn\u00edm zavazadle. Dno a bo\u010dn\u00ed st\u011bny jsou vyrobeny z 1000D TPU pojen\u00e9ho nylonu a vrchn\u00ed \u010d\u00e1st z 500D TPU pojen\u00e9ho nylonov\u00e9 tkaniny odoln\u00e9 proti roztr\u017een\u00ed.<\/p>\n<p>Vnit\u0159n\u00ed a vn\u011bj\u0161\u00ed zipov\u00e9 kapsy usnad\u0148uj\u00ed organizaci drobn\u00fdch p\u0159edm\u011bt\u016f a zabezpe\u010den\u00ed, zat\u00edmco velk\u00fd otvor do hlavn\u00edho prostoru umo\u017e\u0148uje rychl\u00e9 ulo\u017een\u00ed oble\u010den\u00ed a velk\u00fdch p\u0159edm\u011bt\u016f. Hyllus je vybaven popruhem z popruh\u016f pro snadn\u00e9 upevn\u011bn\u00ed k teleskopick\u00e9 rukojeti kufru.<\/p>\n<h2>Rozm\u011bry<\/h2>\n<p>Objem 45L: 2746 ci<br \/>\nHmotnost 45L: 2 Lb<br \/>\nRozm\u011bry 45L: 10V x 22D x 12\u0160<\/p>\n<h2>Vlastnosti<\/h2>\n<ul>\n<li>Vod\u011bodoln\u00e1 konstrukce<\/li>\n<li>Velk\u00fd hlavn\u00ed prostor se zipov\u00fdmi vnit\u0159n\u00edmi organiza\u010dn\u00edmi kapsami<\/li>\n<li>Vn\u011bj\u0161\u00ed zipov\u00e9 kapsy na obou stran\u00e1ch a vp\u0159edu<\/li>\n<li>Popruhy na p\u0159en\u00e1\u0161en\u00ed kabelky<\/li>\n<\/ul>\n","protected":false},"excerpt":{"rendered":"<p>Cestovn\u00ed ta\u0161ka Hyllus je vod\u011bodoln\u00e1, vysoce odoln\u00e1 ta\u0161ka s objemem 45 litr\u016f, ide\u00e1ln\u00ed pro vybaven\u00ed v aut\u011b nebo do p\u0159iru\u010dn\u00edho zavazadla.<\/p>\n","protected":false},"featured_media":705357,"template":"","meta":{"_acf_changed":false},"product_brand":[15137],"product_cat":[12649],"product_tag":[],"class_list":{"0":"post-688909","1":"product","2":"type-product","3":"status-publish","4":"has-post-thumbnail","6":"product_brand-eberlestock","7":"product_cat-rangebags","9":"first","10":"instock","11":"taxable","12":"shipping-taxable","13":"purchasable","14":"product-type-variable","15":"wvs-archive-product-wrapper"},"acf":[],"_links":{"self":[{"href":"https:\/\/nbg.eu\/cs\/wp-json\/wp\/v2\/product\/688909","targetHints":{"allow":["GET"]}}],"collection":[{"href":"https:\/\/nbg.eu\/cs\/wp-json\/wp\/v2\/product"}],"about":[{"href":"https:\/\/nbg.eu\/cs\/wp-json\/wp\/v2\/types\/product"}],"wp:featuredmedia":[{"embeddable":true,"href":"https:\/\/nbg.eu\/cs\/wp-json\/wp\/v2\/media\/705357"}],"wp:attachment":[{"href":"https:\/\/nbg.eu\/cs\/wp-json\/wp\/v2\/media?parent=688909"}],"wp:term":[{"taxonomy":"product_brand","embeddable":true,"href":"https:\/\/nbg.eu\/cs\/wp-json\/wp\/v2\/product_brand?post=688909"},{"taxonomy":"product_cat","embeddable":true,"href":"https:\/\/nbg.eu\/cs\/wp-json\/wp\/v2\/product_cat?post=688909"},{"taxonomy":"product_tag","embeddable":true,"href":"https:\/\/nbg.eu\/cs\/wp-json\/wp\/v2\/product_tag?post=688909"}],"curies":[{"name":"wp","href":"https:\/\/api.w.org\/{rel}","templated":true}]}}