{"id":688986,"date":"2024-09-02T13:30:54","date_gmt":"2024-09-02T10:30:54","guid":{"rendered":"https:\/\/nbg.eu\/product\/bipod-harris-s-lm-notch-rotate-9-13\/"},"modified":"2026-05-13T17:00:36","modified_gmt":"2026-05-13T14:00:36","slug":"bipod-harris-s-lm-notch-rotate-9-13","status":"publish","type":"product","link":"https:\/\/nbg.eu\/cs\/produkt\/bipod-harris-s-lm-notch-rotate-9-13\/","title":{"rendered":"Bipod Harris &#8211; S -LM Notch Rotate 9-13&#8243;"},"content":{"rendered":"<div class=\"product-description\">\n<h2>Bipod Harris &#8211; S -LM Notch Rotate 9-13&#8243;<\/h2>\n<p>Zlep\u0161ete sv\u016fj z\u00e1\u017eitek ze st\u0159elby s Bipod Harris S-LM Notch Rotate. Tento ultralevn\u00fd, univerz\u00e1ln\u00ed dvojno\u017eka je perfektn\u00ed pro st\u0159elbu v poloze vle\u017ee nebo na st\u0159eleck\u00e9m stole.<\/p>\n<ul>\n<li>Nastaviteln\u00e1 v\u00fd\u0161ka: 9&#8243; a\u017e 13&#8243;<\/li>\n<li>P\u0159\u00edm\u00e9 p\u0159ipojen\u00ed k Picatinny li\u0161t\u011b<\/li>\n<li>Oto\u010dn\u00e1 funkce pro nerovn\u00fd ter\u00e9n<\/li>\n<li>Hladk\u00e9 nohy pro snadn\u00e9 nasazen\u00ed<\/li>\n<li>N\u00edzk\u00e1 hmotnost pouh\u00fdch 13,5 oz<\/li>\n<li>Vestav\u011bn\u00e1 slinkov\u00e1 oto\u010dn\u00e1 svorka<\/li>\n<li>100% vyrobeno v USA<\/li>\n<\/ul>\n<p>Vyrobeno z tepeln\u011b zpracovan\u00e9 oceli a tvrd\u00fdch slitin, s tvrd\u00fdmi pry\u017eov\u00fdmi koncovkami nohou a polymerovou rukojet\u00ed. \u010cern\u00e1 eloxovan\u00e1 povrchov\u00e1 \u00faprava zaji\u0161\u0165uje trvanlivost a styl.<\/p>\n<p>Za\u017eijte p\u0159esnost a stabilitu s touto vysoce kvalitn\u00ed dvojno\u017ekou, navr\u017eena pro v\u00e1\u017en\u00e9 st\u0159elce, kte\u0159\u00ed vy\u017eaduj\u00ed to nejlep\u0161\u00ed.<\/p>\n<\/div>\n","protected":false},"excerpt":{"rendered":"<p>V\u0161estrann\u00fd dvojno\u017eka 9-13&#8243;, oto\u010dn\u00e1 pro nerovn\u00fd ter\u00e9n, mimo\u0159\u00e1dn\u011b lehk\u00e1 13,5 oz.<\/p>\n","protected":false},"featured_media":35213,"template":"","meta":{"_acf_changed":false},"product_brand":[12011],"product_cat":[12688,12709,12670],"product_tag":[],"class_list":{"0":"post-688986","1":"product","2":"type-product","3":"status-publish","4":"has-post-thumbnail","6":"product_brand-harris-bipods","7":"product_cat-dvojnozky","8":"product_cat-puska","9":"product_cat-tuning-pusek","11":"first","12":"instock","13":"taxable","14":"shipping-taxable","15":"purchasable","16":"product-type-simple"},"acf":[],"_links":{"self":[{"href":"https:\/\/nbg.eu\/cs\/wp-json\/wp\/v2\/product\/688986","targetHints":{"allow":["GET"]}}],"collection":[{"href":"https:\/\/nbg.eu\/cs\/wp-json\/wp\/v2\/product"}],"about":[{"href":"https:\/\/nbg.eu\/cs\/wp-json\/wp\/v2\/types\/product"}],"wp:featuredmedia":[{"embeddable":true,"href":"https:\/\/nbg.eu\/cs\/wp-json\/wp\/v2\/media\/35213"}],"wp:attachment":[{"href":"https:\/\/nbg.eu\/cs\/wp-json\/wp\/v2\/media?parent=688986"}],"wp:term":[{"taxonomy":"product_brand","embeddable":true,"href":"https:\/\/nbg.eu\/cs\/wp-json\/wp\/v2\/product_brand?post=688986"},{"taxonomy":"product_cat","embeddable":true,"href":"https:\/\/nbg.eu\/cs\/wp-json\/wp\/v2\/product_cat?post=688986"},{"taxonomy":"product_tag","embeddable":true,"href":"https:\/\/nbg.eu\/cs\/wp-json\/wp\/v2\/product_tag?post=688986"}],"curies":[{"name":"wp","href":"https:\/\/api.w.org\/{rel}","templated":true}]}}