{"id":689027,"date":"2024-08-16T23:15:24","date_gmt":"2024-08-16T20:15:24","guid":{"rendered":"https:\/\/nbg.eu\/product\/buffer-wide-set-kmr\/"},"modified":"2026-05-13T15:10:40","modified_gmt":"2026-05-13T12:10:40","slug":"buffer-wide-set-kmr","status":"publish","type":"product","link":"https:\/\/nbg.eu\/cs\/produkt\/buffer-wide-set-kmr\/","title":{"rendered":"KMR Sada \u0160irok\u00fdch Doraz\u016f"},"content":{"rendered":"<h2>BUFFER WIDE &#8211; SADA KMR<\/h2>\n<p>Vylep\u0161ete v\u00fdkon sv\u00e9 pistole KMR pomoc\u00ed BUFFER WIDE &#8211; SADA KMR, pr\u00e9miov\u00e9ho syst\u00e9mu tlumen\u00ed zp\u011btn\u00e9ho r\u00e1zu navr\u017een\u00e9ho ke zlep\u0161en\u00ed ovladatelnosti a p\u0159esnosti. Vyrobeno z vysoce kvalitn\u00edch materi\u00e1l\u016f, tyto tlum\u00edc\u00ed prvky pracuj\u00ed v tandemu, aby sn\u00ed\u017eily pocit zp\u011btn\u00e9ho r\u00e1zu, chr\u00e1nily r\u00e1m p\u0159ed n\u00e1razem z\u00e1v\u011bru a umo\u017enily jemn\u00e9 dolad\u011bn\u00ed rychlosti cyklu va\u0161\u00ed paln\u00e9 zbran\u011b.<\/p>\n<p>D\u00edky jedine\u010dn\u00e9mu \u0161irok\u00e9mu designu poskytuje BUFFER WIDE &#8211; SADA KMR nad\u0159azenou absorpci energie, \u00fa\u010dinn\u011b tlum\u00ed zp\u011btnou s\u00edlu ka\u017ed\u00e9ho v\u00fdst\u0159elu. To se projevuje rychlej\u0161\u00edm z\u00edsk\u00e1n\u00edm c\u00edle, lep\u0161\u00edm um\u00edst\u011bn\u00edm n\u00e1sledn\u00fdch v\u00fdst\u0159el\u016f a sn\u00ed\u017een\u00fdm opot\u0159eben\u00edm kritick\u00fdch sou\u010d\u00e1st\u00ed.<\/p>\n<p>P\u0159izp\u016fsobte v\u00fdkon sv\u00e9 KMR pomoc\u00ed p\u0159ilo\u017een\u00e9ho v\u00fdb\u011bru hmotnost\u00ed tlumi\u010d\u016f, co\u017e v\u00e1m umo\u017en\u00ed jemn\u011b doladit rychlost cyklu tak, aby vyhovovala va\u0161\u00ed munici a stylu st\u0159elby. A\u0165 u\u017e jste ak\u010dn\u00ed st\u0159elec hledaj\u00edc\u00ed konkuren\u010dn\u00ed v\u00fdhodu nebo rekrea\u010dn\u00ed nad\u0161enec usiluj\u00edc\u00ed o maximalizaci potenci\u00e1lu sv\u00e9 KMR, BUFFER WIDE &#8211; SADA KMR je ide\u00e1ln\u00ed vylep\u0161en\u00ed, kter\u00e9 pov\u00fd\u0161\u00ed v\u00e1\u0161 z\u00e1\u017eitek.<\/p>\n<p>Vylep\u0161ete v\u00fdkon sv\u00e9 pistole KMR pomoc\u00ed BUFFER WIDE &#8211; SADA KMR, ultim\u00e1tn\u00edho \u0159e\u0161en\u00ed pro spr\u00e1vu zp\u011btn\u00e9ho r\u00e1zu pro sout\u011b\u017en\u00ed st\u0159elce a uv\u00e1\u017eliv\u00e9 vlastn\u00edky.<\/p>\n","protected":false},"excerpt":{"rendered":"<p>P\u0159esn\u011b obroben\u00e9 tlumi\u010de pro pistole KMR, sni\u017euj\u00edc\u00ed pocit zp\u011btn\u00e9ho r\u00e1zu a jemn\u011b upravuj\u00edc\u00ed rychlost cyklu.<\/p>\n","protected":false},"featured_media":23633,"template":"","meta":{"_acf_changed":false},"product_brand":[11490],"product_cat":[12659],"product_tag":[],"class_list":{"0":"post-689027","1":"product","2":"type-product","3":"status-publish","4":"has-post-thumbnail","6":"product_brand-kmr-precision","7":"product_cat-kmr-dily","9":"first","10":"instock","11":"taxable","12":"shipping-taxable","13":"product-type-simple"},"acf":[],"_links":{"self":[{"href":"https:\/\/nbg.eu\/cs\/wp-json\/wp\/v2\/product\/689027","targetHints":{"allow":["GET"]}}],"collection":[{"href":"https:\/\/nbg.eu\/cs\/wp-json\/wp\/v2\/product"}],"about":[{"href":"https:\/\/nbg.eu\/cs\/wp-json\/wp\/v2\/types\/product"}],"wp:featuredmedia":[{"embeddable":true,"href":"https:\/\/nbg.eu\/cs\/wp-json\/wp\/v2\/media\/23633"}],"wp:attachment":[{"href":"https:\/\/nbg.eu\/cs\/wp-json\/wp\/v2\/media?parent=689027"}],"wp:term":[{"taxonomy":"product_brand","embeddable":true,"href":"https:\/\/nbg.eu\/cs\/wp-json\/wp\/v2\/product_brand?post=689027"},{"taxonomy":"product_cat","embeddable":true,"href":"https:\/\/nbg.eu\/cs\/wp-json\/wp\/v2\/product_cat?post=689027"},{"taxonomy":"product_tag","embeddable":true,"href":"https:\/\/nbg.eu\/cs\/wp-json\/wp\/v2\/product_tag?post=689027"}],"curies":[{"name":"wp","href":"https:\/\/api.w.org\/{rel}","templated":true}]}}