{"id":689220,"date":"2024-08-18T11:35:41","date_gmt":"2024-08-18T08:35:41","guid":{"rendered":"https:\/\/nbg.eu\/product\/ejector-sa-da-kmr\/"},"modified":"2026-05-13T15:09:47","modified_gmt":"2026-05-13T12:09:47","slug":"ejector-sa-da-kmr","status":"publish","type":"product","link":"https:\/\/nbg.eu\/cs\/produkt\/ejector-sa-da-kmr\/","title":{"rendered":"KMR Vyhazova\u010d SA\/DA"},"content":{"rendered":"<h2>Ejector SA\/DA KMR pro zbran\u011b KMR<\/h2>\n<p>Ejector SA\/DA KMR je univerz\u00e1ln\u00ed a spolehliv\u00e9 p\u0159\u00edslu\u0161enstv\u00ed navr\u017een\u00e9 pro pou\u017eit\u00ed s r\u016fzn\u00fdmi modely zbran\u00ed KMR. Obsahuje mechanismus jednoho z\u00e1chytu (SA) a dvojit\u00e9ho z\u00e1chytu (DA), kter\u00fd poskytuje u\u017eivatel\u016fm zv\u00fd\u0161enou flexibilitu a ovladatelnost b\u011bhem provozu. Je kompatibiln\u00ed s n\u00e1sleduj\u00edc\u00edmi modely:<\/p>\n<ul>\n<li>KMR L-02 EMIQ<\/li>\n<li>KMR L-02 EMIQ (OR)<\/li>\n<li>KMR L-02 ORCA OD 2024<\/li>\n<li>KMR L-02 ORCA DO 2023<\/li>\n<li>KMR L-02 SPECTRA OD 2024<\/li>\n<li>KMR L-02 SPECTRA DO 2023<\/li>\n<li>KMR L-02 UMBRA (OR) SR<\/li>\n<li>KMR W-02 CUDA (OR)<\/li>\n<li>KMR W-02 UMBRA<\/li>\n<li>KMR W-02 UMBRA (OR)<\/li>\n<\/ul>\n<p>Referen\u010dn\u00ed \u010d\u00edslo 1060-00701-0401<\/p>\n","protected":false},"excerpt":{"rendered":"<p>Ejekt\u00e9r SA\/DA KMR &#8211; spolehliv\u00e9 a v\u0161estrann\u00e9 zbra\u0148ov\u00e9 p\u0159\u00edslu\u0161enstv\u00ed pro KMR.<\/p>\n","protected":false},"featured_media":25677,"template":"","meta":{"_acf_changed":false},"product_brand":[11490],"product_cat":[12659],"product_tag":[],"class_list":{"0":"post-689220","1":"product","2":"type-product","3":"status-publish","4":"has-post-thumbnail","6":"product_brand-kmr-precision","7":"product_cat-kmr-dily","9":"first","10":"instock","11":"taxable","12":"shipping-taxable","13":"product-type-simple"},"acf":[],"_links":{"self":[{"href":"https:\/\/nbg.eu\/cs\/wp-json\/wp\/v2\/product\/689220","targetHints":{"allow":["GET"]}}],"collection":[{"href":"https:\/\/nbg.eu\/cs\/wp-json\/wp\/v2\/product"}],"about":[{"href":"https:\/\/nbg.eu\/cs\/wp-json\/wp\/v2\/types\/product"}],"wp:featuredmedia":[{"embeddable":true,"href":"https:\/\/nbg.eu\/cs\/wp-json\/wp\/v2\/media\/25677"}],"wp:attachment":[{"href":"https:\/\/nbg.eu\/cs\/wp-json\/wp\/v2\/media?parent=689220"}],"wp:term":[{"taxonomy":"product_brand","embeddable":true,"href":"https:\/\/nbg.eu\/cs\/wp-json\/wp\/v2\/product_brand?post=689220"},{"taxonomy":"product_cat","embeddable":true,"href":"https:\/\/nbg.eu\/cs\/wp-json\/wp\/v2\/product_cat?post=689220"},{"taxonomy":"product_tag","embeddable":true,"href":"https:\/\/nbg.eu\/cs\/wp-json\/wp\/v2\/product_tag?post=689220"}],"curies":[{"name":"wp","href":"https:\/\/api.w.org\/{rel}","templated":true}]}}