{"id":689272,"date":"2024-09-17T07:54:09","date_gmt":"2024-09-17T04:54:09","guid":{"rendered":"https:\/\/nbg.eu\/product\/extractor-40-sw-kmr\/"},"modified":"2026-04-16T16:12:07","modified_gmt":"2026-04-16T13:12:07","slug":"extractor-40-sw-kmr","status":"publish","type":"product","link":"https:\/\/nbg.eu\/cs\/produkt\/extractor-40-sw-kmr\/","title":{"rendered":"KMR Vytahova\u010d .40 S&amp;W"},"content":{"rendered":"<h2>KMR Precision Extraktor \u2013 .40 S&amp;W<\/h2>\n<p>Zajist\u011bte, aby va\u0161e pistole KMR cyklovala s naprostou autoritou s t\u00edmto dedikovan\u00fdm extraktorem .40 S&amp;W. Konstruovan\u00fd pro vy\u0161\u0161\u00ed tlaky a specifickou geometrii pouzdra .40 kalibru, tato sou\u010d\u00e1st je kl\u00ed\u010dem k udr\u017een\u00ed spolehliv\u00e9 st\u0159eln\u00e9 zbran\u011b.<\/p>\n<h3>Technick\u00e1 dokonalost:<\/h3>\n<ul>\n<li><strong>Konstrukce specifick\u00e1 pro kaliber:<\/strong> Na rozd\u00edl od univerz\u00e1ln\u00edch d\u00edl\u016f je tento extraktor p\u0159esn\u011b obr\u00e1b\u011bn, aby odpov\u00eddal okraji pouzdra .40 S&amp;W pro t\u011bsn\u011bj\u0161\u00ed tolerance a pozitivn\u011bj\u0161\u00ed extrakci.<\/li>\n<li><strong>Vylep\u0161en\u00e1 trvanlivost:<\/strong> Vyroben\u00fd z kalen\u00e9 ocelov\u00e9 slitiny, aby odolal zv\u00fd\u0161en\u00fdm rychlostem z\u00e1v\u011bru a sil\u00e1m zp\u011btn\u00e9ho r\u00e1zu spojen\u00fdm s kalibrem .40 S&amp;W.<\/li>\n<li><strong>Bezprobl\u00e9mov\u00e1 obsluha:<\/strong> M\u00e1 antikorozn\u00ed povrchovou \u00fapravu, kter\u00e1 sni\u017euje t\u0159en\u00ed a br\u00e1n\u00ed nahromad\u011bn\u00ed uhl\u00edku, kter\u00e9 by mohlo naru\u0161it h\u00e1k extraktoru.<\/li>\n<li><strong>Perfektn\u00ed fit:<\/strong> Navr\u017een pro bezprobl\u00e9movou integraci se smontovan\u00fdmi sestavami KMR slide, udr\u017euje p\u0159esn\u00e9 nap\u011bt\u00ed po\u017eadovan\u00e9 pro profesion\u00e1ln\u00ed pou\u017eit\u00ed.<\/li>\n<\/ul>\n<p>Extraktor je kritick\u00e1 sou\u010d\u00e1st podl\u00e9haj\u00edc\u00ed opot\u0159eben\u00ed. Aktualizac\u00ed na tento origin\u00e1ln\u00ed d\u00edl KMR odstran\u00edte potenci\u00e1ln\u00ed probl\u00e9my s cyklov\u00e1n\u00edm a zajist\u00edte, \u017ee va\u0161e pistole bude p\u0159ipravena na po\u017eadavky sout\u011b\u017e\u00ed IPSC\/USPSA nebo denn\u00edho no\u0161en\u00ed.<\/p>\n","protected":false},"excerpt":{"rendered":"<p>1080-00302-0400<\/p>\n","protected":false},"featured_media":25700,"template":"","meta":{"_acf_changed":false},"product_brand":[11490],"product_cat":[12659],"product_tag":[],"class_list":{"0":"post-689272","1":"product","2":"type-product","3":"status-publish","4":"has-post-thumbnail","6":"product_brand-kmr-precision","7":"product_cat-kmr-dily","9":"first","10":"instock","11":"taxable","12":"shipping-taxable","13":"product-type-simple"},"acf":[],"_links":{"self":[{"href":"https:\/\/nbg.eu\/cs\/wp-json\/wp\/v2\/product\/689272","targetHints":{"allow":["GET"]}}],"collection":[{"href":"https:\/\/nbg.eu\/cs\/wp-json\/wp\/v2\/product"}],"about":[{"href":"https:\/\/nbg.eu\/cs\/wp-json\/wp\/v2\/types\/product"}],"wp:featuredmedia":[{"embeddable":true,"href":"https:\/\/nbg.eu\/cs\/wp-json\/wp\/v2\/media\/25700"}],"wp:attachment":[{"href":"https:\/\/nbg.eu\/cs\/wp-json\/wp\/v2\/media?parent=689272"}],"wp:term":[{"taxonomy":"product_brand","embeddable":true,"href":"https:\/\/nbg.eu\/cs\/wp-json\/wp\/v2\/product_brand?post=689272"},{"taxonomy":"product_cat","embeddable":true,"href":"https:\/\/nbg.eu\/cs\/wp-json\/wp\/v2\/product_cat?post=689272"},{"taxonomy":"product_tag","embeddable":true,"href":"https:\/\/nbg.eu\/cs\/wp-json\/wp\/v2\/product_tag?post=689272"}],"curies":[{"name":"wp","href":"https:\/\/api.w.org\/{rel}","templated":true}]}}