{"id":689301,"date":"2024-08-18T11:36:41","date_gmt":"2024-08-18T08:36:41","guid":{"rendered":"https:\/\/nbg.eu\/product\/extractor-9x19-kmr\/"},"modified":"2026-05-13T16:01:57","modified_gmt":"2026-05-13T13:01:57","slug":"extractor-9x19-kmr","status":"publish","type":"product","link":"https:\/\/nbg.eu\/cs\/produkt\/extractor-9x19-kmr\/","title":{"rendered":"KMR Vytahova\u010d 9&#215;19"},"content":{"rendered":"<h2>KMR Precision Extractor \u2013 9x19mm<\/h2>\n<p>Tento p\u0159esn\u011b konstruovan\u00fd extraktor je d\u016fle\u017eitou n\u00e1hradn\u00ed sou\u010d\u00e1stkou navr\u017een\u00e1 speci\u00e1ln\u011b pro pistole 9x19mm KMR. Vyrobeno tak, aby vydr\u017eelo n\u00e1ro\u010dn\u00e9 pou\u017e\u00edv\u00e1n\u00ed p\u0159i z\u00e1vodech na st\u0159elnici, zaji\u0161\u0165uje bezvadn\u00e9 vyj\u00edm\u00e1n\u00ed pou\u017eit\u00fdch n\u00e1bojnic 9mm z komory p\u0159i ka\u017ed\u00e9m v\u00fdst\u0159elu.<\/p>\n<h3>Technick\u00e1 dokonalost:<\/h3>\n<ul>\n<li><strong>Optimalizov\u00e1no pro 9x19mm:<\/strong> Speci\u00e1ln\u011b p\u0159izp\u016fsobeno rozm\u011br\u016fm ostruhy n\u00e1boj\u016f 9mm Luger, aby bylo zaji\u0161t\u011bno maxim\u00e1ln\u00ed uchopen\u00ed a spolehlivost.<\/li>\n<li><strong>Vysokojakostn\u00ed ocel:<\/strong> Obr\u00e1b\u011bno z vysoce kvalitn\u00ed, tepeln\u011b zpracovan\u00e9 oceli, aby se p\u0159ede\u0161lo opot\u0159eben\u00ed zub\u016f a odolalo vysok\u00e9mu nam\u00e1h\u00e1n\u00ed p\u0159i cyklu z\u00e1v\u011bru.<\/li>\n<li><strong>Kompatibilita s OEM:<\/strong> P\u0159\u00edm\u00e1 z\u00e1m\u011bna za modely KMR jako L-02 a W-02, zaji\u0161\u0165uj\u00edc\u00ed dokonal\u00e9 tov\u00e1rn\u00ed zapadnut\u00ed.<\/li>\n<li><strong>Konzistentn\u00ed v\u00fdkon:<\/strong> Specializovan\u00fd tvar dr\u00e1pku minimalizuje selh\u00e1n\u00ed p\u0159i vyta\u017een\u00ed (FTE) i b\u011bhem rychl\u00e9 palby.<\/li>\n<\/ul>\n<p>Udr\u017eujte sout\u011b\u017en\u00ed v\u00fdkon va\u0161\u00ed pistole t\u00edm, \u017ee zajist\u00edte, aby v\u00e1\u0161 syst\u00e9m extrakce byl ve \u0161pi\u010dkov\u00e9m stavu. Tato origin\u00e1ln\u00ed sou\u010d\u00e1stka KMR je nezbytn\u00e1 pro ka\u017ed\u00e9ho st\u0159elce, kter\u00fd vy\u017eaduje 100% spolehlivost na st\u0159elnici nebo v sout\u011b\u017ei.<\/p>\n","protected":false},"excerpt":{"rendered":"<p>1080-00301-0400<\/p>\n","protected":false},"featured_media":25700,"template":"","meta":{"_acf_changed":false},"product_brand":[11490],"product_cat":[12659],"product_tag":[],"class_list":{"0":"post-689301","1":"product","2":"type-product","3":"status-publish","4":"has-post-thumbnail","6":"product_brand-kmr-precision","7":"product_cat-kmr-dily","9":"first","10":"instock","11":"taxable","12":"shipping-taxable","13":"product-type-simple"},"acf":[],"_links":{"self":[{"href":"https:\/\/nbg.eu\/cs\/wp-json\/wp\/v2\/product\/689301","targetHints":{"allow":["GET"]}}],"collection":[{"href":"https:\/\/nbg.eu\/cs\/wp-json\/wp\/v2\/product"}],"about":[{"href":"https:\/\/nbg.eu\/cs\/wp-json\/wp\/v2\/types\/product"}],"wp:featuredmedia":[{"embeddable":true,"href":"https:\/\/nbg.eu\/cs\/wp-json\/wp\/v2\/media\/25700"}],"wp:attachment":[{"href":"https:\/\/nbg.eu\/cs\/wp-json\/wp\/v2\/media?parent=689301"}],"wp:term":[{"taxonomy":"product_brand","embeddable":true,"href":"https:\/\/nbg.eu\/cs\/wp-json\/wp\/v2\/product_brand?post=689301"},{"taxonomy":"product_cat","embeddable":true,"href":"https:\/\/nbg.eu\/cs\/wp-json\/wp\/v2\/product_cat?post=689301"},{"taxonomy":"product_tag","embeddable":true,"href":"https:\/\/nbg.eu\/cs\/wp-json\/wp\/v2\/product_tag?post=689301"}],"curies":[{"name":"wp","href":"https:\/\/api.w.org\/{rel}","templated":true}]}}