{"id":689332,"date":"2024-08-17T15:16:22","date_gmt":"2024-08-17T12:16:22","guid":{"rendered":"https:\/\/nbg.eu\/product\/extractor-pin-22-lr-2x10-kmr\/"},"modified":"2026-05-13T16:02:12","modified_gmt":"2026-05-13T13:02:12","slug":"extractor-pin-22-lr-2x10-kmr","status":"publish","type":"product","link":"https:\/\/nbg.eu\/cs\/produkt\/extractor-pin-22-lr-2x10-kmr\/","title":{"rendered":"KMR \u010cep Vytahova\u010de .22 LR 2&#215;10"},"content":{"rendered":"<h2>Extraktn\u00ed kol\u00edk 22 Lr 2X10 KMR &#8211; P\u0159esn\u00fd oto\u010dn\u00fd bod pro spolehlivou extrakci<\/h2>\n<p>Navr\u017eeno pro .22 LR platformu KMR na n\u00e1boje rimfire, Extraktn\u00ed kol\u00edk 22 Lr 2X10 KMR poskytuje kritick\u00fd oto\u010dn\u00fd bod pro funkci extrak\u010dn\u00edho mechanismu, aby fungoval spolehliv\u011b. Vyrobeno z kalen\u00e9 oceli, tento p\u0159esn\u011b rozm\u011b\u0159en\u00fd kol\u00edk (2x10mm) zaji\u0161\u0165uje konzistentn\u00ed nap\u011bt\u00ed a zabra\u0148uje pohybu nebo ust\u0159i\u017een\u00ed kol\u00edku p\u0159i rychl\u00e9 st\u0159elb\u011b, aby va\u0161e pistole KMR spolehliv\u011b extrahovaly vyho\u0159el\u00e9 n\u00e1bojnice.<\/p>\n<p>Extraktn\u00ed kol\u00edk 22 Lr 2X10 KMR je nezbytnou sou\u010d\u00e1st\u00ed pro udr\u017eov\u00e1n\u00ed optim\u00e1ln\u00edho v\u00fdkonu va\u0161\u00ed .22 LR KMR. Jeho robustn\u00ed konstrukce a pe\u010dliv\u00fd design poskytuj\u00ed pot\u0159ebnou oto\u010dnou oporu, aby v\u00e1\u0161 extraktor fungoval bezchybn\u011b, v\u00fdst\u0159el po v\u00fdst\u0159elu. A\u0165 u\u017e se jedn\u00e1 o st\u0159elbu na ter\u010d, plinkov\u00e1n\u00ed nebo sout\u011b\u017een\u00ed, tento extraktn\u00ed kol\u00edk je neoceniteln\u00fdm vylep\u0161en\u00edm, kter\u00e9 zajist\u00ed, \u017ee va\u0161e pistole KMR bude pracovat na vrcholu sv\u00fdch mo\u017enost\u00ed.<\/p>\n<p>Upgradujte si svou .22 LR KMR na Extraktn\u00ed kol\u00edk 22 Lr 2X10 KMR a z\u00edskejte jistotu spolehliv\u00e9ho, kvalitn\u00edho oto\u010dn\u00e9ho bodu, kter\u00fd udr\u017e\u00ed v\u00e1\u0161 extraktor v precizn\u00ed a konzistentn\u00ed funkci. Investujte do detail\u016f, kter\u00e9 d\u011blaj\u00ed rozd\u00edl, a u\u017e\u00edvejte si klid mysli, kter\u00fd p\u0159ich\u00e1z\u00ed se zbran\u00ed, kter\u00e1 extrahuje s nevyhnutelnou spolehlivost\u00ed.<\/p>\n","protected":false},"excerpt":{"rendered":"<p>P\u0159esn\u00fd extrak\u010dn\u00ed \u010dep 2&#215;10 mm pro pistole .22 LR KMR; konstrukce z kalen\u00e9 oceli.<\/p>\n","protected":false},"featured_media":24056,"template":"","meta":{"_acf_changed":false},"product_brand":[11490],"product_cat":[12659],"product_tag":[],"class_list":{"0":"post-689332","1":"product","2":"type-product","3":"status-publish","4":"has-post-thumbnail","6":"product_brand-kmr-precision","7":"product_cat-kmr-dily","9":"first","10":"instock","11":"taxable","12":"shipping-taxable","13":"product-type-simple"},"acf":[],"_links":{"self":[{"href":"https:\/\/nbg.eu\/cs\/wp-json\/wp\/v2\/product\/689332","targetHints":{"allow":["GET"]}}],"collection":[{"href":"https:\/\/nbg.eu\/cs\/wp-json\/wp\/v2\/product"}],"about":[{"href":"https:\/\/nbg.eu\/cs\/wp-json\/wp\/v2\/types\/product"}],"wp:featuredmedia":[{"embeddable":true,"href":"https:\/\/nbg.eu\/cs\/wp-json\/wp\/v2\/media\/24056"}],"wp:attachment":[{"href":"https:\/\/nbg.eu\/cs\/wp-json\/wp\/v2\/media?parent=689332"}],"wp:term":[{"taxonomy":"product_brand","embeddable":true,"href":"https:\/\/nbg.eu\/cs\/wp-json\/wp\/v2\/product_brand?post=689332"},{"taxonomy":"product_cat","embeddable":true,"href":"https:\/\/nbg.eu\/cs\/wp-json\/wp\/v2\/product_cat?post=689332"},{"taxonomy":"product_tag","embeddable":true,"href":"https:\/\/nbg.eu\/cs\/wp-json\/wp\/v2\/product_tag?post=689332"}],"curies":[{"name":"wp","href":"https:\/\/api.w.org\/{rel}","templated":true}]}}