{"id":689350,"date":"2024-08-16T23:18:23","date_gmt":"2024-08-16T20:18:23","guid":{"rendered":"https:\/\/nbg.eu\/product\/extractor-pin-kmr\/"},"modified":"2026-05-13T16:02:07","modified_gmt":"2026-05-13T13:02:07","slug":"extractor-pin-kmr","status":"publish","type":"product","link":"https:\/\/nbg.eu\/cs\/produkt\/extractor-pin-kmr\/","title":{"rendered":"KMR \u010cep Vytahova\u010de"},"content":{"rendered":"<h2>Vytahovac\u00ed kol\u00edk pro pistole KMR<\/h2>\n<p>Zvy\u0161te v\u00fdkon a spolehlivost sv\u00e9 pistole KMR pomoc\u00ed Vytahovac\u00edho kol\u00edku. Vyroben\u00fd z kalen\u00e9 n\u00e1strojov\u00e9 oceli a vyroben\u00fd podle p\u0159esn\u00fdch tov\u00e1rn\u00edch specifikac\u00ed, tato sou\u010d\u00e1st zaru\u010duje dokonal\u00e9 zapadnut\u00ed do sestavy z\u00e1v\u011bru. Jeho odoln\u00e1 povrchov\u00e1 \u00faprava zaru\u010duje dlouhou trvanlivost a jeho vysok\u00e1 pevnost v tahu chr\u00e1n\u00ed d\u016fle\u017eit\u00fd syst\u00e9m oto\u010dn\u00e9ho bodu vytahova\u010de.<\/p>\n<p>Jako osa pohybu vytahova\u010de hraje tento kol\u00edk z\u00e1sadn\u00ed roli v cyklu vytahov\u00e1n\u00ed. Udr\u017eov\u00e1n\u00edm konstantn\u00edho nap\u011bt\u00ed pru\u017einy p\u0159edch\u00e1z\u00ed mechanick\u00fdm selh\u00e1n\u00edm a zaji\u0161\u0165uje hladk\u00fd a spolehliv\u00fd provoz p\u0159i ka\u017ed\u00e9m v\u00fdst\u0159elu. A\u0165 u\u017e jste v\u00e1\u0161niv\u00fd st\u0159elec nebo nad\u0161enec pro sebeobranu, Vytahovac\u00ed kol\u00edk je nezbytn\u00fdm dopl\u0148kem pro va\u0161i pistoli KMR, kter\u00fd p\u0159in\u00e1\u0161\u00ed v\u00fdkon a klid, kter\u00fd po\u017eadujete.<\/p>\n","protected":false},"excerpt":{"rendered":"<p>Vysokopevnostn\u00ed \u010dep oto\u010dn\u00e9ho bodu extraktoru pro pistole KMR; p\u0159esn\u00e9 padnut\u00ed a trvanliv\u00e1 povrchov\u00e1 \u00faprava.<\/p>\n","protected":false},"featured_media":23772,"template":"","meta":{"_acf_changed":false},"product_brand":[11490],"product_cat":[12659],"product_tag":[],"class_list":{"0":"post-689350","1":"product","2":"type-product","3":"status-publish","4":"has-post-thumbnail","6":"product_brand-kmr-precision","7":"product_cat-kmr-dily","9":"first","10":"instock","11":"taxable","12":"shipping-taxable","13":"product-type-simple"},"acf":[],"_links":{"self":[{"href":"https:\/\/nbg.eu\/cs\/wp-json\/wp\/v2\/product\/689350","targetHints":{"allow":["GET"]}}],"collection":[{"href":"https:\/\/nbg.eu\/cs\/wp-json\/wp\/v2\/product"}],"about":[{"href":"https:\/\/nbg.eu\/cs\/wp-json\/wp\/v2\/types\/product"}],"wp:featuredmedia":[{"embeddable":true,"href":"https:\/\/nbg.eu\/cs\/wp-json\/wp\/v2\/media\/23772"}],"wp:attachment":[{"href":"https:\/\/nbg.eu\/cs\/wp-json\/wp\/v2\/media?parent=689350"}],"wp:term":[{"taxonomy":"product_brand","embeddable":true,"href":"https:\/\/nbg.eu\/cs\/wp-json\/wp\/v2\/product_brand?post=689350"},{"taxonomy":"product_cat","embeddable":true,"href":"https:\/\/nbg.eu\/cs\/wp-json\/wp\/v2\/product_cat?post=689350"},{"taxonomy":"product_tag","embeddable":true,"href":"https:\/\/nbg.eu\/cs\/wp-json\/wp\/v2\/product_tag?post=689350"}],"curies":[{"name":"wp","href":"https:\/\/api.w.org\/{rel}","templated":true}]}}