{"id":689440,"date":"2024-08-17T15:26:35","date_gmt":"2024-08-17T12:26:35","guid":{"rendered":"https:\/\/nbg.eu\/product\/fiber-optic-front-sight-kmr-625xd1x3-red\/"},"modified":"2026-05-13T16:03:18","modified_gmt":"2026-05-13T13:03:18","slug":"fiber-optic-front-sight-kmr-625xd1x3-red","status":"publish","type":"product","link":"https:\/\/nbg.eu\/cs\/produkt\/fiber-optic-front-sight-kmr-625xd1x3-red\/","title":{"rendered":"KMR Optovl\u00e1knov\u00e1 Mu\u0161ka 6.25xD1x3 \u010cerven\u00e1"},"content":{"rendered":"<h2>Vylep\u0161ete vizov\u00e1n\u00ed va\u0161\u00ed zbran\u011b s FIBER OPTIC FRONT SIGHT KMR 6,25xD1x3 \u010cERVEN\u00dd<\/h2>\n<p>Rozm\u011bry 6,25 x D1 x 3 d\u011blaj\u00ed z tohoto zam\u011b\u0159ovac\u00edho za\u0159\u00edzen\u00ed dokonalou volbu pro va\u0161i zbra\u0148, umo\u017e\u0148uj\u00ed bezprobl\u00e9movou integraci bez naru\u0161en\u00ed celkov\u00e9ho designu. Odoln\u00e1 konstrukce a trvanliv\u00e9 materi\u00e1ly pou\u017eit\u00e9 p\u0159i v\u00fdrob\u011b zaru\u010duj\u00ed dlouhou \u017eivotnost, a to i v n\u00e1ro\u010dn\u00fdch podm\u00ednk\u00e1ch.<\/p>\n<p>A\u0165 u\u017e se \u00fa\u010dastn\u00edte taktick\u00fdch operac\u00ed, sout\u011b\u017en\u00ed st\u0159elby nebo rekrea\u010dn\u00edho pou\u017eit\u00ed, fiber optick\u00fd p\u0159edn\u00ed SIGHT vylep\u0161\u00ed va\u0161e zam\u011b\u0159ovac\u00ed schopnosti a zajist\u00ed v\u00e1m pot\u0159ebnou v\u00fdhodu. Spolehn\u011bte se na tento spolehliv\u00fd a vysoce kvalitn\u00ed dopln\u011bk, kter\u00fd zv\u00fd\u0161\u00ed p\u0159esnost a p\u0159esnost va\u0161\u00ed zbran\u011b.<\/p>\n<p>Pro zbran\u011b KMR:<\/p>\n<p>KMR L-02 ORCA do roku 2023<\/p>\n<p>KMR W-02 UMBRA<\/p>\n<p>Referen\u010dn\u00ed \u010d\u00edslo: 0501-04605-0001<\/p>\n","protected":false},"excerpt":{"rendered":"<p>Vl\u00e1kno optick\u00fdch zam\u011b\u0159ova\u010d\u016f pro zbran\u011b KMR, 6.25xD1x3, \u010derven\u00e9.<\/p>\n","protected":false},"featured_media":24125,"template":"","meta":{"_acf_changed":false},"product_brand":[11490],"product_cat":[12659],"product_tag":[],"class_list":{"0":"post-689440","1":"product","2":"type-product","3":"status-publish","4":"has-post-thumbnail","6":"product_brand-kmr-precision","7":"product_cat-kmr-dily","9":"first","10":"instock","11":"taxable","12":"shipping-taxable","13":"product-type-simple"},"acf":[],"_links":{"self":[{"href":"https:\/\/nbg.eu\/cs\/wp-json\/wp\/v2\/product\/689440","targetHints":{"allow":["GET"]}}],"collection":[{"href":"https:\/\/nbg.eu\/cs\/wp-json\/wp\/v2\/product"}],"about":[{"href":"https:\/\/nbg.eu\/cs\/wp-json\/wp\/v2\/types\/product"}],"wp:featuredmedia":[{"embeddable":true,"href":"https:\/\/nbg.eu\/cs\/wp-json\/wp\/v2\/media\/24125"}],"wp:attachment":[{"href":"https:\/\/nbg.eu\/cs\/wp-json\/wp\/v2\/media?parent=689440"}],"wp:term":[{"taxonomy":"product_brand","embeddable":true,"href":"https:\/\/nbg.eu\/cs\/wp-json\/wp\/v2\/product_brand?post=689440"},{"taxonomy":"product_cat","embeddable":true,"href":"https:\/\/nbg.eu\/cs\/wp-json\/wp\/v2\/product_cat?post=689440"},{"taxonomy":"product_tag","embeddable":true,"href":"https:\/\/nbg.eu\/cs\/wp-json\/wp\/v2\/product_tag?post=689440"}],"curies":[{"name":"wp","href":"https:\/\/api.w.org\/{rel}","templated":true}]}}