{"id":689503,"date":"2024-09-18T14:15:05","date_gmt":"2024-09-18T11:15:05","guid":{"rendered":"https:\/\/nbg.eu\/product\/fiber-optic-front-sight-kmr-675xd1x3-red\/"},"modified":"2026-05-13T16:02:28","modified_gmt":"2026-05-13T13:02:28","slug":"fiber-optic-front-sight-kmr-675xd1x3-red","status":"publish","type":"product","link":"https:\/\/nbg.eu\/cs\/produkt\/fiber-optic-front-sight-kmr-675xd1x3-red\/","title":{"rendered":"KMR Optovl\u00e1knov\u00e1 Mu\u0161ka 6.75xD1x3 \u010cerven\u00e1"},"content":{"rendered":"<h2>Zvy\u0161te p\u0159esnost va\u0161\u00ed zbran\u011b s FIBER OPTIC FRONT SIGHT KMR 6,75xD1x3 RED<\/h2>\n<p>Navr\u017een pro optim\u00e1ln\u00ed v\u00fdkon, FIBER OPTIC FRONT SIGHT KMR 6,75xD1x3 RED je perfektn\u00edm dopl\u0148kem pro va\u0161e KMR zbran\u011b. Toto vysoce kvalitn\u00ed zam\u011b\u0159ovac\u00ed za\u0159\u00edzen\u00ed m\u00e1 optick\u00e9 vl\u00e1kno, kter\u00e9 poskytuje zv\u00fd\u0161enou viditelnost a z\u00edsk\u00e1n\u00ed c\u00edle, a to i za \u0161patn\u00fdch sv\u011bteln\u00fdch podm\u00ednek.<\/p>\n<p>FIBER OPTIC FRONT SIGHT KMR 6,75xD1x3 RED se m\u016f\u017ee pochlubit kompaktn\u00edm a \u0161t\u00edhl\u00fdm designem, kter\u00fd umo\u017e\u0148uje snadnou instalaci a bezprobl\u00e9movou integraci se zbran\u00ed. \u010cerven\u00e1 optick\u00e1 vlo\u017eka zaru\u010duje v\u00fdrazn\u00fd a vysoce viditeln\u00fd zam\u011b\u0159ovac\u00ed obrazec, co\u017e usnad\u0148uje p\u0159esn\u00e9 a rychl\u00e9 zam\u011b\u0159en\u00ed c\u00edle.<\/p>\n<p>Zvy\u0161te p\u0159esnost a v\u00fdkon va\u0161\u00ed zbran\u011b s FIBER OPTIC FRONT SIGHT KMR 6,75xD1x3 RED. Vylep\u0161ete svou KMR palnou zbra\u0148 je\u0161t\u011b dnes a u\u017eijte si rozd\u00edl, kter\u00fd toto v\u00fdjime\u010dn\u00e9 zam\u011b\u0159ovac\u00ed za\u0159\u00edzen\u00ed dok\u00e1\u017ee ud\u011blat.<\/p>\n","protected":false},"excerpt":{"rendered":"<p>Optick\u00e9 vl\u00e1kno m\u00ed\u0159idla pro zbra\u0148ov\u00e9 modely KMR, 6,75x1x3 \u010derven\u00e1.<\/p>\n","protected":false},"featured_media":24148,"template":"","meta":{"_acf_changed":false},"product_brand":[11490],"product_cat":[12659],"product_tag":[],"class_list":{"0":"post-689503","1":"product","2":"type-product","3":"status-publish","4":"has-post-thumbnail","6":"product_brand-kmr-precision","7":"product_cat-kmr-dily","9":"first","10":"instock","11":"taxable","12":"shipping-taxable","13":"product-type-simple"},"acf":[],"_links":{"self":[{"href":"https:\/\/nbg.eu\/cs\/wp-json\/wp\/v2\/product\/689503","targetHints":{"allow":["GET"]}}],"collection":[{"href":"https:\/\/nbg.eu\/cs\/wp-json\/wp\/v2\/product"}],"about":[{"href":"https:\/\/nbg.eu\/cs\/wp-json\/wp\/v2\/types\/product"}],"wp:featuredmedia":[{"embeddable":true,"href":"https:\/\/nbg.eu\/cs\/wp-json\/wp\/v2\/media\/24148"}],"wp:attachment":[{"href":"https:\/\/nbg.eu\/cs\/wp-json\/wp\/v2\/media?parent=689503"}],"wp:term":[{"taxonomy":"product_brand","embeddable":true,"href":"https:\/\/nbg.eu\/cs\/wp-json\/wp\/v2\/product_brand?post=689503"},{"taxonomy":"product_cat","embeddable":true,"href":"https:\/\/nbg.eu\/cs\/wp-json\/wp\/v2\/product_cat?post=689503"},{"taxonomy":"product_tag","embeddable":true,"href":"https:\/\/nbg.eu\/cs\/wp-json\/wp\/v2\/product_tag?post=689503"}],"curies":[{"name":"wp","href":"https:\/\/api.w.org\/{rel}","templated":true}]}}