{"id":689723,"date":"2024-08-17T15:11:05","date_gmt":"2024-08-17T12:11:05","guid":{"rendered":"https:\/\/nbg.eu\/product\/firing-pin-3x16-kmr\/"},"modified":"2026-05-13T16:02:51","modified_gmt":"2026-05-13T13:02:51","slug":"firing-pin-3x16-kmr","status":"publish","type":"product","link":"https:\/\/nbg.eu\/cs\/produkt\/firing-pin-3x16-kmr\/","title":{"rendered":"KMR Zaji\u0161\u0165ovac\u00ed \u010cep Z\u00e1paln\u00edku 3&#215;16 S-02"},"content":{"rendered":"<h2>Bic\u00ed kol\u00edk 3X16 KMR: Spolehlivost zapalov\u00e1n\u00ed ur\u010den\u00e1 pro sportovn\u00ed st\u0159elbu<\/h2>\n<p>Navr\u017een\u00fd pro n\u00e1roky sportovn\u00ed st\u0159elby, Bic\u00ed kol\u00edk 3X16 KMR poskytuje nekompromisn\u00ed spolehlivost zapalov\u00e1n\u00ed a odolnost proti n\u00e1raz\u016fm. P\u0159esn\u011b obroben\u00fd na rozm\u011bry 3&#215;16 mm z vysoce kvalitn\u00ed kalen\u00e9 oceli, tento bic\u00ed kol\u00edk je navr\u017een, aby odolal opakovan\u00e9mu mechanick\u00e9mu nam\u00e1h\u00e1n\u00ed rychl\u00e9 st\u0159elby bez deformace nebo ust\u0159i\u017een\u00ed hrotu.<\/p>\n<p>Konzistentn\u00ed, centrovan\u00e9 \u00fadery na z\u00e1palku zabra\u0148uj\u00ed lehk\u00fdm \u00fader\u016fm nebo selh\u00e1n\u00ed, zaji\u0161\u0165uj\u00ed spolehliv\u00e9 zapalov\u00e1n\u00ed p\u0159i ka\u017ed\u00e9m v\u00fdst\u0159elu. Robustn\u00ed konstrukce a p\u0159esn\u00e9 tolerance Bic\u00edho kol\u00edku 3X16 KMR z n\u011bj d\u011blaj\u00ed nezbytn\u00e9 vylep\u0161en\u00ed pro v\u00e1\u017en\u00e9 sportovn\u00ed st\u0159elce, kte\u0159\u00ed usiluj\u00ed o maximalizaci sv\u00e9ho v\u00fdkonu a eliminaci poruch.<\/p>\n<p>A\u0165 u\u017e se pou\u0161t\u00edte do v\u00fdzev z\u00e1vodu 3-gun nebo tla\u010d\u00edte hranice schopnost\u00ed sv\u00e9 pistole KMR, Bic\u00ed kol\u00edk 3X16 KMR v\u00e1m poskytne spolehliv\u00e9 zapalov\u00e1n\u00ed a dlouhotrvaj\u00edc\u00ed trvanlivost, kterou pot\u0159ebujete k \u00fasp\u011bchu. Upgradujte svou KMR je\u0161t\u011b dnes a za\u017eijte rozd\u00edl, kter\u00fd m\u016f\u017ee p\u0159in\u00e9st precizn\u00ed in\u017een\u00fdrstv\u00ed.<\/p>\n","protected":false},"excerpt":{"rendered":"<p>P\u0159esn\u00fd ocelov\u00fd z\u00e1paln\u00edk 3&#215;16 mm, konstruovan\u00fd pro spolehliv\u00e9 zapalov\u00e1n\u00ed a odolnost proti n\u00e1razu v pistol\u00edch KMR.<\/p>\n","protected":false},"featured_media":23987,"template":"","meta":{"_acf_changed":false},"product_brand":[11490],"product_cat":[12659,14761],"product_tag":[],"class_list":{"0":"post-689723","1":"product","2":"type-product","3":"status-publish","4":"has-post-thumbnail","6":"product_brand-kmr-precision","7":"product_cat-kmr-dily","8":"product_cat-uderniky","10":"first","11":"instock","12":"taxable","13":"shipping-taxable","14":"product-type-simple"},"acf":[],"_links":{"self":[{"href":"https:\/\/nbg.eu\/cs\/wp-json\/wp\/v2\/product\/689723","targetHints":{"allow":["GET"]}}],"collection":[{"href":"https:\/\/nbg.eu\/cs\/wp-json\/wp\/v2\/product"}],"about":[{"href":"https:\/\/nbg.eu\/cs\/wp-json\/wp\/v2\/types\/product"}],"wp:featuredmedia":[{"embeddable":true,"href":"https:\/\/nbg.eu\/cs\/wp-json\/wp\/v2\/media\/23987"}],"wp:attachment":[{"href":"https:\/\/nbg.eu\/cs\/wp-json\/wp\/v2\/media?parent=689723"}],"wp:term":[{"taxonomy":"product_brand","embeddable":true,"href":"https:\/\/nbg.eu\/cs\/wp-json\/wp\/v2\/product_brand?post=689723"},{"taxonomy":"product_cat","embeddable":true,"href":"https:\/\/nbg.eu\/cs\/wp-json\/wp\/v2\/product_cat?post=689723"},{"taxonomy":"product_tag","embeddable":true,"href":"https:\/\/nbg.eu\/cs\/wp-json\/wp\/v2\/product_tag?post=689723"}],"curies":[{"name":"wp","href":"https:\/\/api.w.org\/{rel}","templated":true}]}}