{"id":689792,"date":"2024-08-18T11:10:20","date_gmt":"2024-08-18T08:10:20","guid":{"rendered":"https:\/\/nbg.eu\/product\/firing-pin-screw-m4x5-din-913-kmr\/"},"modified":"2026-02-27T11:54:57","modified_gmt":"2026-02-27T08:54:57","slug":"firing-pin-screw-m4x5-din-913-kmr","status":"publish","type":"product","link":"https:\/\/nbg.eu\/cs\/produkt\/firing-pin-screw-m4x5-din-913-kmr\/","title":{"rendered":"\u0160roub z\u00e1palky M4X5 DIN 913 KMR"},"content":{"rendered":"<h2>\u0160roub pojistky M4X5 Din 913 KMR<\/h2>\n<p>P\u0159esn\u011b vyroben\u00fd podle specifikac\u00ed, \u0161roub pojistky M4X5 Din 913 KMR je zhotoven z vysoce kvalitn\u00edch materi\u00e1l\u016f, aby odolal n\u00e1ro\u010dn\u00e9mu pou\u017eit\u00ed. Jeho rozm\u011bry M4 x 5 mm a konfigurace DIN 913 ho \u010din\u00ed perfektn\u011b vhodn\u00fdm pro ur\u010den\u00e9 modely zbran\u00ed KMR, poskytuj\u00edc pevn\u00e9 a spolehliv\u00e9 p\u0159ipojovac\u00ed m\u00edsto pro st\u0159eleck\u00fd mechanismus.<\/p>\n<p>A\u0165 u\u017e prov\u00e1d\u00edte \u00fadr\u017ebu, opravy nebo vylep\u0161ov\u00e1n\u00ed sv\u00e9ho zbra\u0148ov\u00e9ho syst\u00e9mu KMR, \u0161roub pojistky M4X5 Din 913 KMR je z\u00e1sadn\u00ed sou\u010d\u00e1stkou, kterou je t\u0159eba m\u00edt po ruce. Jeho odolnost a precizn\u00ed konstruk\u010dn\u00ed proveden\u00ed zaji\u0161\u0165uj\u00ed konzistentn\u00ed a spolehliv\u00fd v\u00fdkon, p\u0159isp\u00edvaj\u00edc\u00ed k celkov\u00e9 spolehlivosti a efektivit\u011b va\u0161\u00ed zbran\u011b.<\/p>\n<p>Pro zbran\u011b KMR:<\/p>\n<p>KMR S-01 LANCE (OR)<\/p>\n<p>KMR S-02 10 (OR) SR ADA<\/p>\n<p>KMR S-02 75 (OR) SR ADA<\/p>\n<p>KMR S-02 od 2024<\/p>\n<p>KMR S-02 SH1 (OR) SR ADA<\/p>\n<p>KMR S-02 SH2 (OR) SR ADA<\/p>\n<p>KMR S-02 TS (OR) SR ADA<\/p>\n<p>KMR S-02 do 2023<\/p>\n","protected":false},"excerpt":{"rendered":"<p>\u0160roub z\u00e1paln\u00edku M4X5 Din 913 pro modely KMR.<\/p>\n","protected":false},"featured_media":25330,"template":"","meta":{"_acf_changed":false},"product_brand":[11490],"product_cat":[12659,14761],"product_tag":[],"class_list":{"0":"post-689792","1":"product","2":"type-product","3":"status-publish","4":"has-post-thumbnail","6":"product_brand-kmr-precision","7":"product_cat-kmr-dily","8":"product_cat-uderniky","10":"first","11":"instock","12":"taxable","13":"shipping-taxable","14":"product-type-simple"},"acf":[],"_links":{"self":[{"href":"https:\/\/nbg.eu\/cs\/wp-json\/wp\/v2\/product\/689792","targetHints":{"allow":["GET"]}}],"collection":[{"href":"https:\/\/nbg.eu\/cs\/wp-json\/wp\/v2\/product"}],"about":[{"href":"https:\/\/nbg.eu\/cs\/wp-json\/wp\/v2\/types\/product"}],"wp:featuredmedia":[{"embeddable":true,"href":"https:\/\/nbg.eu\/cs\/wp-json\/wp\/v2\/media\/25330"}],"wp:attachment":[{"href":"https:\/\/nbg.eu\/cs\/wp-json\/wp\/v2\/media?parent=689792"}],"wp:term":[{"taxonomy":"product_brand","embeddable":true,"href":"https:\/\/nbg.eu\/cs\/wp-json\/wp\/v2\/product_brand?post=689792"},{"taxonomy":"product_cat","embeddable":true,"href":"https:\/\/nbg.eu\/cs\/wp-json\/wp\/v2\/product_cat?post=689792"},{"taxonomy":"product_tag","embeddable":true,"href":"https:\/\/nbg.eu\/cs\/wp-json\/wp\/v2\/product_tag?post=689792"}],"curies":[{"name":"wp","href":"https:\/\/api.w.org\/{rel}","templated":true}]}}