{"id":689822,"date":"2025-03-02T20:05:35","date_gmt":"2025-03-02T17:05:35","guid":{"rendered":"https:\/\/nbg.eu\/product\/fox-classic-hunter\/"},"modified":"2026-05-13T15:11:46","modified_gmt":"2026-05-13T12:11:46","slug":"fox-classic-hunter","status":"publish","type":"product","link":"https:\/\/nbg.eu\/cs\/produkt\/fox-classic-hunter\/","title":{"rendered":"Fox Classic hunter"},"content":{"rendered":"<h2>N\u00e1boje Fox Classic Hunter: Mimo\u0159\u00e1dn\u011b p\u0159esn\u00e9 a v\u00fdkonn\u00e9 bez obsahu olova<\/h2>\n<p>Navr\u017eeno, aby vyhov\u011blo p\u0159\u00edsn\u00fdm po\u017eadavk\u016fm evropsk\u00e9ho lovu, n\u00e1boje Fox Classic Hunter poskytuj\u00ed kompromisn\u00ed v\u00fdkon a etick\u00fd lov bez obsahu olova. Vyrobeny ze slitiny m\u011bdi a zinku, tyto pr\u00e9miov\u00e9 n\u00e1boje maj\u00ed design s dvojit\u00fdm pr\u016fm\u011brem rozta\u017een\u00ed a vysok\u00fdm balistick\u00fdm koeficientem (BC) pro ploch\u00e9 trajektorie a devastuj\u00edc\u00ed koncovou balistiku.<\/p>\n<p>Lovci hledaj\u00edc\u00ed spolehlivou munici bez obsahu olova si mohou b\u00fdt jisti, \u017ee n\u00e1boje Fox Classic Hunter poskytnou hlubok\u00e9 vniknut\u00ed a maxim\u00e1ln\u00ed hmotnostn\u00ed setrva\u010dnost po\u017eadovanou pro \u010distou a etickou likvidaci. Vylou\u010den\u00edm kontaminace olovem z\u016fst\u00e1v\u00e1 maso zcela neporu\u0161en\u00e9 a bezpe\u010dn\u00e9 pro konzumaci, co\u017e v\u00e1m umo\u017en\u00ed pln\u011b si u\u017e\u00edt ovoce va\u0161eho lovu.<\/p>\n<p>S pokro\u010dil\u00fdm designem a materi\u00e1lov\u00fdm slo\u017een\u00edm v\u00e1m n\u00e1boje Fox Classic Hunter poskytnou v\u00fdkon, kter\u00fd po\u017eadujete, ani\u017e byste museli kompromitovat va\u0161e hodnoty. Za\u017eijte dokonalou rovnov\u00e1hu p\u0159esnosti, s\u00edly a environment\u00e1ln\u00ed odpov\u011bdnosti s ka\u017ed\u00fdm v\u00fdst\u0159elem.<\/p>\n","protected":false},"excerpt":{"rendered":"<p>Lov na li\u0161ky Classic Hunter: Loveck\u00e9 n\u00e1boje bez obsahu olova s ni\u010divou balistickou \u00fa\u010dinnost\u00ed.<\/p>\n","protected":false},"featured_media":0,"template":"","meta":{"_acf_changed":false},"product_brand":[],"product_cat":[12725],"product_tag":[],"class_list":{"0":"post-689822","1":"product","2":"type-product","3":"status-publish","5":"product_cat-nezarazeno","7":"first","8":"instock","9":"taxable","10":"shipping-taxable","11":"purchasable","12":"product-type-variable","13":"wvs-archive-product-wrapper"},"acf":[],"_links":{"self":[{"href":"https:\/\/nbg.eu\/cs\/wp-json\/wp\/v2\/product\/689822","targetHints":{"allow":["GET"]}}],"collection":[{"href":"https:\/\/nbg.eu\/cs\/wp-json\/wp\/v2\/product"}],"about":[{"href":"https:\/\/nbg.eu\/cs\/wp-json\/wp\/v2\/types\/product"}],"wp:attachment":[{"href":"https:\/\/nbg.eu\/cs\/wp-json\/wp\/v2\/media?parent=689822"}],"wp:term":[{"taxonomy":"product_brand","embeddable":true,"href":"https:\/\/nbg.eu\/cs\/wp-json\/wp\/v2\/product_brand?post=689822"},{"taxonomy":"product_cat","embeddable":true,"href":"https:\/\/nbg.eu\/cs\/wp-json\/wp\/v2\/product_cat?post=689822"},{"taxonomy":"product_tag","embeddable":true,"href":"https:\/\/nbg.eu\/cs\/wp-json\/wp\/v2\/product_tag?post=689822"}],"curies":[{"name":"wp","href":"https:\/\/api.w.org\/{rel}","templated":true}]}}