{"id":689995,"date":"2024-08-24T16:34:19","date_gmt":"2024-08-24T13:34:19","guid":{"rendered":"https:\/\/nbg.eu\/product\/flex-holster-right-hand-color-inlays\/"},"modified":"2025-12-28T21:30:48","modified_gmt":"2025-12-28T18:30:48","slug":"flex-holster-right-hand-color-inlays","status":"publish","type":"product","link":"https:\/\/nbg.eu\/cs\/produkt\/flex-holster-right-hand-color-inlays\/","title":{"rendered":"Flex Holster Right Hand Color Inlays"},"content":{"rendered":"<div class=\"product-description\">\n<h2>Flex Holster Right Hand Color Inlays<\/h2>\n<p>P\u0159izp\u016fsobte si sv\u016fj pravostrann\u00fd pouzdro Flex na\u0161imi p\u0159esn\u011b laserem \u0159ezan\u00fdmi plastov\u00fdmi logotypov\u00fdmi vlo\u017ekami. Tyto v\u00fdrazn\u00e9 barevn\u00e9 akcenty dodaj\u00ed va\u0161emu pouzdru osobn\u00ed dotek, ani\u017e by naru\u0161ily jeho elegantn\u00ed design.<\/p>\n<ul>\n<li>Snadn\u00e1 instalace s p\u0159edem aplikovanou 3M lepic\u00ed p\u00e1skou<\/li>\n<li>Odn\u00edmateln\u00e9 a vym\u011bniteln\u00e9 pro budouc\u00ed zm\u011bny barev<\/li>\n<li>V\u010detn\u011b transparentn\u00ed ochrann\u00e9 f\u00f3lie (odn\u00edmateln\u00e9 pro nejlep\u0161\u00ed vzhled)<\/li>\n<li>Navr\u017eeno speci\u00e1ln\u011b pro t\u011bla pravostrann\u00fdch pouzder Flex<\/li>\n<\/ul>\n<p><strong>Pozn\u00e1mka:<\/strong> A\u010dkoli lze vlo\u017eky odstranit a vym\u011bnit, bu\u010fte si v\u011bdomi, \u017ee p\u0159i jejich vyjmut\u00ed se m\u016f\u017ee p\u016fvodn\u00ed vlo\u017eka po\u0161kodit. P\u0159i zm\u011bn\u011b barev bu\u010fte opatrn\u00ed, abyste zajistili hladk\u00fd p\u0159echod.<\/p>\n<p>Zvy\u0161te styl sv\u00e9ho pouzdra d\u00edky t\u011bmto n\u00e1padn\u00fdm barevn\u00fdm vlo\u017ek\u00e1m ji\u017e dnes!<\/p>\n<\/div>\n","protected":false},"excerpt":{"rendered":"<p>P\u0159izp\u016fsobiteln\u00e9 barevn\u00e9 vlo\u017eky pro pravostrann\u00e9 pru\u017en\u00e9 pouzdra. Snadn\u00e1 instalace.<\/p>\n","protected":false},"featured_media":29646,"template":"","meta":{"_acf_changed":false},"product_brand":[11265],"product_cat":[12690,12696,12717],"product_tag":[],"class_list":{"0":"post-689995","1":"product","2":"type-product","3":"status-publish","4":"has-post-thumbnail","6":"product_brand-doublealpha","7":"product_cat-prislusenstvi-pro-pouzdra","8":"product_cat-sportovni-pouzdro","9":"product_cat-vybava","11":"first","12":"instock","13":"taxable","14":"shipping-taxable","15":"purchasable","16":"product-type-variable","17":"wvs-archive-product-wrapper"},"acf":[],"_links":{"self":[{"href":"https:\/\/nbg.eu\/cs\/wp-json\/wp\/v2\/product\/689995","targetHints":{"allow":["GET"]}}],"collection":[{"href":"https:\/\/nbg.eu\/cs\/wp-json\/wp\/v2\/product"}],"about":[{"href":"https:\/\/nbg.eu\/cs\/wp-json\/wp\/v2\/types\/product"}],"wp:featuredmedia":[{"embeddable":true,"href":"https:\/\/nbg.eu\/cs\/wp-json\/wp\/v2\/media\/29646"}],"wp:attachment":[{"href":"https:\/\/nbg.eu\/cs\/wp-json\/wp\/v2\/media?parent=689995"}],"wp:term":[{"taxonomy":"product_brand","embeddable":true,"href":"https:\/\/nbg.eu\/cs\/wp-json\/wp\/v2\/product_brand?post=689995"},{"taxonomy":"product_cat","embeddable":true,"href":"https:\/\/nbg.eu\/cs\/wp-json\/wp\/v2\/product_cat?post=689995"},{"taxonomy":"product_tag","embeddable":true,"href":"https:\/\/nbg.eu\/cs\/wp-json\/wp\/v2\/product_tag?post=689995"}],"curies":[{"name":"wp","href":"https:\/\/api.w.org\/{rel}","templated":true}]}}