{"id":690277,"date":"2024-09-17T22:42:30","date_gmt":"2024-09-17T19:42:30","guid":{"rendered":"https:\/\/nbg.eu\/product\/firing-pin-spring-kmr\/"},"modified":"2026-05-13T16:04:39","modified_gmt":"2026-05-13T13:04:39","slug":"firing-pin-spring-kmr","status":"publish","type":"product","link":"https:\/\/nbg.eu\/cs\/produkt\/firing-pin-spring-kmr\/","title":{"rendered":"KMR Pru\u017eina Z\u00e1paln\u00edku"},"content":{"rendered":"<h2>Jarn\u00ed spou\u0161\u0165ov\u00fd \u010dep KMR<\/h2>\n<p>Jarn\u00ed spou\u0161\u0165ov\u00fd \u010dep KMR je kritick\u00e1 sou\u010d\u00e1stka pro \u0159adu zbra\u0148ov\u00fdch syst\u00e9m\u016f, navr\u017een\u00e1 tak, aby zajistila spolehliv\u00fd a konzistentn\u00ed v\u00fdkon ve va\u0161ich zbran\u00edch KMR. Tato pru\u017eina je zkonstruov\u00e1na tak, aby poskytovala pot\u0159ebn\u00e9 nap\u011bt\u00ed a s\u00edlu k uveden\u00ed spou\u0161\u0165ov\u00e9ho \u010depu do pohybu, zaji\u0161\u0165uj\u00edc tak hladk\u00e9 a spolehliv\u00e9 spou\u0161t\u011bn\u00ed poka\u017ed\u00e9.<\/p>\n<p>Tento spou\u0161\u0165ov\u00fd \u010dep je nezbytnou n\u00e1hradn\u00ed sou\u010d\u00e1st\u00ed pro udr\u017een\u00ed funk\u010dnosti va\u0161\u00ed zbran\u011b v nejlep\u0161\u00edm stavu.<\/p>\n<p>Vyrobeno z vysoce kvalitn\u00edch materi\u00e1l\u016f a p\u0159esn\u011b konstruov\u00e1no podle n\u00e1ro\u010dn\u00fdch norem, Jarn\u00ed spou\u0161\u0165ov\u00fd \u010dep KMR zaji\u0161\u0165uje optim\u00e1ln\u00ed v\u00fdkon a trvanlivost, a to i za nejn\u00e1ro\u010dn\u011bj\u0161\u00edch podm\u00ednek. A\u0165 u\u017e jste z\u00e1vodn\u00ed st\u0159elec nebo odpov\u011bdn\u00fd majitel zbran\u011b, tento spou\u0161\u0165ov\u00fd \u010dep je kritickou sou\u010d\u00e1stkou pro udr\u017een\u00ed spolehlivosti a v\u00fdkonu va\u0161\u00ed zbran\u011b KMR.<\/p>\n<\/p>\n<p>Pro zbran\u011b KMR:\n<\/p>\n<p>KMR L-02 EMIQ<\/p>\n<\/p>\n<p>KMR L-02 EMIQ (OR)<\/p>\n<\/p>\n<p>KMR L-02 ORCA OD 2024<\/p>\n<\/p>\n<p>KMR L-02 ORCA DO 2023<\/p>\n<\/p>\n<p>KMR L-02 SPECTRA OD 2024<\/p>\n<\/p>\n<p>KMR L-02 SPECTRA DO 2023<\/p>\n<\/p>\n<p>KMR L-02 UMBRA (OR) SR<\/p>\n<\/p>\n<p>KMR W-02 CUDA (OR)<\/p>\n<\/p>\n<p>KMR W-02 UMBRA<\/p>\n<\/p>\n<p>KMR W-02 UMBRA (OR)<\/p>\n","protected":false},"excerpt":{"rendered":"<p>Pru\u017eina z\u00e1v\u011brov\u00e9ho klad\u00edvka pro zbran\u011b s\u00e9rie KMR, kompatibiln\u00ed modely uvedeny.<\/p>\n","protected":false},"featured_media":24938,"template":"","meta":{"_acf_changed":false},"product_brand":[11490],"product_cat":[12659,12677],"product_tag":[],"class_list":{"0":"post-690277","1":"product","2":"type-product","3":"status-publish","4":"has-post-thumbnail","6":"product_brand-kmr-precision","7":"product_cat-kmr-dily","8":"product_cat-pruziny","10":"first","11":"instock","12":"taxable","13":"shipping-taxable","14":"product-type-simple"},"acf":[],"_links":{"self":[{"href":"https:\/\/nbg.eu\/cs\/wp-json\/wp\/v2\/product\/690277","targetHints":{"allow":["GET"]}}],"collection":[{"href":"https:\/\/nbg.eu\/cs\/wp-json\/wp\/v2\/product"}],"about":[{"href":"https:\/\/nbg.eu\/cs\/wp-json\/wp\/v2\/types\/product"}],"wp:featuredmedia":[{"embeddable":true,"href":"https:\/\/nbg.eu\/cs\/wp-json\/wp\/v2\/media\/24938"}],"wp:attachment":[{"href":"https:\/\/nbg.eu\/cs\/wp-json\/wp\/v2\/media?parent=690277"}],"wp:term":[{"taxonomy":"product_brand","embeddable":true,"href":"https:\/\/nbg.eu\/cs\/wp-json\/wp\/v2\/product_brand?post=690277"},{"taxonomy":"product_cat","embeddable":true,"href":"https:\/\/nbg.eu\/cs\/wp-json\/wp\/v2\/product_cat?post=690277"},{"taxonomy":"product_tag","embeddable":true,"href":"https:\/\/nbg.eu\/cs\/wp-json\/wp\/v2\/product_tag?post=690277"}],"curies":[{"name":"wp","href":"https:\/\/api.w.org\/{rel}","templated":true}]}}