{"id":690527,"date":"2024-08-18T11:12:46","date_gmt":"2024-08-18T08:12:46","guid":{"rendered":"https:\/\/nbg.eu\/product\/front-sight-screw-m3x3-din-914-kmr\/"},"modified":"2026-05-13T15:10:00","modified_gmt":"2026-05-13T12:10:00","slug":"front-sight-screw-m3x3-din-914-kmr","status":"publish","type":"product","link":"https:\/\/nbg.eu\/cs\/produkt\/front-sight-screw-m3x3-din-914-kmr\/","title":{"rendered":"KMR \u0160roub Mu\u0161ky M3x3 DIN 914"},"content":{"rendered":"<h2>\u0160roub pro p\u0159edn\u00ed m\u00ed\u0159idla M3X3 Din 914 KMR<\/h2>\n<p>Vylep\u0161ete v\u00fdkon sv\u00e9 zbran\u011b se \u0161roubem pro p\u0159edn\u00ed m\u00ed\u0159idla M3X3 Din 914 KMR. Navr\u017een\u00fd pro kompatibilitu s \u0161irokou \u0161k\u00e1lou model\u016f KMR, tento \u0161roub zaji\u0161\u0165uje bezpe\u010dn\u00e9 a p\u0159esn\u00e9 nasazen\u00ed, zlep\u0161uje stabilitu a p\u0159esnost va\u0161\u00ed paln\u00e9 zbran\u011b. Vyroben\u00fd z vysoce kvalitn\u00edch materi\u00e1l\u016f, \u0161roub pro p\u0159edn\u00ed m\u00ed\u0159idla M3X3 Din 914 KMR je vytvo\u0159en, aby vydr\u017eel n\u00e1roky taktick\u00e9ho a sout\u011b\u017en\u00edho prost\u0159ed\u00ed.<\/p>\n<p>Pro zbran\u011b KMR:<\/p>\n<p>KMR L-02 EMIQ (OR)<\/p>\n<p>KMR L-02 ORCA OD ROKU 2024<\/p>\n<p>KMR L-02 ORCA DO ROKU 2023<\/p>\n<p>KMR L-02 SPECTRA OD ROKU 2024<\/p>\n<p>KMR L-02 SPECTRA DO ROKU 2023<\/p>\n<p>KMR L-02 UMBRA (OR) SR<\/p>\n<p>KMR S-01 LANCE (OR)<\/p>\n<p>KMR S-02 10 (OR) SR ADA<\/p>\n<p>KMR S-02 75 (OR) SR ADA<\/p>\n<p>KMR S-02 OD ROKU 2024<\/p>\n<p>KMR S-02 SH1 (OR) SR ADA<\/p>\n<p>KMR S-02 SH2 (OR) SR ADA<\/p>\n<p>KMR S-02 TS (OR) SR ADA<\/p>\n<p>KMR S-02 DO ROKU 2023<\/p>\n<p>KMR W-02 CUDA (OR)<\/p>\n<p>KMR W-02 UMBRA<\/p>\n<p>KMR W-02 UMBRA (OR)<\/p>\n","protected":false},"excerpt":{"rendered":"<p>\u0160roub p\u0159edn\u00edho m\u00ed\u0159idla M3X3 Din 914 pro zbra\u0148ov\u00e9 modely KMR.<\/p>\n","protected":false},"featured_media":25399,"template":"","meta":{"_acf_changed":false},"product_brand":[11490],"product_cat":[12659],"product_tag":[],"class_list":{"0":"post-690527","1":"product","2":"type-product","3":"status-publish","4":"has-post-thumbnail","6":"product_brand-kmr-precision","7":"product_cat-kmr-dily","9":"first","10":"instock","11":"taxable","12":"shipping-taxable","13":"product-type-simple"},"acf":[],"_links":{"self":[{"href":"https:\/\/nbg.eu\/cs\/wp-json\/wp\/v2\/product\/690527","targetHints":{"allow":["GET"]}}],"collection":[{"href":"https:\/\/nbg.eu\/cs\/wp-json\/wp\/v2\/product"}],"about":[{"href":"https:\/\/nbg.eu\/cs\/wp-json\/wp\/v2\/types\/product"}],"wp:featuredmedia":[{"embeddable":true,"href":"https:\/\/nbg.eu\/cs\/wp-json\/wp\/v2\/media\/25399"}],"wp:attachment":[{"href":"https:\/\/nbg.eu\/cs\/wp-json\/wp\/v2\/media?parent=690527"}],"wp:term":[{"taxonomy":"product_brand","embeddable":true,"href":"https:\/\/nbg.eu\/cs\/wp-json\/wp\/v2\/product_brand?post=690527"},{"taxonomy":"product_cat","embeddable":true,"href":"https:\/\/nbg.eu\/cs\/wp-json\/wp\/v2\/product_cat?post=690527"},{"taxonomy":"product_tag","embeddable":true,"href":"https:\/\/nbg.eu\/cs\/wp-json\/wp\/v2\/product_tag?post=690527"}],"curies":[{"name":"wp","href":"https:\/\/api.w.org\/{rel}","templated":true}]}}