{"id":690547,"date":"2024-11-27T10:37:53","date_gmt":"2024-11-27T07:37:53","guid":{"rendered":"https:\/\/nbg.eu\/product\/geissele-20-round-6mm-arc-magazine-black\/"},"modified":"2026-05-13T16:02:28","modified_gmt":"2026-05-13T13:02:28","slug":"geissele-20-round-6mm-arc-magazine-black","status":"publish","type":"product","link":"https:\/\/nbg.eu\/cs\/produkt\/geissele-20-round-6mm-arc-magazine-black\/","title":{"rendered":"Geissele Z\u00e1sobn\u00edk 6mm ARC 20 N\u00e1boj\u016f &#8211; Black"},"content":{"rendered":"<div class=\"product-description\">\n<h2>Geissele 20 round 6mm ARC Magazine \u2013 Black<\/h2>\n<p>Za\u017eijte nep\u0159ekonatelnou trvanlivost a spolehlivost s Geissele z\u00e1sobn\u00edkem pro 6mm ARC. P\u0159esn\u011b navr\u017een\u00fd pro 6mm ARC n\u00e1boj, tento 20-ti rann\u00fd z\u00e1sobn\u00edk se py\u0161n\u00ed robustn\u00ed jednod\u00edlnou konstrukc\u00ed a laserov\u00fdm sva\u0159ov\u00e1n\u00edm pro mimo\u0159\u00e1dnou pevnost.<\/p>\n<ul>\n<li>Vysoce odoln\u00e9 t\u011blo z 410 nerezov\u00e9 oceli s \u010dern\u00fdm nitridov\u00fdm povlakem<\/li>\n<li>Antiklopn\u00fd podava\u010d zaji\u0161\u0165uje plynul\u00e9 pod\u00e1v\u00e1n\u00ed<\/li>\n<li>Korozivzdorn\u00fd design pro dlouhou \u017eivotnost<\/li>\n<li>Pru\u017eina z nerezov\u00e9 oceli pro konzistentn\u00ed v\u00fdkon<\/li>\n<li>Celkov\u00e1 d\u00e9lka: 6,1 palce<\/li>\n<li>Vyrobeno v USA<\/li>\n<\/ul>\n<p>Povy\u0161te sv\u016fj z\u00e1\u017eitek ze st\u0159elby d\u00edky Geissele z\u00e1vazn\u00e9mu postoji ke kvalit\u011b a preciznosti. Tento z\u00e1sobn\u00edk je vyroben tak, aby vydr\u017eel drsn\u00e9 zach\u00e1zen\u00ed, a p\u0159itom si zachoval bezchybnou funk\u010dnost. Volte Geissele pro nekompromisn\u00ed v\u00fdkon v ka\u017ed\u00e9m n\u00e1boji.<\/p>\n<\/div>\n","protected":false},"excerpt":{"rendered":"<p>Trvanliv\u00fd z\u00e1sobn\u00edk na 20 n\u00e1boj\u016f 6mm ARC. Odoln\u00fd proti sklouz\u00e1v\u00e1n\u00ed, odoln\u00fd proti korozi. Vyrobeno v USA.<\/p>\n","protected":false},"featured_media":81837,"template":"","meta":{"_acf_changed":false},"product_brand":[11377],"product_cat":[12709,12716],"product_tag":[],"class_list":{"0":"post-690547","1":"product","2":"type-product","3":"status-publish","4":"has-post-thumbnail","6":"product_brand-geissele","7":"product_cat-puska","8":"product_cat-zasobniky-na-pusky","10":"first","11":"instock","12":"taxable","13":"shipping-taxable","14":"product-type-simple"},"acf":[],"_links":{"self":[{"href":"https:\/\/nbg.eu\/cs\/wp-json\/wp\/v2\/product\/690547","targetHints":{"allow":["GET"]}}],"collection":[{"href":"https:\/\/nbg.eu\/cs\/wp-json\/wp\/v2\/product"}],"about":[{"href":"https:\/\/nbg.eu\/cs\/wp-json\/wp\/v2\/types\/product"}],"wp:featuredmedia":[{"embeddable":true,"href":"https:\/\/nbg.eu\/cs\/wp-json\/wp\/v2\/media\/81837"}],"wp:attachment":[{"href":"https:\/\/nbg.eu\/cs\/wp-json\/wp\/v2\/media?parent=690547"}],"wp:term":[{"taxonomy":"product_brand","embeddable":true,"href":"https:\/\/nbg.eu\/cs\/wp-json\/wp\/v2\/product_brand?post=690547"},{"taxonomy":"product_cat","embeddable":true,"href":"https:\/\/nbg.eu\/cs\/wp-json\/wp\/v2\/product_cat?post=690547"},{"taxonomy":"product_tag","embeddable":true,"href":"https:\/\/nbg.eu\/cs\/wp-json\/wp\/v2\/product_tag?post=690547"}],"curies":[{"name":"wp","href":"https:\/\/api.w.org\/{rel}","templated":true}]}}