{"id":690592,"date":"2025-08-20T18:30:18","date_gmt":"2025-08-20T15:30:18","guid":{"rendered":"https:\/\/nbg.eu\/product\/german-tactical-systems-adjustable-ak-rear-sight\/"},"modified":"2026-05-13T16:48:56","modified_gmt":"2026-05-13T13:48:56","slug":"german-tactical-systems-adjustable-ak-rear-sight","status":"publish","type":"product","link":"https:\/\/nbg.eu\/cs\/produkt\/german-tactical-systems-adjustable-ak-rear-sight\/","title":{"rendered":"GERMAN TACTICAL SYSTEMS Adjustable AK Rear Sight"},"content":{"rendered":"<h2>N\u011aMECK\u00c9 TAKTICK\u00c9 SYST\u00c9MY Nastaviteln\u00e1 zadn\u00ed m\u00ed\u0159idla AK<\/h2>\n<p>Vylep\u0161ete p\u0159esnost va\u0161\u00ed platformy AK t\u00edmto precizn\u011b konstruovan\u00fdm zadn\u00edm m\u00ed\u0159idlem. Na rozd\u00edl od tradi\u010dn\u00edch m\u00ed\u0159idel AK nab\u00edz\u00ed tento inovativn\u00ed design nastaven\u00ed p\u0159\u00ed\u010dn\u00e9ho a v\u00fd\u0161kov\u00e9ho sm\u011bru pro nevyrovnateln\u00e9 um\u00edst\u011bn\u00ed st\u0159el.<\/p>\n<ul>\n<li>Dvojit\u00e9 nastaven\u00ed pro p\u0159\u00ed\u010dn\u00fd a v\u00fd\u0161kov\u00fd sm\u011br<\/li>\n<li>Odoln\u00e1 ocelov\u00e1 konstrukce<\/li>\n<li>Rychl\u00e9 nastaven\u00ed bez n\u00e1stroj\u016f<\/li>\n<li>Kompatibiln\u00ed s v\u011bt\u0161inou variant AK<\/li>\n<li>N\u00edzk\u00fd profil<\/li>\n<\/ul>\n<p>Ide\u00e1ln\u00ed pro sout\u011b\u017en\u00ed st\u0159elce, taktick\u00e9 oper\u00e1tory a nad\u0161ence AK. Zvy\u0161te v\u00fdkon a estetiku va\u0161\u00ed zbran\u011b AK t\u00edmto v\u0161estrann\u00fdm a snadno pou\u017eiteln\u00fdm m\u00ed\u0159idlem. Dos\u00e1hn\u011bte vynikaj\u00edc\u00ed p\u0159esnosti za jak\u00fdchkoliv podm\u00ednek, od st\u0159elnice a\u017e po pole.<\/p>\n","protected":false},"excerpt":{"rendered":"<p>Nastaviteln\u00e1 zadn\u00ed m\u00ed\u0159idla AK: ovl\u00e1d\u00e1n\u00ed sm\u011bru a v\u00fd\u0161ky, odoln\u00e1 ocel.<\/p>\n","protected":false},"featured_media":471137,"template":"","meta":{"_acf_changed":false},"product_brand":[],"product_cat":[12647,12709,12670],"product_tag":[],"class_list":{"0":"post-690592","1":"product","2":"type-product","3":"status-publish","4":"has-post-thumbnail","6":"product_cat-ak-tuning","7":"product_cat-puska","8":"product_cat-tuning-pusek","10":"first","11":"outofstock","12":"taxable","13":"shipping-taxable","14":"purchasable","15":"product-type-simple"},"acf":[],"_links":{"self":[{"href":"https:\/\/nbg.eu\/cs\/wp-json\/wp\/v2\/product\/690592","targetHints":{"allow":["GET"]}}],"collection":[{"href":"https:\/\/nbg.eu\/cs\/wp-json\/wp\/v2\/product"}],"about":[{"href":"https:\/\/nbg.eu\/cs\/wp-json\/wp\/v2\/types\/product"}],"wp:featuredmedia":[{"embeddable":true,"href":"https:\/\/nbg.eu\/cs\/wp-json\/wp\/v2\/media\/471137"}],"wp:attachment":[{"href":"https:\/\/nbg.eu\/cs\/wp-json\/wp\/v2\/media?parent=690592"}],"wp:term":[{"taxonomy":"product_brand","embeddable":true,"href":"https:\/\/nbg.eu\/cs\/wp-json\/wp\/v2\/product_brand?post=690592"},{"taxonomy":"product_cat","embeddable":true,"href":"https:\/\/nbg.eu\/cs\/wp-json\/wp\/v2\/product_cat?post=690592"},{"taxonomy":"product_tag","embeddable":true,"href":"https:\/\/nbg.eu\/cs\/wp-json\/wp\/v2\/product_tag?post=690592"}],"curies":[{"name":"wp","href":"https:\/\/api.w.org\/{rel}","templated":true}]}}