{"id":690595,"date":"2024-08-17T14:52:53","date_gmt":"2024-08-17T11:52:53","guid":{"rendered":"https:\/\/nbg.eu\/product\/fully-adjustable-sight-kmr-black-wide\/"},"modified":"2026-05-13T16:04:35","modified_gmt":"2026-05-13T13:04:35","slug":"fully-adjustable-sight-kmr-black-wide","status":"publish","type":"product","link":"https:\/\/nbg.eu\/cs\/produkt\/fully-adjustable-sight-kmr-black-wide\/","title":{"rendered":"KMR Pln\u011b Nastaviteln\u00fd Hled\u00ed \u010cern\u00fd \u0160irok\u00fd"},"content":{"rendered":"<h2>Pln\u011b nastaviteln\u00fd hled\u00ed KMR Black-Wide: Mistrovstv\u00ed p\u0159esnosti pro sout\u011b\u017en\u00ed st\u0159elce<\/h2>\n<p>Pln\u011b nastaviteln\u00fd hled\u00ed KMR Black-Wide je ultim\u00e1tn\u00ed p\u0159\u00edslu\u0161enstv\u00ed pro sout\u011b\u017en\u00ed st\u0159elce hledaj\u00edc\u00ed nevyrovnanou p\u0159esnost a univerz\u00e1lnost. Navr\u017een se zam\u011b\u0159en\u00edm na nastaven\u00ed v\u00fd\u0161ky\/sm\u011bru v\u011btru a vysok\u00fd kontrast pro z\u00edsk\u00e1n\u00ed c\u00edle, toto hled\u00ed poskytuje v\u00fdkon, kter\u00fd pot\u0159ebujete k ovl\u00e1dnut\u00ed st\u0159elnice.<\/p>\n<p>S mikrometrick\u00fdm klikac\u00edm nastaven\u00edm umo\u017e\u0148uje KMR Black-Wide p\u0159esn\u011b vynulovat bod dopadu na v\u00e1\u0161 konkr\u00e9tn\u00ed n\u00e1boj a vzd\u00e1lenost, zaji\u0161\u0165uj\u00edc\u00ed tak bezkompromisnn\u00ed p\u0159esnost. \u0160irok\u00fd zadn\u00ed z\u00e1\u0159ez poskytuje lep\u0161\u00ed pohled na c\u00edl pro rychl\u00e9 p\u0159echody, zat\u00edmco protiz\u00e1bleskov\u00fd, vroubkovan\u00fd matn\u011b \u010dern\u00fd povrch eliminuje osln\u011bn\u00ed sluncem pro jasn\u00fd \u010dern\u00fd profil.<\/p>\n<p>A\u0165 u\u017e se v\u011bnujete dlouh\u00fdm p\u0159esn\u00fdm sout\u011b\u017e\u00edm nebo dynamick\u00fdm v\u00fdzv\u00e1m se \u017eelezn\u00fdmi ter\u010di, Pln\u011b nastaviteln\u00fd hled\u00ed KMR Black-Wide je v\u00e1\u0161 kl\u00ed\u010d k odemknut\u00ed va\u0161eho skute\u010dn\u00e9ho potenci\u00e1lu. Vylep\u0161ete sv\u00e9 vybaven\u00ed a posu\u0148te sv\u00e9 st\u0159eleck\u00e9 schopnosti na novou \u00farove\u0148 s t\u00edmto mimo\u0159\u00e1dn\u00fdm zam\u011b\u0159ovac\u00edm syst\u00e9mem.<\/p>\n","protected":false},"excerpt":{"rendered":"<p>Pln\u011b nastaviteln\u00e1 m\u00ed\u0159idla KMR Black-Wide &#8211; Precizn\u00ed nastaven\u00ed v\u00fd\u0161ky\/bo\u010dn\u00edho n\u00e1m\u011bru a kontrastn\u00ed zam\u011b\u0159ov\u00e1n\u00ed c\u00edle.<\/p>\n","protected":false},"featured_media":30336,"template":"","meta":{"_acf_changed":false},"product_brand":[11490],"product_cat":[12659],"product_tag":[],"class_list":{"0":"post-690595","1":"product","2":"type-product","3":"status-publish","4":"has-post-thumbnail","6":"product_brand-kmr-precision","7":"product_cat-kmr-dily","9":"first","10":"instock","11":"taxable","12":"shipping-taxable","13":"product-type-simple"},"acf":[],"_links":{"self":[{"href":"https:\/\/nbg.eu\/cs\/wp-json\/wp\/v2\/product\/690595","targetHints":{"allow":["GET"]}}],"collection":[{"href":"https:\/\/nbg.eu\/cs\/wp-json\/wp\/v2\/product"}],"about":[{"href":"https:\/\/nbg.eu\/cs\/wp-json\/wp\/v2\/types\/product"}],"wp:featuredmedia":[{"embeddable":true,"href":"https:\/\/nbg.eu\/cs\/wp-json\/wp\/v2\/media\/30336"}],"wp:attachment":[{"href":"https:\/\/nbg.eu\/cs\/wp-json\/wp\/v2\/media?parent=690595"}],"wp:term":[{"taxonomy":"product_brand","embeddable":true,"href":"https:\/\/nbg.eu\/cs\/wp-json\/wp\/v2\/product_brand?post=690595"},{"taxonomy":"product_cat","embeddable":true,"href":"https:\/\/nbg.eu\/cs\/wp-json\/wp\/v2\/product_cat?post=690595"},{"taxonomy":"product_tag","embeddable":true,"href":"https:\/\/nbg.eu\/cs\/wp-json\/wp\/v2\/product_tag?post=690595"}],"curies":[{"name":"wp","href":"https:\/\/api.w.org\/{rel}","templated":true}]}}