{"id":690756,"date":"2024-08-16T23:16:01","date_gmt":"2024-08-16T20:16:01","guid":{"rendered":"https:\/\/nbg.eu\/product\/hammer-pin-kmr\/"},"modified":"2026-05-13T16:04:31","modified_gmt":"2026-05-13T13:04:31","slug":"hammer-pin-kmr","status":"publish","type":"product","link":"https:\/\/nbg.eu\/cs\/produkt\/hammer-pin-kmr\/","title":{"rendered":"KMR \u010cep Kohoutu"},"content":{"rendered":"<h2>Z\u00e1v\u011brov\u00fd kol\u00edk pro pistole KMR: P\u0159esnost a spolehlivost pro v\u00e1\u0161 zapalovac\u00ed syst\u00e9m<\/h2>\n<p>Zajist\u011bte plynul\u00fd a konzistentn\u00ed provoz zapalovac\u00edho syst\u00e9mu va\u0161\u00ed pistole KMR pomoc\u00ed na\u0161eho pr\u00e9miov\u00e9ho z\u00e1v\u011brov\u00e9ho kol\u00edku. Vyroben z precizn\u011b brou\u0161en\u00e9 kalen\u00e9 oceli, je tento kol\u00edk navr\u017een tak, aby slou\u017eil jako prim\u00e1rn\u00ed osa pohybu bic\u00ed pru\u017einy, zaru\u010duj\u00edc\u00ed spolehliv\u00e9 a opakovateln\u00e9 spou\u0161t\u011bn\u00ed bic\u00ed pru\u017einy a geometrii spou\u0161t\u011b.<\/p>\n<p>D\u00edky p\u0159esn\u00e9mu tov\u00e1rn\u00edmu pr\u016fm\u011bru pro perfektn\u00ed zapadnut\u00ed do r\u00e1m\u016f KMR je n\u00e1\u0161 z\u00e1v\u011brov\u00fd kol\u00edk konstruov\u00e1n tak, aby zabr\u00e1nil b\u011b\u017en\u00fdm probl\u00e9m\u016fm, jako je &#8222;pohyb kol\u00edku&#8220; b\u011bhem rychl\u00e9 palby. Jeho odoln\u00fd povrchov\u00fd povlak nav\u00edc zvy\u0161uje trvanlivost kol\u00edku, \u010d\u00edm\u017e chr\u00e1n\u00ed struktur\u00e1ln\u00ed integritu kritick\u00fdch komponent va\u0161\u00ed zbran\u011b.<\/p>\n<p>A\u0165 u\u017e jste v\u00e1\u0161niv\u00fdm z\u00e1vodn\u00edm st\u0159elcem nebo oddan\u00fdm rekrea\u010dn\u00edm u\u017eivatelem, z\u00e1v\u011brov\u00fd kol\u00edk pro pistole KMR je nezbytnou sou\u010d\u00e1st\u00ed, kterou pot\u0159ebujete k zaji\u0161t\u011bn\u00ed plynul\u00e9ho a spolehliv\u00e9ho provozu va\u0161eho zapalovac\u00edho syst\u00e9mu. D\u016fv\u011b\u0159ujte jeho precizn\u00edmu in\u017een\u00fdrstv\u00ed a neochv\u011bjn\u00e9mu v\u00fdkonu, kter\u00e9 va\u0161i st\u0159eleckou zku\u0161enost posunou na novou \u00farove\u0148.<\/p>\n","protected":false},"excerpt":{"rendered":"<p>Precizn\u011b zakalen\u00fd ocelov\u00fd \u010dep zaji\u0161\u0165uje stabiln\u00ed ot\u00e1\u010den\u00ed bic\u00ed hlavy a plynul\u00fd chod spou\u0161t\u011b u pistol\u00ed KMR.<\/p>\n","protected":false},"featured_media":23679,"template":"","meta":{"_acf_changed":false},"product_brand":[11490],"product_cat":[12659],"product_tag":[],"class_list":{"0":"post-690756","1":"product","2":"type-product","3":"status-publish","4":"has-post-thumbnail","6":"product_brand-kmr-precision","7":"product_cat-kmr-dily","9":"first","10":"instock","11":"taxable","12":"shipping-taxable","13":"product-type-simple"},"acf":[],"_links":{"self":[{"href":"https:\/\/nbg.eu\/cs\/wp-json\/wp\/v2\/product\/690756","targetHints":{"allow":["GET"]}}],"collection":[{"href":"https:\/\/nbg.eu\/cs\/wp-json\/wp\/v2\/product"}],"about":[{"href":"https:\/\/nbg.eu\/cs\/wp-json\/wp\/v2\/types\/product"}],"wp:featuredmedia":[{"embeddable":true,"href":"https:\/\/nbg.eu\/cs\/wp-json\/wp\/v2\/media\/23679"}],"wp:attachment":[{"href":"https:\/\/nbg.eu\/cs\/wp-json\/wp\/v2\/media?parent=690756"}],"wp:term":[{"taxonomy":"product_brand","embeddable":true,"href":"https:\/\/nbg.eu\/cs\/wp-json\/wp\/v2\/product_brand?post=690756"},{"taxonomy":"product_cat","embeddable":true,"href":"https:\/\/nbg.eu\/cs\/wp-json\/wp\/v2\/product_cat?post=690756"},{"taxonomy":"product_tag","embeddable":true,"href":"https:\/\/nbg.eu\/cs\/wp-json\/wp\/v2\/product_tag?post=690756"}],"curies":[{"name":"wp","href":"https:\/\/api.w.org\/{rel}","templated":true}]}}