{"id":690919,"date":"2024-07-25T21:45:22","date_gmt":"2024-07-25T18:45:22","guid":{"rendered":"https:\/\/nbg.eu\/product\/hornady-6mm-arc-108gr-eld-match-ammunition\/"},"modified":"2026-05-13T15:11:56","modified_gmt":"2026-05-13T12:11:56","slug":"hornady-6mm-arc-108gr-eld-match-ammunition","status":"publish","type":"product","link":"https:\/\/nbg.eu\/cs\/produkt\/hornady-6mm-arc-108gr-eld-match-ammunition\/","title":{"rendered":"Hornady 6mm ARC 108gr. ELD MATCH Ammunition"},"content":{"rendered":"<div class=\"product-description\">\n<h2>Hornady 6mm ARC 108gr. ELD MATCH Munice<\/h2>\n<p>Za\u017eijte nevyrovnateln\u00fd v\u00fdkon s munic\u00ed Hornady 6mm ARC 108gr. ELD MATCH. Tato v\u0161estrann\u00e1 n\u00e1bojnice poskytuje:<\/p>\n<ul>\n<li>V\u00fdjime\u010dnou \u00fa\u010dinnost s kulkami s vysok\u00fdm ballistick\u00fdm koeficientem<\/li>\n<li>Bezprecedentn\u00ed v\u00fdkon z platforem AR-15<\/li>\n<li>Optim\u00e1ln\u00ed v\u00fdsledky v kr\u00e1tk\u00fdch nebo mikroaktivn\u00edch malor\u00e1\u017ek\u00e1ch<\/li>\n<li>Vhodn\u00e9 pro sout\u011b\u017en\u00ed st\u0159elbu, lov a osobn\u00ed obranu<\/li>\n<li>Nad\u0159azenou termin\u00e1ln\u00ed v\u00fdkonnost v r\u016fzn\u00fdch aplikac\u00edch<\/li>\n<\/ul>\n<p>6mm ARC kombinuje \u0161pi\u010dkov\u00fd n\u00e1vrh n\u00e1bojnice s pe\u010dliv\u011b vybran\u00fdmi kulkami a nab\u00edz\u00ed dokonalou rovnov\u00e1hu hmotnosti syst\u00e9mu, v\u00fdkonu a ovladatelnosti. A\u0165 u\u017e jste sout\u011b\u017en\u00ed st\u0159elec, lovec nebo profesion\u00e1l z \u0159ad donucovac\u00edch org\u00e1n\u016f, tato munice poskytuje p\u0159esnost a s\u00edlu, kterou pot\u0159ebujete.<\/p>\n<\/div>\n","protected":false},"excerpt":{"rendered":"<p>Univerz\u00e1ln\u00ed 6mm ARC: P\u0159esn\u00e1 munice pro pu\u0161ky AR-15 a opakovac\u00ed.<\/p>\n","protected":false},"featured_media":690920,"template":"","meta":{"_acf_changed":false},"product_brand":[11446],"product_cat":[12712,12722],"product_tag":[],"class_list":{"0":"post-690919","1":"product","2":"type-product","3":"status-publish","4":"has-post-thumbnail","6":"product_brand-hornady","7":"product_cat-munice","8":"product_cat-puskarska-munice","10":"first","11":"instock","12":"taxable","13":"shipping-taxable","14":"purchasable","15":"product-type-simple"},"acf":[],"_links":{"self":[{"href":"https:\/\/nbg.eu\/cs\/wp-json\/wp\/v2\/product\/690919","targetHints":{"allow":["GET"]}}],"collection":[{"href":"https:\/\/nbg.eu\/cs\/wp-json\/wp\/v2\/product"}],"about":[{"href":"https:\/\/nbg.eu\/cs\/wp-json\/wp\/v2\/types\/product"}],"wp:featuredmedia":[{"embeddable":true,"href":"https:\/\/nbg.eu\/cs\/wp-json\/wp\/v2\/media\/690920"}],"wp:attachment":[{"href":"https:\/\/nbg.eu\/cs\/wp-json\/wp\/v2\/media?parent=690919"}],"wp:term":[{"taxonomy":"product_brand","embeddable":true,"href":"https:\/\/nbg.eu\/cs\/wp-json\/wp\/v2\/product_brand?post=690919"},{"taxonomy":"product_cat","embeddable":true,"href":"https:\/\/nbg.eu\/cs\/wp-json\/wp\/v2\/product_cat?post=690919"},{"taxonomy":"product_tag","embeddable":true,"href":"https:\/\/nbg.eu\/cs\/wp-json\/wp\/v2\/product_tag?post=690919"}],"curies":[{"name":"wp","href":"https:\/\/api.w.org\/{rel}","templated":true}]}}