{"id":691115,"date":"2025-03-04T21:24:07","date_gmt":"2025-03-04T18:24:07","guid":{"rendered":"https:\/\/nbg.eu\/product\/kmr-hand-stop-set-m-lok-alu-black\/"},"modified":"2026-05-13T15:56:48","modified_gmt":"2026-05-13T12:56:48","slug":"kmr-hand-stop-set-m-lok-alu-black","status":"publish","type":"product","link":"https:\/\/nbg.eu\/cs\/produkt\/kmr-hand-stop-set-m-lok-alu-black\/","title":{"rendered":"KMR Hand Stop Sada M-LOK ALU \u010cern\u00fd"},"content":{"rendered":"<h2>KMR Hand Stop Set (M-LOK) \u2013 Hlin\u00edk, \u010cern\u00e1<\/h2>\n<p>Vylep\u0161ete sv\u00e9 st\u0159eleck\u00e9 zku\u0161enosti s KMR Hand Stop Setem, univerz\u00e1ln\u00edm dopl\u0148kem navr\u017een\u00fdm pro zlep\u0161en\u00ed kontroly rekul\u016f, zachycen\u00ed ruky a celkov\u00e9 kontroly zbran\u011b. Vyroben\u00fd z lehk\u00e9ho, CNC fr\u00e9zovan\u00e9ho hlin\u00edku a s matn\u00fdm \u010dern\u00fdm eloxovan\u00fdm povrchem, tento set na zastaven\u00ed ruky bezprobl\u00e9mov\u011b integruje s va\u0161\u00ed st\u0159elnou zbran\u00ed kompatibiln\u00ed s M-LOK.<\/p>\n<p>Modul\u00e1rn\u00ed dvoud\u00edln\u00fd nebo vrstven\u00fd design poskytuje konzistentn\u00ed fyzickou referen\u010dn\u00ed bod pro va\u0161i podp\u016frnou ruku, zaji\u0161\u0165uj\u00edc\u00ed opakovateln\u00fd \u00fachop a zabra\u0148uj\u00edc\u00ed sklouznut\u00ed ruky sm\u011brem k \u00fast\u00ed hlavn\u011b. Umo\u017en\u011bn\u00edm &#8222;p\u0159ita\u017een\u00ed&#8220; pu\u0161ky k va\u0161emu rameni v\u00e1m KMR Hand Stop Set poskytne v\u00fdrazn\u011b plo\u0161\u0161\u00ed st\u0159elbu a rychlej\u0161\u00ed n\u00e1sledn\u00e9 r\u00e1ny, zlep\u0161uj\u00edc\u00ed celkovou p\u0159esnost a st\u0159eleck\u00fd v\u00fdkon.<\/p>\n<p>A\u0165 u\u017e jste zku\u0161en\u00fd st\u0159elec nebo v\u00e1\u0161niv\u00fd nad\u0161enec, KMR Hand Stop Set je nezbytn\u00fdm vylep\u0161en\u00edm pro va\u0161i st\u0159elnou zbra\u0148. Vylep\u0161ete sv\u00e9 st\u0159eleck\u00e9 zku\u0161enosti a posu\u0148te sv\u00e9 dovednosti na novou \u00farove\u0148 s t\u00edmto inovativn\u00edm a spolehliv\u00fdm dopl\u0148kem.<\/p>\n","protected":false},"excerpt":{"rendered":"<p>KMR RU\u010cN\u00cd STOP SET, M-LOK, HLIN\u00cdK, \u010cERN\u00dd &#8211; Vylep\u0161en\u00e9 \u0159\u00edzen\u00ed zp\u011btn\u00e9ho r\u00e1zu a kontrola zbran\u011b.<\/p>\n","protected":false},"featured_media":236512,"template":"","meta":{"_acf_changed":false},"product_brand":[11490],"product_cat":[12659,12667,12709,12670],"product_tag":[],"class_list":{"0":"post-691115","1":"product","2":"type-product","3":"status-publish","4":"has-post-thumbnail","6":"product_brand-kmr-precision","7":"product_cat-kmr-dily","8":"product_cat-pazby-na-pusky","9":"product_cat-puska","10":"product_cat-tuning-pusek","12":"first","13":"instock","14":"taxable","15":"shipping-taxable","16":"purchasable","17":"product-type-simple"},"acf":[],"_links":{"self":[{"href":"https:\/\/nbg.eu\/cs\/wp-json\/wp\/v2\/product\/691115","targetHints":{"allow":["GET"]}}],"collection":[{"href":"https:\/\/nbg.eu\/cs\/wp-json\/wp\/v2\/product"}],"about":[{"href":"https:\/\/nbg.eu\/cs\/wp-json\/wp\/v2\/types\/product"}],"wp:featuredmedia":[{"embeddable":true,"href":"https:\/\/nbg.eu\/cs\/wp-json\/wp\/v2\/media\/236512"}],"wp:attachment":[{"href":"https:\/\/nbg.eu\/cs\/wp-json\/wp\/v2\/media?parent=691115"}],"wp:term":[{"taxonomy":"product_brand","embeddable":true,"href":"https:\/\/nbg.eu\/cs\/wp-json\/wp\/v2\/product_brand?post=691115"},{"taxonomy":"product_cat","embeddable":true,"href":"https:\/\/nbg.eu\/cs\/wp-json\/wp\/v2\/product_cat?post=691115"},{"taxonomy":"product_tag","embeddable":true,"href":"https:\/\/nbg.eu\/cs\/wp-json\/wp\/v2\/product_tag?post=691115"}],"curies":[{"name":"wp","href":"https:\/\/api.w.org\/{rel}","templated":true}]}}