{"id":691136,"date":"2025-03-07T13:06:11","date_gmt":"2025-03-07T10:06:11","guid":{"rendered":"https:\/\/nbg.eu\/product\/kmr-or-aimpoint-acro-mounting-kit-for-l-02-w-02-steel-black\/"},"modified":"2026-05-13T16:48:13","modified_gmt":"2026-05-13T13:48:13","slug":"kmr-or-aimpoint-acro-mounting-kit-for-l-02-w-02-steel-black","status":"publish","type":"product","link":"https:\/\/nbg.eu\/cs\/produkt\/kmr-or-aimpoint-acro-mounting-kit-for-l-02-w-02-steel-black\/","title":{"rendered":"KMR OR Aimpoint Acro Mont\u00e1\u017en\u00ed Sada pro L-02, W-02 Ocel \u010cern\u00fd"},"content":{"rendered":"<h2>KMR &#8211; NEBO AIMPOINT ACRO MONT\u00c1\u017dN\u00cd SADA PRO L-02, W-02, OCEL \u010cERN\u00c1<\/h2>\n<p>Mont\u00e1\u017en\u00ed sada KMR Optic Ready (OR) Aimpoint ACRO je dokonal\u00fdm \u0159e\u0161en\u00edm pro zaji\u0161t\u011bn\u00ed spolehliv\u00e9 integrace optiky a perfektn\u00edho zarovn\u00e1n\u00ed na va\u0161ich pistol\u00edch KMR L-02 a W-02. P\u0159esn\u011b obroben\u00e1 z vysoce kvalitn\u00ed oceli tato mont\u00e1\u017en\u00ed sada m\u00e1 specifick\u00e9 rozm\u011bry pro Aimpoint ACRO, n\u00edzk\u00fd profil a matn\u00fd \u010dern\u00fd antikorozn\u00ed povrch pro elegantn\u00ed a odoln\u00fd vzhled.<\/p>\n<p>Ocelov\u00e1 konstrukce mont\u00e1\u017en\u00ed sady KMR OR Aimpoint ACRO zaji\u0161\u0165uje nulov\u00fd posun p\u0159i siln\u00e9m zp\u011btn\u00e9m r\u00e1zu, co\u017e poskytuje nejspolehliv\u011bj\u0161\u00ed \u0159e\u0161en\u00ed upevn\u011bn\u00ed pro zapouzd\u0159en\u00e1 emisn\u00ed hled\u00ed. P\u0159esn\u00e9 l\u00edcov\u00e1n\u00ed zaru\u010duje, \u017ee va\u0161e optika z\u016fstane i p\u0159i vysok\u00e9m objemu sout\u011b\u017e\u00ed nebo pracovn\u00edho pou\u017e\u00edv\u00e1n\u00ed v\u017edy p\u0159esn\u011b zam\u011b\u0159en\u00e1, co\u017e z n\u00ed \u010din\u00ed to nejlep\u0161\u00ed \u0159e\u0161en\u00ed pro pistole \u0159ady KMR OR.<\/p>\n","protected":false},"excerpt":{"rendered":"<p>KMR &#8211; AIMPOINT ACRO MONT\u00c1\u017dN\u00cd SADA PRO L-02, W-02, OCEL \u010cERN\u00c1. Pevn\u00e1 integrace optiky a perfektn\u00ed zarovn\u00e1n\u00ed s m\u00ed\u0159en\u00edm pro modely L-02 a W-02. P\u0159esn\u011b obr\u00e1b\u011bn\u00e1 z vysoce odoln\u00e9 oceli, specifick\u00e1 patka pro Aimpoint ACRO, n\u00edzk\u00fd profil, matn\u00fd \u010dern\u00fd antikorozn\u00ed povrch. Poskytuje nejodoln\u011bj\u0161\u00ed \u0159e\u0161en\u00ed uchycen\u00ed pro uzav\u0159en\u00e9 pu\u0161kohledov\u00e9 m\u00ed\u0159idla; ocelov\u00e1 konstrukce zaru\u010duje nulovou zm\u011bnu nulov\u00e1n\u00ed p\u0159i siln\u00e9m zp\u011btn\u00e9m r\u00e1zu, zat\u00edmco precizn\u00ed konstrukce zaru\u010duje, \u017ee optika z\u016fstane srovnan\u00e1 i p\u0159i pou\u017eit\u00ed v n\u00e1ro\u010dn\u00fdch sout\u011b\u017e\u00edch nebo p\u0159i v\u00fdkonu slu\u017eby na pistol\u00edch \u0159ady KMR OR.<\/p>\n","protected":false},"featured_media":246139,"template":"","meta":{"_acf_changed":false},"product_brand":[11490],"product_cat":[12655,12659,12691,14924],"product_tag":[],"class_list":{"0":"post-691136","1":"product","2":"type-product","3":"status-publish","4":"has-post-thumbnail","6":"product_brand-kmr-precision","7":"product_cat-dily-na-pistole","8":"product_cat-kmr-dily","9":"product_cat-miridla-na-pistole","10":"product_cat-red-dot-sights-mounts-cs","12":"first","13":"instock","14":"taxable","15":"shipping-taxable","16":"purchasable","17":"product-type-simple"},"acf":[],"_links":{"self":[{"href":"https:\/\/nbg.eu\/cs\/wp-json\/wp\/v2\/product\/691136","targetHints":{"allow":["GET"]}}],"collection":[{"href":"https:\/\/nbg.eu\/cs\/wp-json\/wp\/v2\/product"}],"about":[{"href":"https:\/\/nbg.eu\/cs\/wp-json\/wp\/v2\/types\/product"}],"wp:featuredmedia":[{"embeddable":true,"href":"https:\/\/nbg.eu\/cs\/wp-json\/wp\/v2\/media\/246139"}],"wp:attachment":[{"href":"https:\/\/nbg.eu\/cs\/wp-json\/wp\/v2\/media?parent=691136"}],"wp:term":[{"taxonomy":"product_brand","embeddable":true,"href":"https:\/\/nbg.eu\/cs\/wp-json\/wp\/v2\/product_brand?post=691136"},{"taxonomy":"product_cat","embeddable":true,"href":"https:\/\/nbg.eu\/cs\/wp-json\/wp\/v2\/product_cat?post=691136"},{"taxonomy":"product_tag","embeddable":true,"href":"https:\/\/nbg.eu\/cs\/wp-json\/wp\/v2\/product_tag?post=691136"}],"curies":[{"name":"wp","href":"https:\/\/api.w.org\/{rel}","templated":true}]}}