{"id":691157,"date":"2025-03-04T21:40:08","date_gmt":"2025-03-04T18:40:08","guid":{"rendered":"https:\/\/nbg.eu\/product\/kmr-qd-sling-swivel\/"},"modified":"2026-05-13T15:10:53","modified_gmt":"2026-05-13T12:10:53","slug":"kmr-qd-sling-swivel","status":"publish","type":"product","link":"https:\/\/nbg.eu\/cs\/produkt\/kmr-qd-sling-swivel\/","title":{"rendered":"KMR QD Oto\u010dka \u0158emenu"},"content":{"rendered":"<h2>Rychl\u00e1 mont\u00e1\u017e, t\u011b\u017ek\u00e1 spolehlivost: KMR Quick Detach (QD) sling swivel<\/h2>\n<p>Navr\u017een pro rychlou mont\u00e1\u017e a t\u011b\u017ekou spolehlivost, KMR QD sling swivel je perfektn\u00ed spole\u010dn\u00edk pro va\u0161i palnou zbra\u0148. Vyrobeno z oceli s vysokou pevnost\u00ed, tento swivel m\u00e1 mechanismus s tla\u010d\u00edtkem pro uvoln\u011bn\u00ed a 360stup\u0148ov\u00e9 ot\u00e1\u010den\u00ed, co\u017e umo\u017e\u0148uje t\u00e9m\u011b\u0159 okam\u017eit\u00e9 p\u0159ipojen\u00ed nebo odstran\u011bn\u00ed popruhu z jak\u00e9hokoli QD kompatibiln\u00edho soketu, a\u0165 u\u017e jde o M-LOK, pa\u017ebu nebo ochrann\u00fd kryt.<\/p>\n<p>Navr\u017eeno, aby vydr\u017eelo vysok\u00e9 tahov\u00e9 s\u00edly a drsn\u00e9 poln\u00ed podm\u00ednky, KMR QD sling swivel zaji\u0161\u0165uje, \u017ee va\u0161e pu\u0161ka z\u016fstane b\u011bhem dynamick\u00e9ho pohybu bezpe\u010dn\u011b zav\u011b\u0161ena. \u010cern\u00e9 proveden\u00ed d\u00e1le zvy\u0161uje odolnost swivelu, co\u017e z n\u011bj d\u011bl\u00e1 spolehlivou volbu pro v\u0161echny va\u0161e pot\u0159eby p\u0159ipevn\u011bn\u00ed popruhu.<\/p>\n","protected":false},"excerpt":{"rendered":"<p>Rychl\u00e1 mont\u00e1\u017e\/demont\u00e1\u017e.<\/p>\n","protected":false},"featured_media":236786,"template":"","meta":{"_acf_changed":false},"product_brand":[11490],"product_cat":[12645,14926,12670],"product_tag":[],"class_list":{"0":"post-691157","1":"product","2":"type-product","3":"status-publish","4":"has-post-thumbnail","6":"product_brand-kmr-precision","7":"product_cat-remeny","8":"product_cat-sling-swivels-cs","9":"product_cat-tuning-pusek","11":"first","12":"instock","13":"taxable","14":"shipping-taxable","15":"purchasable","16":"product-type-simple"},"acf":[],"_links":{"self":[{"href":"https:\/\/nbg.eu\/cs\/wp-json\/wp\/v2\/product\/691157","targetHints":{"allow":["GET"]}}],"collection":[{"href":"https:\/\/nbg.eu\/cs\/wp-json\/wp\/v2\/product"}],"about":[{"href":"https:\/\/nbg.eu\/cs\/wp-json\/wp\/v2\/types\/product"}],"wp:featuredmedia":[{"embeddable":true,"href":"https:\/\/nbg.eu\/cs\/wp-json\/wp\/v2\/media\/236786"}],"wp:attachment":[{"href":"https:\/\/nbg.eu\/cs\/wp-json\/wp\/v2\/media?parent=691157"}],"wp:term":[{"taxonomy":"product_brand","embeddable":true,"href":"https:\/\/nbg.eu\/cs\/wp-json\/wp\/v2\/product_brand?post=691157"},{"taxonomy":"product_cat","embeddable":true,"href":"https:\/\/nbg.eu\/cs\/wp-json\/wp\/v2\/product_cat?post=691157"},{"taxonomy":"product_tag","embeddable":true,"href":"https:\/\/nbg.eu\/cs\/wp-json\/wp\/v2\/product_tag?post=691157"}],"curies":[{"name":"wp","href":"https:\/\/api.w.org\/{rel}","templated":true}]}}