{"id":691186,"date":"2025-03-04T21:26:30","date_gmt":"2025-03-04T18:26:30","guid":{"rendered":"https:\/\/nbg.eu\/product\/kmr-rail-set-m-lok-alu\/"},"modified":"2026-05-13T16:01:26","modified_gmt":"2026-05-13T13:01:26","slug":"kmr-rail-set-m-lok-alu","status":"publish","type":"product","link":"https:\/\/nbg.eu\/cs\/produkt\/kmr-rail-set-m-lok-alu\/","title":{"rendered":"KMR Sada Picatinny Li\u0161t M-LOK ALU"},"content":{"rendered":"<h2>Sada kolejnic KMR, M-LOK, hlin\u00edk<\/h2>\n<p>Zvy\u0161te v\u0161estrannost va\u0161eho p\u0159edpa\u017eb\u00ed M-LOK pomoc\u00ed sady kolejnic KMR RAIL SET, robustn\u00edho a lehk\u00e9ho p\u0159\u00edslu\u0161enstv\u00ed pro mont\u00e1\u017e. Tato sada kolejnic, vyroben\u00e1 z vysoce kvalitn\u00edho hlin\u00edku 6061-T6 s p\u0159esn\u00fdm CNC obr\u00e1b\u011bn\u00edm, nab\u00edz\u00ed standardn\u00ed rozhran\u00ed Picatinny\/Mil-Std 1913, co\u017e v\u00e1m umo\u017e\u0148uje bezpe\u010dn\u011b p\u0159ipevnit \u0161irokou \u0161k\u00e1lu taktick\u00e9ho p\u0159\u00edslu\u0161enstv\u00ed, jako jsou sv\u011btla, lasery, st\u0159enky a bipody.<\/p>\n<p>N\u00edzkoprofilov\u00e9, \u010dern\u011b eloxovan\u00e9 proveden\u00ed zaji\u0161\u0165uje maxim\u00e1ln\u00ed odolnost bez zbyte\u010dn\u00e9ho p\u0159id\u00e1v\u00e1n\u00ed hmotnosti nebo objemu na p\u0159edn\u00ed \u010d\u00e1st va\u0161\u00ed st\u0159eln\u00e9 zbran\u011b. S dodan\u00fdm upev\u0148ovac\u00edm hardwarem M-LOK m\u016f\u017eete tuto sadu kolejnic snadno integrovat do st\u00e1vaj\u00edc\u00edho p\u0159edpa\u017eb\u00ed M-LOK a vytvo\u0159it modul\u00e1rn\u00ed a p\u0159izp\u016fsobitelnou platformu, kter\u00e1 vyhovuje va\u0161im konkr\u00e9tn\u00edm pot\u0159eb\u00e1m.<\/p>\n<p>A\u0165 u\u017e hled\u00e1te zp\u016fsob, jak zv\u00fd\u0161it funk\u010dnost sv\u00e9 zbran\u011b, nebo jen spolehliv\u00fd zp\u016fsob, jak p\u0159ipevnit sv\u00e9 obl\u00edben\u00e9 p\u0159\u00edslu\u0161enstv\u00ed, sada kolejnic KMR RAIL SET, M-LOK, ALU je t\u00edm prav\u00fdm \u0159e\u0161en\u00edm. Vyrobeno s ohledem na v\u00fdkon a trvanlivost, toto p\u0159\u00edslu\u0161enstv\u00ed v\u00e1m pom\u016f\u017ee posunout va\u0161i st\u0159eleckou zku\u0161enost na dal\u0161\u00ed \u00farove\u0148.<\/p>\n","protected":false},"excerpt":{"rendered":"<p>Modul\u00e1rn\u00ed sada M-LOK kolej\u00ed z lehk\u00e9ho, odoln\u00e9ho hlin\u00edku s rozhran\u00edm Picatinny.<\/p>\n","protected":false},"featured_media":236675,"template":"","meta":{"_acf_changed":false},"product_brand":[11490],"product_cat":[12723,14949,12709,12645,12670],"product_tag":[],"class_list":{"0":"post-691186","1":"product","2":"type-product","3":"status-publish","4":"has-post-thumbnail","6":"product_brand-kmr-precision","7":"product_cat-listy","8":"product_cat-m-lok-rail-systems-cs","9":"product_cat-puska","10":"product_cat-remeny","11":"product_cat-tuning-pusek","13":"first","14":"instock","15":"taxable","16":"shipping-taxable","17":"purchasable","18":"product-type-variable","19":"wvs-archive-product-wrapper"},"acf":[],"_links":{"self":[{"href":"https:\/\/nbg.eu\/cs\/wp-json\/wp\/v2\/product\/691186","targetHints":{"allow":["GET"]}}],"collection":[{"href":"https:\/\/nbg.eu\/cs\/wp-json\/wp\/v2\/product"}],"about":[{"href":"https:\/\/nbg.eu\/cs\/wp-json\/wp\/v2\/types\/product"}],"wp:featuredmedia":[{"embeddable":true,"href":"https:\/\/nbg.eu\/cs\/wp-json\/wp\/v2\/media\/236675"}],"wp:attachment":[{"href":"https:\/\/nbg.eu\/cs\/wp-json\/wp\/v2\/media?parent=691186"}],"wp:term":[{"taxonomy":"product_brand","embeddable":true,"href":"https:\/\/nbg.eu\/cs\/wp-json\/wp\/v2\/product_brand?post=691186"},{"taxonomy":"product_cat","embeddable":true,"href":"https:\/\/nbg.eu\/cs\/wp-json\/wp\/v2\/product_cat?post=691186"},{"taxonomy":"product_tag","embeddable":true,"href":"https:\/\/nbg.eu\/cs\/wp-json\/wp\/v2\/product_tag?post=691186"}],"curies":[{"name":"wp","href":"https:\/\/api.w.org\/{rel}","templated":true}]}}