{"id":692131,"date":"2025-03-04T21:42:27","date_gmt":"2025-03-04T18:42:27","guid":{"rendered":"https:\/\/nbg.eu\/product\/kmr-qd-sling-swivel-small-25-mm\/"},"modified":"2026-02-09T17:08:24","modified_gmt":"2026-02-09T14:08:24","slug":"kmr-qd-sling-swivel-small-25-mm","status":"publish","type":"product","link":"https:\/\/nbg.eu\/cs\/produkt\/kmr-qd-sling-swivel-small-25-mm\/","title":{"rendered":"KMR QD SLING SWIVEL, SMALL 25 mm"},"content":{"rendered":"<h2>KMR QD SLING SWIVEL, MAL\u00dd 25 mm<\/h2>\n<p>Zkonstruov\u00e1no pro rychlou mont\u00e1\u017e, spolehlivost v t\u011b\u017ek\u00fdch podm\u00ednk\u00e1ch, KMR QD Sling Swivel je perfektn\u00edm dopl\u0148kem pro va\u0161i zbra\u0148. Vyrobeno z vysoce pevn\u00e9 oceli, tento oto\u010dn\u00fd syst\u00e9m m\u00e1 tla\u010d\u00edtkov\u00fd uvol\u0148ovac\u00ed mechanismus a 360stup\u0148ov\u00e9 ot\u00e1\u010den\u00ed, co\u017e umo\u017e\u0148uje t\u00e9m\u011b\u0159 okam\u017eit\u00e9 p\u0159ipevn\u011bn\u00ed nebo odstran\u011bn\u00ed popruhu z jak\u00e9hokoli QD kompatibiln\u00edho otvoru, a\u0165 u\u017e se jedn\u00e1 o M-LOK, pa\u017ebu nebo p\u0159edpa\u017eb\u00ed.<\/p>\n<p>Navr\u017eeno tak, aby odolalo vysok\u00fdm ta\u017en\u00fdm sil\u00e1m a drsn\u00fdm ter\u00e9nn\u00edm podm\u00ednk\u00e1m, KMR QD Sling Swivel zaji\u0161\u0165uje, \u017ee va\u0161e pu\u0161ka z\u016fstane b\u011bhem dynamick\u00e9ho pohybu bezpe\u010dn\u011b zav\u011b\u0161ena. \u010cern\u00e9 proveden\u00ed d\u00e1le zvy\u0161uje odolnost oto\u010dn\u00e9ho syst\u00e9mu, co\u017e z n\u011bj \u010din\u00ed spolehlivou volbu pro v\u0161echny va\u0161e pot\u0159eby p\u0159ipevn\u011bn\u00ed popruhu.<\/p>\n","protected":false},"excerpt":{"rendered":"<p>QD slin\u017eov\u00e9 oto\u010dn\u00e9 sv\u011brky, mal\u00e9 25 mm: Rychl\u00e9 p\u0159ipojen\u00ed\/odpojen\u00ed<\/p>\n","protected":false},"featured_media":236810,"template":"","meta":{"_acf_changed":false},"product_brand":[11490],"product_cat":[12645,14926,12670],"product_tag":[],"class_list":{"0":"post-692131","1":"product","2":"type-product","3":"status-publish","4":"has-post-thumbnail","6":"product_brand-kmr-precision","7":"product_cat-remeny","8":"product_cat-sling-swivels-cs","9":"product_cat-tuning-pusek","11":"first","12":"instock","13":"taxable","14":"shipping-taxable","15":"purchasable","16":"product-type-simple"},"acf":[],"_links":{"self":[{"href":"https:\/\/nbg.eu\/cs\/wp-json\/wp\/v2\/product\/692131","targetHints":{"allow":["GET"]}}],"collection":[{"href":"https:\/\/nbg.eu\/cs\/wp-json\/wp\/v2\/product"}],"about":[{"href":"https:\/\/nbg.eu\/cs\/wp-json\/wp\/v2\/types\/product"}],"wp:featuredmedia":[{"embeddable":true,"href":"https:\/\/nbg.eu\/cs\/wp-json\/wp\/v2\/media\/236810"}],"wp:attachment":[{"href":"https:\/\/nbg.eu\/cs\/wp-json\/wp\/v2\/media?parent=692131"}],"wp:term":[{"taxonomy":"product_brand","embeddable":true,"href":"https:\/\/nbg.eu\/cs\/wp-json\/wp\/v2\/product_brand?post=692131"},{"taxonomy":"product_cat","embeddable":true,"href":"https:\/\/nbg.eu\/cs\/wp-json\/wp\/v2\/product_cat?post=692131"},{"taxonomy":"product_tag","embeddable":true,"href":"https:\/\/nbg.eu\/cs\/wp-json\/wp\/v2\/product_tag?post=692131"}],"curies":[{"name":"wp","href":"https:\/\/api.w.org\/{rel}","templated":true}]}}