{"id":692188,"date":"2024-09-16T14:52:04","date_gmt":"2024-09-16T11:52:04","guid":{"rendered":"https:\/\/nbg.eu\/product\/magazine-catch-28-kmr-l-02-umbra\/"},"modified":"2026-05-13T15:10:48","modified_gmt":"2026-05-13T12:10:48","slug":"magazine-catch-28-kmr-l-02-umbra","status":"publish","type":"product","link":"https:\/\/nbg.eu\/cs\/produkt\/magazine-catch-28-kmr-l-02-umbra\/","title":{"rendered":"KMR Z\u00e1padka Z\u00e1sobn\u00edku 28 L-02 UMBRA"},"content":{"rendered":"<h2>KMR Magazine Catch 28 \u2013 L-02 Umbra Edition<\/h2>\n<p>KMR Magazine Catch 28 je pr\u00e9miov\u00e1, z\u00e1vodn\u011b-p\u0159ipraven\u00e1 sou\u010d\u00e1stka speci\u00e1ln\u011b navr\u017een\u00e1 pro KMR L-02 Umbra a platformu \u0159ady L. Navr\u017een\u00e1 pro rychlost a ergonomii, toto uvoln\u011bn\u00ed z\u00e1sobn\u00edku je kritick\u00fdm vylep\u0161en\u00edm pro st\u0159elce, kte\u0159\u00ed pot\u0159ebuj\u00ed uspo\u0159it sekundy p\u0159i nab\u00edjen\u00ed za n\u00e1ro\u010dn\u00fdch z\u00e1vodn\u00edch podm\u00ednek.<\/p>\n<h3>Navr\u017eeno pro rychlost a p\u0159esnost<\/h3>\n<p>Ve sv\u011bt\u011b IPSC a USPSA m\u016f\u017ee rychlost v\u00fdm\u011bny z\u00e1sobn\u00edku b\u00fdt rozd\u00edlem mezi um\u00edst\u011bn\u00edm na stupni v\u00edt\u011bz\u016f a pr\u016fm\u011brn\u00fdm v\u00fdsledkem. Ozna\u010den\u00ed &#8222;28&#8220; p\u0159edstavuje optimalizovanou plochu a v\u00fd\u0161ku prodlou\u017een\u00ed, poskytuj\u00edc\u00ed ide\u00e1ln\u00ed rovnov\u00e1hu mezi p\u0159\u00edstupnost\u00ed a bezpe\u010dnost\u00ed. Umo\u017e\u0148uje st\u0159elci shodit z\u00e1sobn\u00edk, ani\u017e by se v\u00fdrazn\u011b zm\u011bnilo jeho st\u0159eleck\u00e9 uchopen\u00ed, a udr\u017euje lep\u0161\u00ed kontrolu nad zbran\u00ed b\u011bhem nab\u00edjec\u00edho cyklu.<\/p>\n<h3>Technick\u00e9 specifikace:<\/h3>\n<ul>\n<li><strong>Trvanlivost vyroben\u00e1 CNC obr\u00e1b\u011bn\u00edm:<\/strong> Vyrobeno z vysoce odoln\u00e9 oceli a hlin\u00edkov\u00fdch komponent, aby zajistilo jasn\u00e9 zapojen\u00ed a celo\u017eivotn\u00ed vydr\u017een\u00ed.<\/li>\n<li><strong>Roz\u0161\u00ed\u0159en\u00e1 ergonomie:<\/strong> Zv\u011bt\u0161en\u00e9 t\u00e1hlo je strategicky um\u00edst\u011bno pro snadn\u00fd dosah, a to i pro st\u0159elce s men\u0161\u00edma rukama nebo pro ty, kte\u0159\u00ed nos\u00ed rukavice.<\/li>\n<li><strong>Estetika s\u00e9rie Umbra:<\/strong> Nese charakteristickou temnou, vysoce v\u00fdkonnou povrchovou \u00fapravu, aby dokonale ladila s pr\u00e9miovou taktickou image KMR L-02 Umbra.<\/li>\n<li><strong>Nastaviteln\u00e1 orientace:<\/strong> Navr\u017eeno pro snadnou instalaci s d\u016frazem na hladk\u00fd, bezprobl\u00e9mov\u00fd pohyb uvnit\u0159 r\u00e1mu.<\/li>\n<li><strong>OEM mont\u00e1\u017e:<\/strong> Origin\u00e1ln\u00ed d\u00edl KMR, zaji\u0161\u0165uj\u00edc\u00ed p\u0159esnou v\u00fd\u0161ku dr\u017een\u00ed z\u00e1sobn\u00edku pro bezchybn\u00e9 pod\u00e1v\u00e1n\u00ed a konzistentn\u00ed uzamknut\u00ed.<\/li>\n<\/ul>\n<h3>Maxim\u00e1ln\u00ed spolehlivost pod tlakem<\/h3>\n<p>Vnit\u0159n\u00ed geometrie KMR Magazine Catch 28 je precizn\u011b brou\u0161ena, aby poskytovala pozitivn\u00ed &#8222;kliknut\u00ed&#8220; a okam\u017eit\u00e9 uvoln\u011bn\u00ed. Na rozd\u00edl od standardn\u00edch z\u00e1chyt\u016f z\u00e1sobn\u00edk\u016f, kter\u00e9 mohou b\u00fdt mdl\u00e9 nebo vy\u017eadovat nadm\u011brnou s\u00edlu, tato jednotka nab\u00edz\u00ed hmatovou, mechanickou odezvu, kter\u00e1 st\u0159elci d\u00e1v\u00e1 naprostou jistotu, \u017ee byl z\u00e1sobn\u00edk \u00fasp\u011b\u0161n\u011b vyhozen.<\/p>\n<h3>Kl\u00ed\u010dov\u00e9 v\u00fdhody:<\/h3>\n<ul>\n<li><strong>Rychlej\u0161\u00ed nab\u00edjen\u00ed:<\/strong> Prodlou\u017een\u00e1 a roz\u0161\u00ed\u0159en\u00e1 plocha \u010din\u00ed nalezen\u00ed uvoln\u011bn\u00ed instinktivn\u00ed a bez\u00fasiln\u00e9.<\/li>\n<li><strong>Bezpe\u010dn\u00e9 usazen\u00ed z\u00e1sobn\u00edku:<\/strong> Navr\u017eeno tak, aby pevn\u011b dr\u017eelo z\u00e1sobn\u00edk na m\u00edst\u011b proti stres\u016fm rychl\u00e9 palby a pohybu.<\/li>\n<li><strong>Zv\u00fd\u0161en\u00e1 kontrola:<\/strong> Sni\u017euje pot\u0159ebu &#8222;uvoln\u011bn\u00ed&#8220; hlavn\u00edho \u00fachopu, aby se dos\u00e1hlo tla\u010d\u00edtka, co\u017e umo\u017e\u0148uje rychlej\u0161\u00ed op\u011btovn\u00e9 z\u00edsk\u00e1n\u00ed c\u00edle po nabit\u00ed.<\/li>\n<li><strong>Z\u00e1vodn\u011b leg\u00e1ln\u00ed:<\/strong> Navr\u017eeno tak, aby spl\u0148ovalo po\u017eadavky v\u011bt\u0161iny pravidel pro vybaven\u00ed v\u00fdrobn\u00ed a standardn\u00ed divize, a z\u00e1rove\u0148 nab\u00edz\u00ed v\u00fdznamnou ergonomickou v\u00fdhodu.<\/li>\n<\/ul>\n","protected":false},"excerpt":{"rendered":"<p>1100-01202-0900<\/p>\n","protected":false},"featured_media":25746,"template":"","meta":{"_acf_changed":false},"product_brand":[11490],"product_cat":[12659],"product_tag":[],"class_list":{"0":"post-692188","1":"product","2":"type-product","3":"status-publish","4":"has-post-thumbnail","6":"product_brand-kmr-precision","7":"product_cat-kmr-dily","9":"first","10":"instock","11":"taxable","12":"shipping-taxable","13":"product-type-simple"},"acf":[],"_links":{"self":[{"href":"https:\/\/nbg.eu\/cs\/wp-json\/wp\/v2\/product\/692188","targetHints":{"allow":["GET"]}}],"collection":[{"href":"https:\/\/nbg.eu\/cs\/wp-json\/wp\/v2\/product"}],"about":[{"href":"https:\/\/nbg.eu\/cs\/wp-json\/wp\/v2\/types\/product"}],"wp:featuredmedia":[{"embeddable":true,"href":"https:\/\/nbg.eu\/cs\/wp-json\/wp\/v2\/media\/25746"}],"wp:attachment":[{"href":"https:\/\/nbg.eu\/cs\/wp-json\/wp\/v2\/media?parent=692188"}],"wp:term":[{"taxonomy":"product_brand","embeddable":true,"href":"https:\/\/nbg.eu\/cs\/wp-json\/wp\/v2\/product_brand?post=692188"},{"taxonomy":"product_cat","embeddable":true,"href":"https:\/\/nbg.eu\/cs\/wp-json\/wp\/v2\/product_cat?post=692188"},{"taxonomy":"product_tag","embeddable":true,"href":"https:\/\/nbg.eu\/cs\/wp-json\/wp\/v2\/product_tag?post=692188"}],"curies":[{"name":"wp","href":"https:\/\/api.w.org\/{rel}","templated":true}]}}