{"id":692222,"date":"2024-08-17T18:04:12","date_gmt":"2024-08-17T15:04:12","guid":{"rendered":"https:\/\/nbg.eu\/product\/magazine-catch-spring-kmr\/"},"modified":"2026-05-13T16:04:49","modified_gmt":"2026-05-13T13:04:49","slug":"magazine-catch-spring-kmr","status":"publish","type":"product","link":"https:\/\/nbg.eu\/cs\/produkt\/magazine-catch-spring-kmr\/","title":{"rendered":"KMR Pru\u017eina Z\u00e1padky Z\u00e1sobn\u00edku"},"content":{"rendered":"<h2>Pru\u017eina z\u00e1chytu z\u00e1sobn\u00edku KMR<\/h2>\n<p>Vyrobeno s ohledem na p\u0159esnost a trvanlivost, pru\u017eina z\u00e1chytu z\u00e1sobn\u00edku zaji\u0161\u0165uje bezpe\u010dn\u00e9 a spolehliv\u00e9 uvoln\u011bn\u00ed z\u00e1sobn\u00edku, co\u017e poskytuje hladk\u00fd a \u00fa\u010dinn\u00fd z\u00e1\u017eitek pro u\u017eivatele zbran\u00ed. Jej\u00ed robustn\u00ed konstrukce a spolehliv\u00fd v\u00fdkon z n\u00ed d\u011blaj\u00ed nezbytn\u00e9 p\u0159\u00edslu\u0161enstv\u00ed pro udr\u017een\u00ed funk\u010dnosti a v\u00fdkonu va\u0161\u00ed platformy Weapons KMR.<\/p>\n<p>Pru\u017eina z\u00e1chytu z\u00e1sobn\u00edku KMR je univerz\u00e1ln\u00ed a nezbytn\u00e9 p\u0159\u00edslu\u0161enstv\u00ed pro celou \u0159adu model\u016f Weapons KMR. Navr\u017eena tak, aby poskytovala bezpe\u010dn\u00fd a spolehliv\u00fd z\u00e1chyt z\u00e1sobn\u00edku<\/p>\n<p>Pro Weapons KMR:<\/p>\n<p>KMR L-02 EMIQ<\/p>\n<p>KMR L-02 EMIQ (OR)<\/p>\n<p>KMR L-02 ORCA OD 2024<\/p>\n<p>KMR L-02 ORCA DO 2023<\/p>\n<p>KMR L-02 SPECTRA OD 2024<\/p>\n<p>KMR L-02 SPECTRA DO 2023<\/p>\n<p>KMR L-02 UMBRA (OR) SR<\/p>\n<p>KMR S-02 OD 2024<\/p>\n<p>KMR S-02 DO 2023<\/p>\n<p>KMR W-02 CUDA (OR)<\/p>\n<p>KMR W-02 UMBRA<\/p>\n<p>KMR W-02 UMBRA (OR)<\/p>\n","protected":false},"excerpt":{"rendered":"<p>Pru\u017eina pro z\u00e1chyt z\u00e1sobn\u00edku pro zbran\u011b \u0159ady KMR.<\/p>\n","protected":false},"featured_media":24846,"template":"","meta":{"_acf_changed":false},"product_brand":[11490],"product_cat":[12659,12677],"product_tag":[],"class_list":{"0":"post-692222","1":"product","2":"type-product","3":"status-publish","4":"has-post-thumbnail","6":"product_brand-kmr-precision","7":"product_cat-kmr-dily","8":"product_cat-pruziny","10":"first","11":"instock","12":"taxable","13":"shipping-taxable","14":"product-type-simple"},"acf":[],"_links":{"self":[{"href":"https:\/\/nbg.eu\/cs\/wp-json\/wp\/v2\/product\/692222","targetHints":{"allow":["GET"]}}],"collection":[{"href":"https:\/\/nbg.eu\/cs\/wp-json\/wp\/v2\/product"}],"about":[{"href":"https:\/\/nbg.eu\/cs\/wp-json\/wp\/v2\/types\/product"}],"wp:featuredmedia":[{"embeddable":true,"href":"https:\/\/nbg.eu\/cs\/wp-json\/wp\/v2\/media\/24846"}],"wp:attachment":[{"href":"https:\/\/nbg.eu\/cs\/wp-json\/wp\/v2\/media?parent=692222"}],"wp:term":[{"taxonomy":"product_brand","embeddable":true,"href":"https:\/\/nbg.eu\/cs\/wp-json\/wp\/v2\/product_brand?post=692222"},{"taxonomy":"product_cat","embeddable":true,"href":"https:\/\/nbg.eu\/cs\/wp-json\/wp\/v2\/product_cat?post=692222"},{"taxonomy":"product_tag","embeddable":true,"href":"https:\/\/nbg.eu\/cs\/wp-json\/wp\/v2\/product_tag?post=692222"}],"curies":[{"name":"wp","href":"https:\/\/api.w.org\/{rel}","templated":true}]}}