{"id":692305,"date":"2025-05-21T16:01:25","date_gmt":"2025-05-21T13:01:25","guid":{"rendered":"https:\/\/nbg.eu\/product\/magazine-kmr-l-02-orca-cal-9x19-19-rnds\/"},"modified":"2026-05-13T15:09:56","modified_gmt":"2026-05-13T12:09:56","slug":"magazine-kmr-l-02-orca-cal-9x19-19-rnds","status":"publish","type":"product","link":"https:\/\/nbg.eu\/cs\/produkt\/magazine-kmr-l-02-orca-cal-9x19-19-rnds\/","title":{"rendered":"KMR Z\u00e1sobn\u00edk L-02 ORCA 9&#215;19 19 N\u00e1boj\u016f"},"content":{"rendered":"<h2>Z\u00c1SOBN\u00cdK KMR L-02 ORCA r\u00e1\u017ee 9&#215;19 19 n\u00e1boj\u016f<\/h2>\n<p>Zlep\u0161ete v\u00fdkon va\u0161\u00ed pistole KMR L-02 ORCA s t\u00edmto z\u00e1sobn\u00edkem s velkou kapacitou. S 19 n\u00e1boji r\u00e1\u017ee 9x19mm zaji\u0161\u0165uje spolehliv\u00e9 pod\u00e1v\u00e1n\u00ed a hladk\u00fd provoz, co\u017e z n\u011bj d\u011bl\u00e1 dokonal\u00e9ho spole\u010dn\u00edka pro va\u0161i zbra\u0148. Je kompatibiln\u00ed s modely KMR L-02 EMIQ a EMIQ (OR), a je nezbytnost\u00ed pro ty, kte\u0159\u00ed hledaj\u00ed zv\u00fd\u0161enou kapacitu a vylep\u0161enou funk\u010dnost.<\/p>\n<p>\u010c\u00edslo d\u00edlu: 1152-02402-0001<\/p>\n<p>Kompatibiln\u00ed s:<\/p>\n<ul>\n<li>KMR L-02 EMIQ<\/li>\n<li>KMR L-02 EMIQ (OR)<\/li>\n<li>KMR L-02 ORCA do roku 2023<\/li>\n<\/ul>\n","protected":false},"excerpt":{"rendered":"<p>Z\u00e1sobn\u00edk s vysokou kapacitou 19 n\u00e1boj\u016f pro pistole KMR L-02 ORCA 9&#215;19. Spolehliv\u00e9 pln\u011bn\u00ed a hladk\u00fd chod.<\/p>\n","protected":false},"featured_media":365236,"template":"","meta":{"_acf_changed":false},"product_brand":[11490],"product_cat":[12655,12659],"product_tag":[],"class_list":{"0":"post-692305","1":"product","2":"type-product","3":"status-publish","4":"has-post-thumbnail","6":"product_brand-kmr-precision","7":"product_cat-dily-na-pistole","8":"product_cat-kmr-dily","10":"first","11":"instock","12":"taxable","13":"shipping-taxable","14":"product-type-simple"},"acf":[],"_links":{"self":[{"href":"https:\/\/nbg.eu\/cs\/wp-json\/wp\/v2\/product\/692305","targetHints":{"allow":["GET"]}}],"collection":[{"href":"https:\/\/nbg.eu\/cs\/wp-json\/wp\/v2\/product"}],"about":[{"href":"https:\/\/nbg.eu\/cs\/wp-json\/wp\/v2\/types\/product"}],"wp:featuredmedia":[{"embeddable":true,"href":"https:\/\/nbg.eu\/cs\/wp-json\/wp\/v2\/media\/365236"}],"wp:attachment":[{"href":"https:\/\/nbg.eu\/cs\/wp-json\/wp\/v2\/media?parent=692305"}],"wp:term":[{"taxonomy":"product_brand","embeddable":true,"href":"https:\/\/nbg.eu\/cs\/wp-json\/wp\/v2\/product_brand?post=692305"},{"taxonomy":"product_cat","embeddable":true,"href":"https:\/\/nbg.eu\/cs\/wp-json\/wp\/v2\/product_cat?post=692305"},{"taxonomy":"product_tag","embeddable":true,"href":"https:\/\/nbg.eu\/cs\/wp-json\/wp\/v2\/product_tag?post=692305"}],"curies":[{"name":"wp","href":"https:\/\/api.w.org\/{rel}","templated":true}]}}