{"id":692318,"date":"2025-05-20T23:13:22","date_gmt":"2025-05-20T20:13:22","guid":{"rendered":"https:\/\/nbg.eu\/product\/magazine-mec-gar-cal-9x19-17-rnds\/"},"modified":"2026-05-13T16:02:54","modified_gmt":"2026-05-13T13:02:54","slug":"magazine-mec-gar-cal-9x19-17-rnds","status":"publish","type":"product","link":"https:\/\/nbg.eu\/cs\/produkt\/magazine-mec-gar-cal-9x19-17-rnds\/","title":{"rendered":"KMR Z\u00e1sobn\u00edk MEC-GAR 9&#215;19 17 N\u00e1boj\u016f"},"content":{"rendered":"<h2>Z\u00c1SOBN\u00cdK MEC-GAR r\u00e1\u017ee 9&#215;19 17 n\u00e1boj\u016f<\/h2>\n<p>Referen\u010dn\u00ed \u010d\u00edslo: 1152-01901-0000<\/p>\n<p>Vysokokapacitn\u00ed z\u00e1sobn\u00edk s 17 n\u00e1boji pro pistole r\u00e1\u017ee 9x19mm. Kompatibiln\u00ed s r\u016fzn\u00fdmi modely KMR v\u010detn\u011b SPECTRA, UMBRA a CUDA (verze 2023 a 2024). Tak\u00e9 se hod\u00ed pro pistole CZ SHADOW 1, SHADOW 2 a SP-01. Spolehliv\u00e9 pod\u00e1v\u00e1n\u00ed a odoln\u00e1 konstrukce zaji\u0161\u0165uj\u00ed optim\u00e1ln\u00ed v\u00fdkon pro va\u0161i zbra\u0148.<\/p>\n","protected":false},"excerpt":{"rendered":"<p>Z\u00e1sobn\u00edk vysok\u00e9 kapacity 9mm pro zbran\u011b KMR a CZ. 17 n\u00e1boj\u016f.<\/p>\n","protected":false},"featured_media":365184,"template":"","meta":{"_acf_changed":false},"product_brand":[11490],"product_cat":[12655,12659],"product_tag":[],"class_list":{"0":"post-692318","1":"product","2":"type-product","3":"status-publish","4":"has-post-thumbnail","6":"product_brand-kmr-precision","7":"product_cat-dily-na-pistole","8":"product_cat-kmr-dily","10":"first","11":"instock","12":"taxable","13":"shipping-taxable","14":"product-type-simple"},"acf":[],"_links":{"self":[{"href":"https:\/\/nbg.eu\/cs\/wp-json\/wp\/v2\/product\/692318","targetHints":{"allow":["GET"]}}],"collection":[{"href":"https:\/\/nbg.eu\/cs\/wp-json\/wp\/v2\/product"}],"about":[{"href":"https:\/\/nbg.eu\/cs\/wp-json\/wp\/v2\/types\/product"}],"wp:featuredmedia":[{"embeddable":true,"href":"https:\/\/nbg.eu\/cs\/wp-json\/wp\/v2\/media\/365184"}],"wp:attachment":[{"href":"https:\/\/nbg.eu\/cs\/wp-json\/wp\/v2\/media?parent=692318"}],"wp:term":[{"taxonomy":"product_brand","embeddable":true,"href":"https:\/\/nbg.eu\/cs\/wp-json\/wp\/v2\/product_brand?post=692318"},{"taxonomy":"product_cat","embeddable":true,"href":"https:\/\/nbg.eu\/cs\/wp-json\/wp\/v2\/product_cat?post=692318"},{"taxonomy":"product_tag","embeddable":true,"href":"https:\/\/nbg.eu\/cs\/wp-json\/wp\/v2\/product_tag?post=692318"}],"curies":[{"name":"wp","href":"https:\/\/api.w.org\/{rel}","templated":true}]}}