{"id":692334,"date":"2024-08-18T11:13:19","date_gmt":"2024-08-18T08:13:19","guid":{"rendered":"https:\/\/nbg.eu\/product\/magwell-screw-m4x8-din-915-kmr\/"},"modified":"2026-05-13T15:11:12","modified_gmt":"2026-05-13T12:11:12","slug":"magwell-screw-m4x8-din-915-kmr","status":"publish","type":"product","link":"https:\/\/nbg.eu\/cs\/produkt\/magwell-screw-m4x8-din-915-kmr\/","title":{"rendered":"KMR \u0160roub Magwellu M4x8 DIN 915"},"content":{"rendered":"<h2>Magwell \u0160roub M4X8 Din 915 KMR &#8211; Zabezpe\u010den\u00ed zbra\u0148ov\u00fdch upevn\u011bn\u00ed pro KMR modely<\/h2>\n<p>Magwell \u0161roub je nezbytnou sou\u010d\u00e1st\u00ed pro bezpe\u010dn\u00e9 p\u0159ipevn\u011bn\u00ed dopl\u0148k\u016f a upevn\u011bn\u00ed k va\u0161im zbra\u0148ov\u00fdm syst\u00e9m\u016fm KMR.<\/p>\n<p>Vyrobeno z vysoce kvalitn\u00edch materi\u00e1l\u016f a postaveno tak, aby odolalo n\u00e1ro\u010dn\u00e9mu taktick\u00e9mu pou\u017e\u00edv\u00e1n\u00ed, Magwell \u0161roub zaji\u0161\u0165uje t\u011bsn\u00e9 a bezpe\u010dn\u00e9 p\u0159ipevn\u011bn\u00ed, aby se va\u0161e upevn\u011bn\u00ed b\u011bhem provozu neuvol\u0148ovala nebo neodch\u00e1zela. Jeho z\u00e1vit M4x8 Din 915 poskytuje robustn\u00ed a spolehliv\u00e9 p\u0159ipojen\u00ed, co\u017e v\u00e1m umo\u017e\u0148uje s d\u016fv\u011brou p\u0159ipevnit m\u00ed\u0159idla, lasery, sv\u011btla a dal\u0161\u00ed nezbytn\u00e9 vybaven\u00ed na va\u0161i platformu KMR.<\/p>\n<p>Magwell \u0161roub je nezbytn\u00fdm dopl\u0148kem pro zv\u00fd\u0161en\u00ed funk\u010dnosti a p\u0159izp\u016fsoben\u00ed va\u0161eho zbra\u0148ov\u00e9ho syst\u00e9mu. Zajist\u011bte, aby va\u0161e upevn\u011bn\u00ed z\u016fstala pevn\u011b na sv\u00e9m m\u00edst\u011b a zachovala si optim\u00e1ln\u00ed v\u00fdkon s t\u00edmto spolehliv\u00fdm a trvanliv\u00fdm \u0161roubem.<\/p>\n","protected":false},"excerpt":{"rendered":"<p>\u0160roub magwell M4x8 Din 915 pro modely KMR L-02 EMIQ, ORCA.<\/p>\n","protected":false},"featured_media":25422,"template":"","meta":{"_acf_changed":false},"product_brand":[11490],"product_cat":[12655,14971,12679],"product_tag":[],"class_list":{"0":"post-692334","1":"product","2":"type-product","3":"status-publish","4":"has-post-thumbnail","6":"product_brand-kmr-precision","7":"product_cat-dily-na-pistole","8":"product_cat-pistol-magwells-cs","9":"product_cat-pistole","11":"first","12":"instock","13":"taxable","14":"shipping-taxable","15":"product-type-simple"},"acf":[],"_links":{"self":[{"href":"https:\/\/nbg.eu\/cs\/wp-json\/wp\/v2\/product\/692334","targetHints":{"allow":["GET"]}}],"collection":[{"href":"https:\/\/nbg.eu\/cs\/wp-json\/wp\/v2\/product"}],"about":[{"href":"https:\/\/nbg.eu\/cs\/wp-json\/wp\/v2\/types\/product"}],"wp:featuredmedia":[{"embeddable":true,"href":"https:\/\/nbg.eu\/cs\/wp-json\/wp\/v2\/media\/25422"}],"wp:attachment":[{"href":"https:\/\/nbg.eu\/cs\/wp-json\/wp\/v2\/media?parent=692334"}],"wp:term":[{"taxonomy":"product_brand","embeddable":true,"href":"https:\/\/nbg.eu\/cs\/wp-json\/wp\/v2\/product_brand?post=692334"},{"taxonomy":"product_cat","embeddable":true,"href":"https:\/\/nbg.eu\/cs\/wp-json\/wp\/v2\/product_cat?post=692334"},{"taxonomy":"product_tag","embeddable":true,"href":"https:\/\/nbg.eu\/cs\/wp-json\/wp\/v2\/product_tag?post=692334"}],"curies":[{"name":"wp","href":"https:\/\/api.w.org\/{rel}","templated":true}]}}