{"id":692365,"date":"2024-08-17T15:42:34","date_gmt":"2024-08-17T12:42:34","guid":{"rendered":"https:\/\/nbg.eu\/product\/magwell-kmr-l-02-alu-brass\/"},"modified":"2026-05-13T15:10:43","modified_gmt":"2026-05-13T12:10:43","slug":"magwell-kmr-l-02-alu-brass","status":"publish","type":"product","link":"https:\/\/nbg.eu\/cs\/produkt\/magwell-kmr-l-02-alu-brass\/","title":{"rendered":"KMR Magwell L-02 Mosaz"},"content":{"rendered":"<h2>Magwell KMR L-02 Mosaz: Precizn\u00ed upgrade zbran\u011b pro platformy KMR<\/h2>\n<p>P\u0159edstavujeme Magwell KMR L-02 Mosaz, pr\u00e9miov\u00fd produkt navr\u017een\u00fd ke zlep\u0161en\u00ed v\u00fdkonu a funk\u010dnosti va\u0161ich zbran\u00ed kompatibiln\u00edch s KMR. Vyrobeno s preciznost\u00ed a pe\u010dlivost\u00ed, tato mosazn\u00e1 sou\u010d\u00e1stka je navr\u017eena tak, aby se hladce integrovala do va\u0161\u00ed platformy KMR a poskytla elegantn\u00ed a trvanliv\u00e9 vylep\u0161en\u00ed.<\/p>\n<p>Vyrobeno z vysoce kvalitn\u00edho mosazn\u00e9ho materi\u00e1lu, Magwell KMR L-02 Mosaz nab\u00edz\u00ed mimo\u0159\u00e1dnou trvanlivost a pr\u00e9miov\u00fd vzhled, kter\u00fd zv\u00fd\u0161\u00ed vzhled va\u0161\u00ed zbran\u011b. Jeho elegantn\u00ed design a hladk\u00e1 integrace zaji\u0161\u0165uj\u00ed hladk\u00fd a nenaru\u0161uj\u00edc\u00ed upgrade, d\u00edky \u010demu\u017e si m\u016f\u017eete zachovat v\u00fdkon a manipula\u010dn\u00ed vlastnosti, na kter\u00e9 jste u sv\u00e9 platformy KMR zvykl\u00ed.<\/p>\n<p>Pro zbran\u011b KMR<\/p>\n<p>KMR L-02 EMIQ<\/p>\n<p>KMR L-02 EMIQ (OR)<\/p>\n<p>KMR L-02 ORCA do roku 2023<\/p>\n<p>KMR L-02 SPECTRA do roku 2023<\/p>\n<p>Odkaz 0531-01101-0316<\/p>\n","protected":false},"excerpt":{"rendered":"<p>Magwell KMR L-02 Mosaz pro zbran\u011b KMR<\/p>\n","protected":false},"featured_media":720241,"template":"","meta":{"_acf_changed":false},"product_brand":[11490],"product_cat":[12655,14971,12679],"product_tag":[],"class_list":{"0":"post-692365","1":"product","2":"type-product","3":"status-publish","4":"has-post-thumbnail","6":"product_brand-kmr-precision","7":"product_cat-dily-na-pistole","8":"product_cat-pistol-magwells-cs","9":"product_cat-pistole","11":"first","12":"outofstock","13":"taxable","14":"shipping-taxable","15":"product-type-simple"},"acf":[],"_links":{"self":[{"href":"https:\/\/nbg.eu\/cs\/wp-json\/wp\/v2\/product\/692365","targetHints":{"allow":["GET"]}}],"collection":[{"href":"https:\/\/nbg.eu\/cs\/wp-json\/wp\/v2\/product"}],"about":[{"href":"https:\/\/nbg.eu\/cs\/wp-json\/wp\/v2\/types\/product"}],"wp:featuredmedia":[{"embeddable":true,"href":"https:\/\/nbg.eu\/cs\/wp-json\/wp\/v2\/media\/720241"}],"wp:attachment":[{"href":"https:\/\/nbg.eu\/cs\/wp-json\/wp\/v2\/media?parent=692365"}],"wp:term":[{"taxonomy":"product_brand","embeddable":true,"href":"https:\/\/nbg.eu\/cs\/wp-json\/wp\/v2\/product_brand?post=692365"},{"taxonomy":"product_cat","embeddable":true,"href":"https:\/\/nbg.eu\/cs\/wp-json\/wp\/v2\/product_cat?post=692365"},{"taxonomy":"product_tag","embeddable":true,"href":"https:\/\/nbg.eu\/cs\/wp-json\/wp\/v2\/product_tag?post=692365"}],"curies":[{"name":"wp","href":"https:\/\/api.w.org\/{rel}","templated":true}]}}