{"id":692388,"date":"2024-08-18T11:19:05","date_gmt":"2024-08-18T08:19:05","guid":{"rendered":"https:\/\/nbg.eu\/product\/mag-release-button-screw-m3x6-iso-14581-kmr\/"},"modified":"2026-05-13T16:03:49","modified_gmt":"2026-05-13T13:03:49","slug":"mag-release-button-screw-m3x6-iso-14581-kmr","status":"publish","type":"product","link":"https:\/\/nbg.eu\/cs\/produkt\/mag-release-button-screw-m3x6-iso-14581-kmr\/","title":{"rendered":"KMR \u0160roub Tla\u010d\u00edtka Z\u00e1sobn\u00edku M3x6 ISO 14581"},"content":{"rendered":"<h2>\u0160roub pro mag. tla\u010d\u00edtko M3X6 Iso 14581 KMR<\/h2>\n<p>Tento \u0161roub pro mag. tla\u010d\u00edtko M3X6 Iso 14581 je d\u016fle\u017eitou sou\u010d\u00e1st\u00ed pro \u0161irokou \u0161k\u00e1lu zbran\u00ed KMR. Vyroben\u00fd v souladu s normou ISO 14581 zaji\u0161\u0165uje bezpe\u010dn\u00e9 a spolehliv\u00e9 p\u0159ipojen\u00ed mag. tla\u010d\u00edtka, umo\u017e\u0148uje hladk\u00fd provoz a \u00fadr\u017ebu zbran\u011b. D\u00edky sv\u00e9 velikosti M3x6 je toto p\u0159\u00edslu\u0161enstv\u00ed nezbytn\u00e9 pro kohokoliv, kdo servisuje nebo upgraduje sv\u00e9 paln\u00e9 zbran\u011b kompatibiln\u00ed s KMR.<\/p>\n<p>Pro zbran\u011b KMR<\/p>\n<p>KMR L-02 EMIQ<\/p>\n<p>KMR L-02 EMIQ (OR)<\/p>\n<p>KMR L-02 ORCA od 2024<\/p>\n<p>KMR L-02 ORCA do 2023<\/p>\n<p>KMR L-02 SPECTRA od 2024<\/p>\n<p>KMR L-02 SPECTRA do 2023<\/p>\n<p>KMR L-02 UMBRA (OR) SR<\/p>\n<p>KMR S-01 LANCE (OR)<\/p>\n<p>KMR S-02 od 2024<\/p>\n<p>KMR S-02 do 2023<\/p>\n<p>KMR W-02 CUDA (OR)<\/p>\n<p>KMR W-02 UMBRA<\/p>\n<p>KMR W-02 UMBRA (OR<\/p>\n","protected":false},"excerpt":{"rendered":"<p>\u0160roub pro tla\u010d\u00edtko uvoln\u011bn\u00ed z\u00e1sobn\u00edku M3X6 Iso 14581 KMR pro r\u016fzn\u00e9 zbran\u011b KMR.<\/p>\n","protected":false},"featured_media":25469,"template":"","meta":{"_acf_changed":false},"product_brand":[11490],"product_cat":[12659],"product_tag":[],"class_list":{"0":"post-692388","1":"product","2":"type-product","3":"status-publish","4":"has-post-thumbnail","6":"product_brand-kmr-precision","7":"product_cat-kmr-dily","9":"first","10":"instock","11":"taxable","12":"shipping-taxable","13":"product-type-simple"},"acf":[],"_links":{"self":[{"href":"https:\/\/nbg.eu\/cs\/wp-json\/wp\/v2\/product\/692388","targetHints":{"allow":["GET"]}}],"collection":[{"href":"https:\/\/nbg.eu\/cs\/wp-json\/wp\/v2\/product"}],"about":[{"href":"https:\/\/nbg.eu\/cs\/wp-json\/wp\/v2\/types\/product"}],"wp:featuredmedia":[{"embeddable":true,"href":"https:\/\/nbg.eu\/cs\/wp-json\/wp\/v2\/media\/25469"}],"wp:attachment":[{"href":"https:\/\/nbg.eu\/cs\/wp-json\/wp\/v2\/media?parent=692388"}],"wp:term":[{"taxonomy":"product_brand","embeddable":true,"href":"https:\/\/nbg.eu\/cs\/wp-json\/wp\/v2\/product_brand?post=692388"},{"taxonomy":"product_cat","embeddable":true,"href":"https:\/\/nbg.eu\/cs\/wp-json\/wp\/v2\/product_cat?post=692388"},{"taxonomy":"product_tag","embeddable":true,"href":"https:\/\/nbg.eu\/cs\/wp-json\/wp\/v2\/product_tag?post=692388"}],"curies":[{"name":"wp","href":"https:\/\/api.w.org\/{rel}","templated":true}]}}