{"id":692508,"date":"2024-08-18T11:27:17","date_gmt":"2024-08-18T08:27:17","guid":{"rendered":"https:\/\/nbg.eu\/product\/main-spring-strut-kmr-w\/"},"modified":"2026-05-13T16:40:25","modified_gmt":"2026-05-13T13:40:25","slug":"main-spring-strut-kmr-w","status":"publish","type":"product","link":"https:\/\/nbg.eu\/cs\/produkt\/main-spring-strut-kmr-w\/","title":{"rendered":"KMR Vzp\u011bra \u00dadern\u00e9 Pru\u017einy W"},"content":{"rendered":"<h2>KMR W-Series Hlavn\u00ed pru\u017einov\u00fd tlumi\u010d<\/h2>\n<p>KMR W-Series Hlavn\u00ed pru\u017einov\u00fd tlumi\u010d je vysoce p\u0159esn\u00e1 vnit\u0159n\u00ed komponenta navr\u017een\u00e1 k optimalizaci zapalovac\u00edho cyklu a spou\u0161t\u011bn\u00ed va\u0161\u00ed pistole KMR. Jako prim\u00e1rn\u00ed spojka mezi kohoutkem a hlavn\u00ed pru\u017einou je tento tlumi\u010d kl\u00ed\u010dov\u00fd pro zaji\u0161t\u011bn\u00ed konzistentn\u00edho p\u0159enosu energie a plynul\u00e9ho, p\u0159edv\u00eddateln\u00e9ho spu\u0161t\u011bn\u00ed spou\u0161t\u011b.<\/p>\n<h3>Precizn\u00ed in\u017een\u00fdrstv\u00ed pro nad\u0159adn\u00ed v\u00fdkon<\/h3>\n<p>V z\u00e1vodn\u00ed paln\u00e9 zbrani, jako je \u0159ada KMR W, mus\u00ed ka\u017ed\u00e1 pohybliv\u00e1 \u010d\u00e1st fungovat s minim\u00e1ln\u00edm t\u0159en\u00edm. Tento hlavn\u00ed pru\u017einov\u00fd tlumi\u010d je precizn\u011b obr\u00e1b\u011bn z vysoce kvalitn\u00ed oceli a opat\u0159en speci\u00e1ln\u00edm povrchem s n\u00edzk\u00fdm koeficientem t\u0159en\u00ed. To zaji\u0161\u0165uje, \u017ee p\u0159i nap\u00edn\u00e1n\u00ed a uvol\u0148ov\u00e1n\u00ed kohoutku se pru\u017eina stla\u010duje a roztahuje bez zadrh\u00e1v\u00e1n\u00ed nebo hrubosti, co\u017e m\u00e1 za n\u00e1sledek znateln\u011b plynulej\u0161\u00ed chod spou\u0161t\u011b a ost\u0159ej\u0161\u00ed zp\u011btn\u00fd r\u00e1z.<\/p>\n<h3>Technick\u00e9 specifikace:<\/h3>\n<ul>\n<li><strong>Vysoce pevn\u00e1 n\u00e1strojov\u00e1 ocel:<\/strong> Vyrobeno z kalen\u00e9 oceli, aby odolalo oh\u00fdb\u00e1n\u00ed a opot\u0159eben\u00ed p\u0159i neust\u00e1l\u00e9m vysok\u00e9m tlakov\u00e9m nap\u011bt\u00ed hlavn\u00ed pru\u017einy.<\/li>\n<li><strong>Optimalizovan\u00e1 geometrie:<\/strong> Speci\u00e1ln\u011b tvarovan\u00fd pro r\u00e1m \u0159ady KMR W, aby zajistil dokonal\u00e9 zarovn\u00e1n\u00ed s kohoutkem a zabr\u00e1nil bo\u010dn\u00edmu v\u016fli a nekonzistentn\u00edm \u00fader\u016fm na z\u00e1palku.<\/li>\n<li><strong>Le\u0161t\u011bn\u00e9 kluzn\u00e9 plochy:<\/strong> Tlumi\u010d m\u00e1 le\u0161t\u011bn\u00e9 hrany, aby se sn\u00ed\u017eilo vnit\u0159n\u00ed t\u0159en\u00ed proti pru\u017ein\u011b a r\u00e1mu, co\u017e vylep\u0161uje celkov\u00fd &#8222;pocit&#8220; z akce.<\/li>\n<li><strong>P\u0159\u00edm\u00e1 n\u00e1hrada OEM:<\/strong> Navr\u017eeno podle tov\u00e1rn\u00ed specifikace pro modely KMR W-02 a p\u0159\u00edbuzn\u00e9, co\u017e zaji\u0161\u0165uje perfektn\u00ed p\u0159\u00edmou z\u00e1m\u011bnu bez pot\u0159eby \u00faprav.<\/li>\n<\/ul>\n<h3>Pro\u010d upgradovat v\u00e1\u0161 hlavn\u00ed pru\u017einov\u00fd tlumi\u010d?<\/h3>\n<p>Hlavn\u00ed pru\u017einov\u00fd tlumi\u010d je vysoce nam\u00e1han\u00e1 sou\u010d\u00e1stka, kter\u00e1 ur\u010duje &#8222;na\u010dasov\u00e1n\u00ed&#8220; zapalovac\u00edho syst\u00e9mu va\u0161\u00ed pistole. Tlumi\u010d podle tov\u00e1rn\u00ed specifikace KMR zaji\u0161\u0165uje, \u017ee p\u00e1d kohoutku z\u016fstane konzistentn\u00ed z\u00e1krok po z\u00e1kroku. A\u0165 u\u017e dola\u010fujete svou pistoli s r\u016fzn\u00fdmi silami pru\u017ein pro leh\u010d\u00ed z\u00e1vodn\u00ed spou\u0161t\u011b, nebo pouze udr\u017eujete svou zbra\u0148 pro maxim\u00e1ln\u00ed spolehlivost, tato origin\u00e1ln\u00ed sou\u010d\u00e1st KMR je nezbytn\u00e1 pro \u0161pi\u010dkov\u00fd v\u00fdkon.<\/p>\n<h3>Kl\u00ed\u010dov\u00e9 p\u0159\u00ednosy:<\/h3>\n<ul>\n<li><strong>Plynulej\u0161\u00ed tah spou\u0161t\u011b:<\/strong> Eliminuje &#8222;\u0161kr\u00e1bav\u00fd&#8220; pocit, kter\u00fd \u010dasto zp\u016fsobuj\u00ed ra\u017een\u00e9 nebo nele\u0161t\u011bn\u00e9 tlumi\u010de.<\/li>\n<li><strong>Zlep\u0161en\u00e1 spolehlivost zapalov\u00e1n\u00ed:<\/strong> Zaji\u0161\u0165uje, \u017ee hlavn\u00ed pru\u017eina dod\u00e1v\u00e1 kohoutku konzistentn\u00ed vertik\u00e1ln\u00ed s\u00edlu, co\u017e sni\u017euje riziko lehk\u00fdch z\u00e1pich.<\/li>\n<li><strong>Vylep\u0161en\u00e1 trvanlivost:<\/strong> Navr\u017eeno, aby vydr\u017eelo stovky tis\u00edc cykl\u016f bez \u00fanavy nebo deformace.<\/li>\n<li><strong>Profesion\u00e1ln\u00ed kvalita:<\/strong> Preferovan\u00e1 volba pro zbroj\u00ed\u0159e a z\u00e1vodn\u00ed st\u0159elce, kte\u0159\u00ed cht\u011bj\u00ed udr\u017eet vysok\u00e9 standardy platformy KMR W-series.<\/li>\n<\/ul>\n","protected":false},"excerpt":{"rendered":"<p>0960-00102-0401<\/p>\n","protected":false},"featured_media":25607,"template":"","meta":{"_acf_changed":false},"product_brand":[11490],"product_cat":[12659,12677],"product_tag":[],"class_list":{"0":"post-692508","1":"product","2":"type-product","3":"status-publish","4":"has-post-thumbnail","6":"product_brand-kmr-precision","7":"product_cat-kmr-dily","8":"product_cat-pruziny","10":"first","11":"instock","12":"taxable","13":"shipping-taxable","14":"product-type-simple"},"acf":[],"_links":{"self":[{"href":"https:\/\/nbg.eu\/cs\/wp-json\/wp\/v2\/product\/692508","targetHints":{"allow":["GET"]}}],"collection":[{"href":"https:\/\/nbg.eu\/cs\/wp-json\/wp\/v2\/product"}],"about":[{"href":"https:\/\/nbg.eu\/cs\/wp-json\/wp\/v2\/types\/product"}],"wp:featuredmedia":[{"embeddable":true,"href":"https:\/\/nbg.eu\/cs\/wp-json\/wp\/v2\/media\/25607"}],"wp:attachment":[{"href":"https:\/\/nbg.eu\/cs\/wp-json\/wp\/v2\/media?parent=692508"}],"wp:term":[{"taxonomy":"product_brand","embeddable":true,"href":"https:\/\/nbg.eu\/cs\/wp-json\/wp\/v2\/product_brand?post=692508"},{"taxonomy":"product_cat","embeddable":true,"href":"https:\/\/nbg.eu\/cs\/wp-json\/wp\/v2\/product_cat?post=692508"},{"taxonomy":"product_tag","embeddable":true,"href":"https:\/\/nbg.eu\/cs\/wp-json\/wp\/v2\/product_tag?post=692508"}],"curies":[{"name":"wp","href":"https:\/\/api.w.org\/{rel}","templated":true}]}}