{"id":692582,"date":"2024-08-17T15:26:04","date_gmt":"2024-08-17T12:26:04","guid":{"rendered":"https:\/\/nbg.eu\/product\/main-spring-plug-pin-kmr\/"},"modified":"2026-05-13T16:01:55","modified_gmt":"2026-05-13T13:01:55","slug":"main-spring-plug-pin-kmr","status":"publish","type":"product","link":"https:\/\/nbg.eu\/cs\/produkt\/main-spring-plug-pin-kmr\/","title":{"rendered":"KMR \u010cep Z\u00e1tky \u00dadern\u00e9 Pru\u017einy"},"content":{"rendered":"<h2>Hlavn\u00ed pru\u017einov\u00fd \u010dep KMR<\/h2>\n<p>Vyrobeno s preciznost\u00ed a trvanlivost\u00ed, Hlavn\u00ed pru\u017einov\u00fd \u010dep KMR je nezbytnou sou\u010d\u00e1stkou pro \u00fadr\u017ebu a optimalizaci v\u00fdkonu va\u0161\u00ed paln\u00e9 zbran\u011b. Tento \u010dep je navr\u017een tak, aby bezpe\u010dn\u011b udr\u017eoval hlavn\u00ed pru\u017einu na sv\u00e9m m\u00edst\u011b, zaji\u0161\u0165uje spolehliv\u00fd provoz a konzistentn\u00ed tah spou\u0161t\u011b. Vyroben\u00fd z vysoce kvalitn\u00edch materi\u00e1l\u016f, KMR \u010dep je postaven, aby vydr\u017eel n\u00e1ro\u010dnosti pravideln\u00e9ho pou\u017eit\u00ed, co\u017e z n\u011bj d\u011bl\u00e1 d\u016fv\u011bryhodnou volbu pro nad\u0161ence do zbran\u00ed a profesion\u00e1ly.<\/p>\n<p>S elegantn\u00edm a kompaktn\u00edm designem Hlavn\u00ed pru\u017einov\u00fd \u010dep KMR hladce integruje s vnit\u0159n\u00edmi mechanismy va\u0161\u00ed paln\u00e9 zbran\u011b, poskytuje \u010dist\u00fd a diskr\u00e9tn\u00ed vzhled. Jeho kompaktn\u00ed velikost zaji\u0161\u0165uje snadnou instalaci a v\u00fdm\u011bnu, umo\u017e\u0148uje v\u00e1m snadno udr\u017eovat va\u0161i zbra\u0148. A\u0165 u\u017e jste sout\u011b\u017en\u00ed st\u0159elec nebo ob\u010dasn\u00fd majitel zbran\u011b, tento \u010dep je nezbytn\u00fdm dopl\u0148kem pro zaji\u0161t\u011bn\u00ed optim\u00e1ln\u00edho v\u00fdkonu va\u0161\u00ed paln\u00e9 zbran\u011b.<\/p>\n<p>S garanc\u00ed kvality je tento \u010dep spolehlivou volbou pro zabezpe\u010den\u00ed integrity va\u0161\u00ed paln\u00e9 zbran\u011b. Jeho odoln\u00e1 konstrukce a p\u0159esn\u00e9 in\u017een\u00fdrstv\u00ed z n\u011bj d\u011blaj\u00ed cenn\u00fd dopln\u011bk do va\u0161eho arzen\u00e1lu \u00fadr\u017eby zbran\u00ed, zaji\u0161\u0165uje, \u017ee va\u0161e paln\u00e1 zbra\u0148 bude fungovat na sv\u00e9m maxim\u00e1ln\u00edm potenci\u00e1lu po dlouh\u00e1 l\u00e9ta.<\/p>\n","protected":false},"excerpt":{"rendered":"<p>Hlavn\u00ed pru\u017einov\u00e1 z\u00e1suvn\u00e1 kol\u00edk KMR &#8211; Odoln\u00fd a spolehliv\u00fd pro optim\u00e1ln\u00ed v\u00fdkon.<\/p>\n","protected":false},"featured_media":24102,"template":"","meta":{"_acf_changed":false},"product_brand":[11490],"product_cat":[12659],"product_tag":[],"class_list":{"0":"post-692582","1":"product","2":"type-product","3":"status-publish","4":"has-post-thumbnail","6":"product_brand-kmr-precision","7":"product_cat-kmr-dily","9":"first","10":"instock","11":"taxable","12":"shipping-taxable","13":"product-type-simple"},"acf":[],"_links":{"self":[{"href":"https:\/\/nbg.eu\/cs\/wp-json\/wp\/v2\/product\/692582","targetHints":{"allow":["GET"]}}],"collection":[{"href":"https:\/\/nbg.eu\/cs\/wp-json\/wp\/v2\/product"}],"about":[{"href":"https:\/\/nbg.eu\/cs\/wp-json\/wp\/v2\/types\/product"}],"wp:featuredmedia":[{"embeddable":true,"href":"https:\/\/nbg.eu\/cs\/wp-json\/wp\/v2\/media\/24102"}],"wp:attachment":[{"href":"https:\/\/nbg.eu\/cs\/wp-json\/wp\/v2\/media?parent=692582"}],"wp:term":[{"taxonomy":"product_brand","embeddable":true,"href":"https:\/\/nbg.eu\/cs\/wp-json\/wp\/v2\/product_brand?post=692582"},{"taxonomy":"product_cat","embeddable":true,"href":"https:\/\/nbg.eu\/cs\/wp-json\/wp\/v2\/product_cat?post=692582"},{"taxonomy":"product_tag","embeddable":true,"href":"https:\/\/nbg.eu\/cs\/wp-json\/wp\/v2\/product_tag?post=692582"}],"curies":[{"name":"wp","href":"https:\/\/api.w.org\/{rel}","templated":true}]}}