{"id":692612,"date":"2024-11-03T10:02:34","date_gmt":"2024-11-03T07:02:34","guid":{"rendered":"https:\/\/nbg.eu\/product\/norma-cal-6-5-creedmoore-target-match-8-4g-130gr\/"},"modified":"2026-05-13T16:04:50","modified_gmt":"2026-05-13T13:04:50","slug":"norma-cal-6-5-creedmoore-target-match-8-4g-130gr","status":"publish","type":"product","link":"https:\/\/nbg.eu\/cs\/produkt\/norma-cal-6-5-creedmoore-target-match-8-4g-130gr\/","title":{"rendered":"NORMA cal. 6.5 Creedmoore Target Match 8.4g\/130gr."},"content":{"rendered":"<h2>NORMA cal. 6.5 Creedmoore Target Match 8.4g\/130gr<\/h2>\n<p>Za\u017eijte p\u0159esnost s munic\u00ed NORMA 6.5 Creedmoor Target Match. Vyvinut\u00e1 v roce 2007, tato n\u00e1bojnice vynik\u00e1 v dlouh\u00e9 vzd\u00e1lenosti p\u0159i st\u0159elb\u011b na ter\u010d a lovu. Kulka 6,5 mm se chlub\u00ed vynikaj\u00edc\u00edmi hustotami pr\u016f\u0159ezu a balistick\u00fdmi koeficienty, co\u017e zaji\u0161\u0165uje nad\u0159azenou v\u00fdkonnost na prodlou\u017een\u00e9 vzd\u00e1lenosti.<\/p>\n<h3>Vlastnosti:<\/h3>\n<ul>\n<li>R\u00e1\u017ee: 6.5 Creedmoor<\/li>\n<li>Hmotnost: 8.4g\/130gr<\/li>\n<li>Balistick\u00fd koeficient: G1 0.548 \/ G7 0.294<\/li>\n<li>Typ: Golden Target<\/li>\n<li>Zapalov\u00e1n\u00ed: Centr\u00e1ln\u00ed z\u00e1pal<\/li>\n<\/ul>\n<h3>Rychlost:<\/h3>\n<ul>\n<li>V0: 869 m\/s<\/li>\n<li>V100: 813 m\/s<\/li>\n<li>V200: 759 m\/s<\/li>\n<li>V300: 708 m\/s<\/li>\n<\/ul>\n","protected":false},"excerpt":{"rendered":"<p>P\u0159esn\u00e1 munice Creedmoor 6,5 pro dlouh\u00fd dosah p\u0159i st\u0159elb\u011b na ter\u010d.<\/p>\n","protected":false},"featured_media":76690,"template":"","meta":{"_acf_changed":false},"product_brand":[14472],"product_cat":[12722],"product_tag":[],"class_list":{"0":"post-692612","1":"product","2":"type-product","3":"status-publish","4":"has-post-thumbnail","6":"product_brand-norma-precision","7":"product_cat-puskarska-munice","9":"first","10":"instock","11":"taxable","12":"shipping-taxable","13":"purchasable","14":"product-type-simple"},"acf":[],"_links":{"self":[{"href":"https:\/\/nbg.eu\/cs\/wp-json\/wp\/v2\/product\/692612","targetHints":{"allow":["GET"]}}],"collection":[{"href":"https:\/\/nbg.eu\/cs\/wp-json\/wp\/v2\/product"}],"about":[{"href":"https:\/\/nbg.eu\/cs\/wp-json\/wp\/v2\/types\/product"}],"wp:featuredmedia":[{"embeddable":true,"href":"https:\/\/nbg.eu\/cs\/wp-json\/wp\/v2\/media\/76690"}],"wp:attachment":[{"href":"https:\/\/nbg.eu\/cs\/wp-json\/wp\/v2\/media?parent=692612"}],"wp:term":[{"taxonomy":"product_brand","embeddable":true,"href":"https:\/\/nbg.eu\/cs\/wp-json\/wp\/v2\/product_brand?post=692612"},{"taxonomy":"product_cat","embeddable":true,"href":"https:\/\/nbg.eu\/cs\/wp-json\/wp\/v2\/product_cat?post=692612"},{"taxonomy":"product_tag","embeddable":true,"href":"https:\/\/nbg.eu\/cs\/wp-json\/wp\/v2\/product_tag?post=692612"}],"curies":[{"name":"wp","href":"https:\/\/api.w.org\/{rel}","templated":true}]}}