{"id":692628,"date":"2025-03-07T13:29:53","date_gmt":"2025-03-07T10:29:53","guid":{"rendered":"https:\/\/nbg.eu\/product\/nitehog-18650-rechargeable-battery\/"},"modified":"2026-05-13T16:02:18","modified_gmt":"2026-05-13T13:02:18","slug":"nitehog-18650-rechargeable-battery","status":"publish","type":"product","link":"https:\/\/nbg.eu\/cs\/produkt\/nitehog-18650-rechargeable-battery\/","title":{"rendered":"Nitehog 18650 Rechargeable Battery"},"content":{"rendered":"<h2>Nitehog 18650 dob\u00edjec\u00ed lithium-iontov\u00e1 baterie: Spolehliv\u00e1 energie pro term\u00e1ln\u00ed zobrazov\u00e1n\u00ed a no\u010dn\u00ed vid\u011bn\u00ed<\/h2>\n<p>Odemkn\u011bte pln\u00fd potenci\u00e1l va\u0161ich Nitehog term\u00e1ln\u00edch optick\u00fdch a no\u010dn\u00edch vid\u011bn\u00ed za\u0159\u00edzen\u00ed s Nitehog 18650 dob\u00edjec\u00ed lithium-iontovou bateri\u00ed. Pochlub\u00ed se vysokou kapacitou obvykle 3500mAh, tato baterie poskytuje konzistentn\u00ed, vysokoproudov\u00fd v\u00fdboj nezbytn\u00fd pro pokro\u010dil\u00e9 digit\u00e1ln\u00ed senzory a term\u00e1ln\u00ed j\u00e1dra.<\/p>\n<p>Navr\u017eena pro optim\u00e1ln\u00ed v\u00fdkon, Nitehog 18650 baterie m\u00e1 jmenovit\u00e9 nap\u011bt\u00ed 3,7 V a integrovan\u00fd ochrann\u00fd obvod (PCB) k zabr\u00e1n\u011bn\u00ed p\u0159eb\u00edjen\u00ed a hlubok\u00e9 vyb\u00edjen\u00ed. Tato ochrana zaji\u0161\u0165uje maxim\u00e1ln\u00ed \u017eivotnost a bezpe\u010dnost, d\u00edky \u010demu\u017e m\u016f\u017eete tuto nap\u00e1jec\u00ed jednotku vyu\u017e\u00edvat b\u011bhem dlouh\u00fdch no\u010dn\u00edch loveck\u00fdch nebo taktick\u00fdch operac\u00ed.<\/p>\n<p>A\u0165 u\u017e sledujete ko\u0159ist v divo\u010din\u011b nebo prov\u00e1d\u00edte utajen\u00e9 operace, Nitehog 18650 dob\u00edjec\u00ed baterie poskytuje spolehlivou, vysokokapacitn\u00ed energii, kterou va\u0161e za\u0159\u00edzen\u00ed vy\u017eaduj\u00ed. Za\u017eijte nep\u0159eru\u0161en\u00fd v\u00fdkon a jistotu, kter\u00e1 p\u0159ich\u00e1z\u00ed s chr\u00e1n\u011bn\u00fdm designem, co\u017e z n\u00ed \u010din\u00ed dokonal\u00e9ho spole\u010dn\u00edka pro va\u0161e Nitehog term\u00e1ln\u00ed zobrazov\u00e1n\u00ed a no\u010dn\u00ed vid\u011bn\u00ed vybaven\u00ed.<\/p>\n","protected":false},"excerpt":{"rendered":"<p>Dob\u00edjec\u00ed lithium-iontov\u00e1 baterie Nitehog 18650: Vysok\u00e1 kapacita, spolehliv\u00fd v\u00fdkon pro term\u00e1ln\u00ed\/no\u010dn\u00ed vid\u011bn\u00ed.<\/p>\n","protected":false},"featured_media":246171,"template":"","meta":{"_acf_changed":false},"product_brand":[11583],"product_cat":[12720,12685,12680,12660],"product_tag":[],"class_list":{"0":"post-692628","1":"product","2":"type-product","3":"status-publish","4":"has-post-thumbnail","6":"product_brand-nitehog","7":"product_cat-baterie","8":"product_cat-prislusenstvi-k-zamerovani","9":"product_cat-termalni","10":"product_cat-zamerovani","12":"first","13":"instock","14":"taxable","15":"shipping-taxable","16":"purchasable","17":"product-type-simple"},"acf":[],"_links":{"self":[{"href":"https:\/\/nbg.eu\/cs\/wp-json\/wp\/v2\/product\/692628","targetHints":{"allow":["GET"]}}],"collection":[{"href":"https:\/\/nbg.eu\/cs\/wp-json\/wp\/v2\/product"}],"about":[{"href":"https:\/\/nbg.eu\/cs\/wp-json\/wp\/v2\/types\/product"}],"wp:featuredmedia":[{"embeddable":true,"href":"https:\/\/nbg.eu\/cs\/wp-json\/wp\/v2\/media\/246171"}],"wp:attachment":[{"href":"https:\/\/nbg.eu\/cs\/wp-json\/wp\/v2\/media?parent=692628"}],"wp:term":[{"taxonomy":"product_brand","embeddable":true,"href":"https:\/\/nbg.eu\/cs\/wp-json\/wp\/v2\/product_brand?post=692628"},{"taxonomy":"product_cat","embeddable":true,"href":"https:\/\/nbg.eu\/cs\/wp-json\/wp\/v2\/product_cat?post=692628"},{"taxonomy":"product_tag","embeddable":true,"href":"https:\/\/nbg.eu\/cs\/wp-json\/wp\/v2\/product_tag?post=692628"}],"curies":[{"name":"wp","href":"https:\/\/api.w.org\/{rel}","templated":true}]}}