{"id":692659,"date":"2024-08-17T14:49:07","date_gmt":"2024-08-17T11:49:07","guid":{"rendered":"https:\/\/nbg.eu\/product\/mounting-kit-for-l-02-w-02-steel-black\/"},"modified":"2026-05-13T16:01:41","modified_gmt":"2026-05-13T13:01:41","slug":"mounting-kit-for-l-02-w-02-steel-black","status":"publish","type":"product","link":"https:\/\/nbg.eu\/cs\/produkt\/mounting-kit-for-l-02-w-02-steel-black\/","title":{"rendered":"KMR Mont\u00e1\u017en\u00ed Sada for L-02, W-02 Ocel \u010cern\u00fd"},"content":{"rendered":"<h2>KMR Optic Ready (OR) Mont\u00e1\u017en\u00ed sada \u2013 Ocel, \u010cern\u00e1<\/h2>\n<p>Zvy\u0161te \u00farove\u0148 sv\u00fdch platforem L-02 a W-02 KMR pomoc\u00ed mont\u00e1\u017en\u00ed sady KMR Optic Ready (OR). Tato mont\u00e1\u017en\u00ed \u0159e\u0161en\u00ed vyroben\u00e9 z vysoce odoln\u00e9 oceli zaji\u0161\u0165uj\u00ed mimo\u0159\u00e1dnou odolnost a tuhost, aby byl v\u00e1\u0161 optick\u00fd zam\u011b\u0159ovac\u00ed syst\u00e9m zachov\u00e1n i p\u0159i intenzivn\u00edch zp\u011btn\u00fdch sil\u00e1ch b\u011bhem sout\u011b\u017en\u00ed st\u0159elby.<\/p>\n<p>Tato mont\u00e1\u017en\u00ed sada OR je navr\u017eena tak, aby bezpe\u010dn\u011b padla na opticko p\u0159ipraven\u00e9 z\u00e1v\u011bry L-02 a W-02, a to d\u00edky modelu specifick\u00e9mu otisku. Na rozd\u00edl od standardn\u00edch hlin\u00edkov\u00fdch desek zabra\u0148uje ocelov\u00e1 konstrukce vytrh\u00e1v\u00e1n\u00ed z\u00e1vit\u016f a udr\u017euje dokonal\u00e9 upevn\u011bn\u00ed opticko p\u0159ipraven\u00fdch z\u00e1v\u011br\u016f, \u010d\u00edm\u017e chr\u00e1n\u00ed va\u0161i investici.<\/p>\n<p>Tato mont\u00e1\u017en\u00ed sada je opat\u0159ena matn\u00fdm \u010dern\u00fdm, antikorozivn\u00edm povrchem, kter\u00fd nejen skv\u011ble vypad\u00e1, ale tak\u00e9 odol\u00e1v\u00e1 vliv\u016fm prost\u0159ed\u00ed, co\u017e zaru\u010duje spolehliv\u00fd v\u00fdkon za v\u0161ech podm\u00ednek. Vylep\u0161ete svou platformu KMR pomoc\u00ed mont\u00e1\u017en\u00ed sady KMR Optic Ready (OR) \u2013 dokonal\u00e9 \u0159e\u0161en\u00ed pro vysokoodolnou integraci optiky.<\/p>\n","protected":false},"excerpt":{"rendered":"<p>Mont\u00e1\u017en\u00ed sada z vysokopevnostn\u00ed oceli pro integraci optiky L-02, W-02 KMR.<\/p>\n","protected":false},"featured_media":30361,"template":"","meta":{"_acf_changed":false},"product_brand":[],"product_cat":[12655,12659,12691,14924],"product_tag":[],"class_list":{"0":"post-692659","1":"product","2":"type-product","3":"status-publish","4":"has-post-thumbnail","6":"product_cat-dily-na-pistole","7":"product_cat-kmr-dily","8":"product_cat-miridla-na-pistole","9":"product_cat-red-dot-sights-mounts-cs","11":"first","12":"instock","13":"taxable","14":"shipping-taxable","15":"purchasable","16":"product-type-variable","17":"wvs-archive-product-wrapper"},"acf":[],"_links":{"self":[{"href":"https:\/\/nbg.eu\/cs\/wp-json\/wp\/v2\/product\/692659","targetHints":{"allow":["GET"]}}],"collection":[{"href":"https:\/\/nbg.eu\/cs\/wp-json\/wp\/v2\/product"}],"about":[{"href":"https:\/\/nbg.eu\/cs\/wp-json\/wp\/v2\/types\/product"}],"wp:featuredmedia":[{"embeddable":true,"href":"https:\/\/nbg.eu\/cs\/wp-json\/wp\/v2\/media\/30361"}],"wp:attachment":[{"href":"https:\/\/nbg.eu\/cs\/wp-json\/wp\/v2\/media?parent=692659"}],"wp:term":[{"taxonomy":"product_brand","embeddable":true,"href":"https:\/\/nbg.eu\/cs\/wp-json\/wp\/v2\/product_brand?post=692659"},{"taxonomy":"product_cat","embeddable":true,"href":"https:\/\/nbg.eu\/cs\/wp-json\/wp\/v2\/product_cat?post=692659"},{"taxonomy":"product_tag","embeddable":true,"href":"https:\/\/nbg.eu\/cs\/wp-json\/wp\/v2\/product_tag?post=692659"}],"curies":[{"name":"wp","href":"https:\/\/api.w.org\/{rel}","templated":true}]}}