{"id":692946,"date":"2024-11-02T11:43:26","date_gmt":"2024-11-02T08:43:26","guid":{"rendered":"https:\/\/nbg.eu\/product\/norma-308-win-whitetail-150gr-soft-point-hunting-ammo\/"},"modified":"2026-05-13T16:03:40","modified_gmt":"2026-05-13T13:03:40","slug":"norma-308-win-whitetail-150gr-soft-point-hunting-ammo","status":"publish","type":"product","link":"https:\/\/nbg.eu\/cs\/produkt\/norma-308-win-whitetail-150gr-soft-point-hunting-ammo\/","title":{"rendered":"NORMA .308 Win Whitetail 150gr Soft Point Hunting Ammo"},"content":{"rendered":"<div class=\"product-description\">\n<h2>NORMA cal. .308 Win SP Whitetail 9.7g\/150gr<\/h2>\n<p>Za\u017eijte nevyrovnatelnou p\u0159esnost a v\u00fdkon s n\u00e1boji NORMA .308 Win SP Whitetail. Tato kulka Soft Point o v\u00e1ze 150gr (9,7g) nab\u00edz\u00ed:<\/p>\n<ul>\n<li>Vynikaj\u00edc\u00ed p\u0159esnost pro lov jelen\u016f a velk\u00e9 zv\u011b\u0159e<\/li>\n<li>Ploch\u00e1 z\u00e1kladna pro konzistentn\u00ed v\u00fdkon<\/li>\n<li>Odkryt\u00e1 olov\u011bn\u00e1 \u0161pi\u010dka pro rychlou expanzi<\/li>\n<li>Hlubok\u00e9 pr\u016fniky a \u00fa\u010dinn\u00fd p\u0159enos energie<\/li>\n<\/ul>\n<h3>Kl\u00ed\u010dov\u00e9 specifikace:<\/h3>\n<ul>\n<li>\u010c\u00edslo v\u00fdrobku: 20177382<\/li>\n<li>R\u00e1\u017ee: .308 Win<\/li>\n<li>Hmotnost: 9.7g\/150gr<\/li>\n<li>Balistick\u00fd koeficient (G1): 0.274<\/li>\n<li>Po\u010d\u00e1te\u010dn\u00ed rychlost (V0): 850 m\/s<\/li>\n<\/ul>\n<p>Vyr\u00e1b\u011bno ve \u0160v\u00e9dsku v \u00c5motforsu s proslulou p\u0159esnost\u00ed a vysokou kvalitou mosazn\u00fdch n\u00e1bojnic NORMA, tato munice zaji\u0161\u0165uje vynikaj\u00edc\u00ed konzistenci a skv\u011blou op\u011btovnou pou\u017eitelnost.<\/p>\n<\/div>\n<div class=\"panel panel--no-padding\">\n<div class=\"panel__inner\">\n<table class=\"ballistic-table\">\n<thead>\n<tr>\n<th scope=\"col\"><\/th>\n<th scope=\"col\">50 yard\u016f<\/th>\n<th scope=\"col\">75 yard\u016f<\/th>\n<th scope=\"col\">100 yard\u016f<\/th>\n<th scope=\"col\">150 yard\u016f<\/th>\n<th scope=\"col\">200 yard\u016f<\/th>\n<th scope=\"col\">300 yard\u016f<\/th>\n<\/tr>\n<\/thead>\n<tbody>\n<tr>\n<th scope=\"row\">50<\/th>\n<td><\/td>\n<td>0<\/td>\n<td>0.4<\/td>\n<td>-0.7<\/td>\n<td>-3.3<\/td>\n<td>-14.4<\/td>\n<\/tr>\n<tr>\n<th scope=\"row\">100<\/th>\n<td>-0.2<\/td>\n<td>&#8211;<\/td>\n<td><\/td>\n<td>-1.2<\/td>\n<td>-4<\/td>\n<td>-15.5<\/td>\n<\/tr>\n<tr>\n<th scope=\"row\">150<\/th>\n<td>0.2<\/td>\n<td>&#8211;<\/td>\n<td>0.8<\/td>\n<td><\/td>\n<td>-2.4<\/td>\n<td>-13<\/td>\n<\/tr>\n<tr>\n<th scope=\"row\">200<\/th>\n<td>0.8<\/td>\n<td>&#8211;<\/td>\n<td>2<\/td>\n<td>1.8<\/td>\n<td><\/td>\n<td>-9.4<\/td>\n<\/tr>\n<\/tbody>\n<\/table>\n<\/div>\n<\/div>\n","protected":false},"excerpt":{"rendered":"<p>NORMA .308 Win SP Whitetail: P\u0159esn\u00e1 a v\u00fdkonn\u00e1 munice pro lov jelen\u00ed zv\u011b\u0159e.<\/p>\n","protected":false},"featured_media":76620,"template":"","meta":{"_acf_changed":false},"product_brand":[14472],"product_cat":[12712],"product_tag":[],"class_list":{"0":"post-692946","1":"product","2":"type-product","3":"status-publish","4":"has-post-thumbnail","6":"product_brand-norma-precision","7":"product_cat-munice","9":"first","10":"instock","11":"taxable","12":"shipping-taxable","13":"purchasable","14":"product-type-simple"},"acf":[],"_links":{"self":[{"href":"https:\/\/nbg.eu\/cs\/wp-json\/wp\/v2\/product\/692946","targetHints":{"allow":["GET"]}}],"collection":[{"href":"https:\/\/nbg.eu\/cs\/wp-json\/wp\/v2\/product"}],"about":[{"href":"https:\/\/nbg.eu\/cs\/wp-json\/wp\/v2\/types\/product"}],"wp:featuredmedia":[{"embeddable":true,"href":"https:\/\/nbg.eu\/cs\/wp-json\/wp\/v2\/media\/76620"}],"wp:attachment":[{"href":"https:\/\/nbg.eu\/cs\/wp-json\/wp\/v2\/media?parent=692946"}],"wp:term":[{"taxonomy":"product_brand","embeddable":true,"href":"https:\/\/nbg.eu\/cs\/wp-json\/wp\/v2\/product_brand?post=692946"},{"taxonomy":"product_cat","embeddable":true,"href":"https:\/\/nbg.eu\/cs\/wp-json\/wp\/v2\/product_cat?post=692946"},{"taxonomy":"product_tag","embeddable":true,"href":"https:\/\/nbg.eu\/cs\/wp-json\/wp\/v2\/product_tag?post=692946"}],"curies":[{"name":"wp","href":"https:\/\/api.w.org\/{rel}","templated":true}]}}