{"id":692965,"date":"2024-09-17T08:37:52","date_gmt":"2024-09-17T05:37:52","guid":{"rendered":"https:\/\/nbg.eu\/product\/or-cover-22-lr-screw-m3x6-iso-14580-kmr\/"},"modified":"2026-05-13T16:02:37","modified_gmt":"2026-05-13T13:02:37","slug":"or-cover-22-lr-screw-m3x6-iso-14580-kmr","status":"publish","type":"product","link":"https:\/\/nbg.eu\/cs\/produkt\/or-cover-22-lr-screw-m3x6-iso-14580-kmr\/","title":{"rendered":"KMR \u0160roub Krytu OR .22 LR M3x6 ISO 14580"},"content":{"rendered":"<h2>OR COVER 22 LR \u0160ROUB M3x6 ISO 14580 KMR<\/h2>\n<p>OR COVER 22 LR \u0160ROUB M3x6 ISO 14580 KMR je kritickou sou\u010d\u00e1st\u00ed pro r\u016fzn\u00e9 zbra\u0148ov\u00e9 syst\u00e9my KMR. Vyroben\u00fd podle p\u0159esn\u00fdch specifikac\u00ed ISO 14580, tento \u0161roub zaji\u0161\u0165uje bezpe\u010dn\u00e9 a spolehliv\u00e9 spojen\u00ed a udr\u017euje integritu va\u0161eho zbra\u0148ov\u00e9ho syst\u00e9mu.<\/p>\n<p>Pro zbran\u011b KMR:<\/p>\n<p>KMR S-01 LANCE (OR)<\/p>\n<p>KMR S-02 75 (OR) SR ADA<\/p>\n<p>KMR S-02 OD ROKU 2024<\/p>\n<p>KMR S-02 SH1 (OR) SR ADA<\/p>\n<p>KMR S-02 SH2 (OR) SR ADA<\/p>\n<p>KMR S-02 TS (OR) SR ADA<\/p>\n<p>KMR S-02 DO ROKU 2023<\/p>\n","protected":false},"excerpt":{"rendered":"<p>OR COVER 22 LR \u0160ROUB M3x6 ISO 14580 KMR pro zbran\u011b \u0159ady KMR.<\/p>\n","protected":false},"featured_media":63648,"template":"","meta":{"_acf_changed":false},"product_brand":[11490],"product_cat":[12659],"product_tag":[],"class_list":{"0":"post-692965","1":"product","2":"type-product","3":"status-publish","4":"has-post-thumbnail","6":"product_brand-kmr-precision","7":"product_cat-kmr-dily","9":"first","10":"instock","11":"taxable","12":"shipping-taxable","13":"product-type-simple"},"acf":[],"_links":{"self":[{"href":"https:\/\/nbg.eu\/cs\/wp-json\/wp\/v2\/product\/692965","targetHints":{"allow":["GET"]}}],"collection":[{"href":"https:\/\/nbg.eu\/cs\/wp-json\/wp\/v2\/product"}],"about":[{"href":"https:\/\/nbg.eu\/cs\/wp-json\/wp\/v2\/types\/product"}],"wp:featuredmedia":[{"embeddable":true,"href":"https:\/\/nbg.eu\/cs\/wp-json\/wp\/v2\/media\/63648"}],"wp:attachment":[{"href":"https:\/\/nbg.eu\/cs\/wp-json\/wp\/v2\/media?parent=692965"}],"wp:term":[{"taxonomy":"product_brand","embeddable":true,"href":"https:\/\/nbg.eu\/cs\/wp-json\/wp\/v2\/product_brand?post=692965"},{"taxonomy":"product_cat","embeddable":true,"href":"https:\/\/nbg.eu\/cs\/wp-json\/wp\/v2\/product_cat?post=692965"},{"taxonomy":"product_tag","embeddable":true,"href":"https:\/\/nbg.eu\/cs\/wp-json\/wp\/v2\/product_tag?post=692965"}],"curies":[{"name":"wp","href":"https:\/\/api.w.org\/{rel}","templated":true}]}}