{"id":693117,"date":"2024-09-02T13:32:58","date_gmt":"2024-09-02T10:32:58","guid":{"rendered":"https:\/\/nbg.eu\/product\/pelican-1015-micro-case\/"},"modified":"2026-05-13T15:09:54","modified_gmt":"2026-05-13T12:09:54","slug":"pelican-1015-micro-case","status":"publish","type":"product","link":"https:\/\/nbg.eu\/cs\/produkt\/pelican-1015-micro-case\/","title":{"rendered":"Pelican 1015 Micro Case"},"content":{"rendered":"<div class=\"product-description\">\n<h2>Pelican 1015 Micro Case<\/h2>\n<p>Chra\u0148te va\u0161e cenn\u00e9 mal\u00e9 elektronick\u00e9 za\u0159\u00edzen\u00ed pomoc\u00ed pouzdra Pelican 1015 Micro Case. Toto odoln\u00e9 proti tlaku, vodot\u011bsn\u00e9 a protiprachov\u00e9 pouzdro je dokonal\u00e9 pro smartphony, fotoapar\u00e1ty a dal\u0161\u00ed citliv\u00e1 za\u0159\u00edzen\u00ed.<\/p>\n<h2>Kl\u00ed\u010dov\u00e9 vlastnosti:<\/h2>\n<ul>\n<li>Odoln\u00e9 polykarbon\u00e1tov\u00e9 t\u011blo<\/li>\n<li>Vodot\u011bsn\u00fd a protiprachov\u00fd design<\/li>\n<li>Pry\u017eov\u00e1 vlo\u017eka pro extra ochranu a t\u011bsn\u011bn\u00ed o-krou\u017ekem<\/li>\n<li>Snadno otev\u00edrateln\u00fd uz\u00e1v\u011br a nerezov\u00e9 kovov\u00e9 sou\u010d\u00e1sti<\/li>\n<li>Aktivn\u00ed sportovn\u00ed karabina pro bezpe\u010dn\u00e9 p\u0159ipevn\u011bn\u00ed<\/li>\n<li>Vnit\u0159n\u00ed rozm\u011bry: 5,14&#8243; x 2,64&#8243; x 1,37&#8243;<\/li>\n<li>Vn\u011bj\u0161\u00ed rozm\u011bry: 6,68&#8243; x 3,88&#8243; x 1,86&#8243;<\/li>\n<li>Hmotnost pouze 0,46 lb<\/li>\n<\/ul>\n<p>S do\u017eivotn\u00ed z\u00e1rukou Pelican je toto mikro pouzdro nep\u0159ekonatelnou ochranou pro va\u0161e za\u0159\u00edzen\u00ed v jak\u00e9mkoli prost\u0159ed\u00ed.<\/p>\n<\/div>\n","protected":false},"excerpt":{"rendered":"<p>Odoln\u00fd, vod\u011bodoln\u00fd kryt pro malou elektroniku. Ochrana proti rozdrcen\u00ed.<\/p>\n","protected":false},"featured_media":35237,"template":"","meta":{"_acf_changed":false},"product_brand":[11606],"product_cat":[12675],"product_tag":[],"class_list":{"0":"post-693117","1":"product","2":"type-product","3":"status-publish","4":"has-post-thumbnail","6":"product_brand-pelican","7":"product_cat-pouzdra-na-prenaseni","9":"first","10":"outofstock","11":"taxable","12":"shipping-taxable","13":"purchasable","14":"product-type-simple"},"acf":[],"_links":{"self":[{"href":"https:\/\/nbg.eu\/cs\/wp-json\/wp\/v2\/product\/693117","targetHints":{"allow":["GET"]}}],"collection":[{"href":"https:\/\/nbg.eu\/cs\/wp-json\/wp\/v2\/product"}],"about":[{"href":"https:\/\/nbg.eu\/cs\/wp-json\/wp\/v2\/types\/product"}],"wp:featuredmedia":[{"embeddable":true,"href":"https:\/\/nbg.eu\/cs\/wp-json\/wp\/v2\/media\/35237"}],"wp:attachment":[{"href":"https:\/\/nbg.eu\/cs\/wp-json\/wp\/v2\/media?parent=693117"}],"wp:term":[{"taxonomy":"product_brand","embeddable":true,"href":"https:\/\/nbg.eu\/cs\/wp-json\/wp\/v2\/product_brand?post=693117"},{"taxonomy":"product_cat","embeddable":true,"href":"https:\/\/nbg.eu\/cs\/wp-json\/wp\/v2\/product_cat?post=693117"},{"taxonomy":"product_tag","embeddable":true,"href":"https:\/\/nbg.eu\/cs\/wp-json\/wp\/v2\/product_tag?post=693117"}],"curies":[{"name":"wp","href":"https:\/\/api.w.org\/{rel}","templated":true}]}}