{"id":693141,"date":"2024-08-18T11:29:17","date_gmt":"2024-08-18T08:29:17","guid":{"rendered":"https:\/\/nbg.eu\/product\/recoil-spring-guide-kmr-45-stainless\/"},"modified":"2026-02-06T18:00:05","modified_gmt":"2026-02-06T15:00:05","slug":"recoil-spring-guide-kmr-45-stainless","status":"publish","type":"product","link":"https:\/\/nbg.eu\/cs\/produkt\/recoil-spring-guide-kmr-45-stainless\/","title":{"rendered":"Vod\u00edtko pru\u017einy zp\u011btn\u00e9ho r\u00e1zu KMR 4,5&#8243; z nerezov\u00e9 oceli"},"content":{"rendered":"<h2>Vodic\u00ed ty\u010dka pru\u017einy pro zp\u011btn\u00fd r\u00e1z KMR 4,5&#8243; z nerezov\u00e9 oceli<\/h2>\n<p>Vodic\u00ed ty\u010dka pru\u017einy pro zp\u011btn\u00fd r\u00e1z KMR 4,5&#8243; z nerezov\u00e9 oceli je pr\u00e9miov\u00fd dopln\u011bk navr\u017een\u00fd pro zbran\u011b \u0159ady KMR. Tato odoln\u00e1 sou\u010d\u00e1stka z nerezov\u00e9 oceli je z\u00e1sadn\u00ed pro udr\u017een\u00ed plynul\u00e9ho provozu a spolehlivosti va\u0161\u00ed st\u0159eln\u00e9 zbran\u011b.<\/p>\n<p>Odolnost: Vyrobeno z vysoce kvalitn\u00ed nerezov\u00e9 oceli, tato vodic\u00ed ty\u010dka pru\u017einy pro zp\u011btn\u00fd r\u00e1z je navr\u017eena, aby odolala n\u00e1rok\u016fm pravideln\u00e9ho pou\u017e\u00edv\u00e1n\u00ed. Je odoln\u00e1 v\u016f\u010di korozi a vyrobena tak, aby vydr\u017eela, co\u017e zajist\u00ed, \u017ee va\u0161e zbra\u0148 bude i nad\u00e1le fungovat v nejlep\u0161\u00ed mo\u017en\u00e9 kondici.<\/p>\n<p>Snadn\u00e1 instalace: Upgrade va\u0161\u00ed zbran\u011b KMR pomoc\u00ed Vodic\u00ed ty\u010dky pru\u017einy pro zp\u011btn\u00fd r\u00e1z KMR 4,5&#8243; z nerezov\u00e9 oceli je p\u0159\u00edmo\u010dar\u00fd proces, co\u017e z n\u00ed \u010din\u00ed pohodlnou volbu jak pro zku\u0161en\u00e9, tak pro za\u010d\u00ednaj\u00edc\u00ed majitele zbran\u00ed.<\/p>\n<p>Pro zbran\u011b KMR:<\/p>\n<p>KMR L-02 UMBRA od roku 2024<\/p>\n<p>KMR L-02 UMBRA do roku 2023<\/p>\n<p>KMR W-02 UMBRA<\/p>\n<p>KMR W-02 UMBRA (OR)<\/p>\n","protected":false},"excerpt":{"rendered":"<p>Vodic\u00ed pru\u017eina zp\u011btn\u00e9ho r\u00e1zu KMR 4,5&#8243; nerezov\u00e1 pro zbran\u011b KMR L-02 UMBRA, KMR W-02 UMBRA.<\/p>\n","protected":false},"featured_media":25631,"template":"","meta":{"_acf_changed":false},"product_brand":[11490],"product_cat":[12659,12677],"product_tag":[],"class_list":{"0":"post-693141","1":"product","2":"type-product","3":"status-publish","4":"has-post-thumbnail","6":"product_brand-kmr-precision","7":"product_cat-kmr-dily","8":"product_cat-pruziny","10":"first","11":"instock","12":"taxable","13":"shipping-taxable","14":"product-type-simple"},"acf":[],"_links":{"self":[{"href":"https:\/\/nbg.eu\/cs\/wp-json\/wp\/v2\/product\/693141","targetHints":{"allow":["GET"]}}],"collection":[{"href":"https:\/\/nbg.eu\/cs\/wp-json\/wp\/v2\/product"}],"about":[{"href":"https:\/\/nbg.eu\/cs\/wp-json\/wp\/v2\/types\/product"}],"wp:featuredmedia":[{"embeddable":true,"href":"https:\/\/nbg.eu\/cs\/wp-json\/wp\/v2\/media\/25631"}],"wp:attachment":[{"href":"https:\/\/nbg.eu\/cs\/wp-json\/wp\/v2\/media?parent=693141"}],"wp:term":[{"taxonomy":"product_brand","embeddable":true,"href":"https:\/\/nbg.eu\/cs\/wp-json\/wp\/v2\/product_brand?post=693141"},{"taxonomy":"product_cat","embeddable":true,"href":"https:\/\/nbg.eu\/cs\/wp-json\/wp\/v2\/product_cat?post=693141"},{"taxonomy":"product_tag","embeddable":true,"href":"https:\/\/nbg.eu\/cs\/wp-json\/wp\/v2\/product_tag?post=693141"}],"curies":[{"name":"wp","href":"https:\/\/api.w.org\/{rel}","templated":true}]}}