{"id":693353,"date":"2024-09-17T08:59:52","date_gmt":"2024-09-17T05:59:52","guid":{"rendered":"https:\/\/nbg.eu\/product\/recoil-spring-kmr-45-soft-11\/"},"modified":"2026-02-02T15:19:55","modified_gmt":"2026-02-02T12:19:55","slug":"recoil-spring-kmr-45-soft-11","status":"publish","type":"product","link":"https:\/\/nbg.eu\/cs\/produkt\/recoil-spring-kmr-45-soft-11\/","title":{"rendered":"ZP\u011aTN\u00c1 PRU\u017dINA KMR 4,5&#8243; M\u011aKK\u00c1 (11)"},"content":{"rendered":"<h2>KMR zp\u011btn\u00fd ak\u010dn\u00ed pru\u017eina \u2013 4,5 palce m\u011bkk\u00e1 (11 lb)<\/h2>\n<p>11 librov\u00e1 &#8222;m\u011bkk\u00e1&#8220; zp\u011btn\u00e1 ak\u010dn\u00ed pru\u017eina KMR je p\u0159esn\u011b nalad\u011bn\u00e1 v\u00fdkonnostn\u00ed sou\u010d\u00e1stka navr\u017een\u00e1 pro st\u0159elce, kte\u0159\u00ed cht\u011bj\u00ed doladit cyklovac\u00ed dynamiku sv\u00fdch 4,5palcov\u00fdch pistol\u00ed KMR. Sn\u00ed\u017een\u00edm pru\u017einov\u00e9ho nap\u011bt\u00ed umo\u017e\u0148uje tato sou\u010d\u00e1stka plynulej\u0161\u00ed impuls zp\u011btn\u00e9ho r\u00e1zu a rychlej\u0161\u00ed p\u0159echody z\u00e1v\u011bru.<\/p>\n<h3>V\u00fdkonnostn\u00ed dolad\u011bn\u00ed pro sout\u011b\u017ee<\/h3>\n<p>Standardn\u00ed tov\u00e1rn\u00ed pru\u017einy jsou \u010dasto &#8222;p\u0159epru\u017een\u00e9&#8220;, aby zajistily spolehlivost s \u0161irokou \u0161k\u00e1lou vysokotlakov\u00e9 munice. Pro sout\u011b\u017en\u00edho st\u0159elce pou\u017e\u00edvaj\u00edc\u00edho specifick\u00e9 n\u00e1boje poskytuje 11librov\u00e1 pru\u017eina KMR v\u00fdznamnou v\u00fdhodu. Umo\u017e\u0148uje voln\u011bj\u0161\u00ed pohyb z\u00e1v\u011bru, sni\u017euje drsnost zp\u011btn\u00e9ho r\u00e1zu a, co\u017e je d\u016fle\u017eit\u011bj\u0161\u00ed, br\u00e1n\u00ed poklesu hlavn\u011b dol\u016f, kdy\u017e se z\u00e1v\u011br prudce vrac\u00ed do uzam\u010den\u00e9 polohy.<\/p>\n<h3>Technick\u00e9 specifikace:<\/h3>\n<ul>\n<li><strong>S\u00edla pru\u017einy 11 lb:<\/strong> Klasifikov\u00e1no jako &#8222;m\u011bkk\u00e9&#8220;, tato hmotnost je ide\u00e1ln\u00ed pro z\u00e1vodn\u00ed n\u00e1boje s n\u00edzk\u00fdm zp\u011btn\u00fdm r\u00e1zem (Minor Power Factor).<\/li>\n<li><strong>Vysoce kvalitn\u00ed pru\u017einov\u00e1 ocel:<\/strong> Vyrobeno z pr\u00e9miov\u00e9ho pru\u017einov\u00e9ho dr\u00e1tu\/slitinov\u00e9 oceli, aby si udr\u017eelo konzistentn\u00ed nap\u011bt\u00ed po tis\u00edce cykl\u016f bez deformace.<\/li>\n<li><strong>Optimalizov\u00e1no pro 4,5palcov\u00e9 z\u00e1v\u011bry:<\/strong> D\u00e9lka a po\u010det z\u00e1vit\u016f jsou specificky navr\u017eeny pro vnit\u0159n\u00ed geometrii model\u016f KMR 4,5 palce (jako s\u00e9rie L-02 a W-02).<\/li>\n<li><strong>Konzistentn\u00ed k\u0159ivka s\u00edly:<\/strong> Navr\u017eeno tak, aby poskytovalo line\u00e1rn\u00ed n\u00e1r\u016fst odporu, co\u017e zaji\u0161\u0165uje hladk\u00e9 odemyk\u00e1n\u00ed a spolehliv\u00e9 pod\u00e1v\u00e1n\u00ed.<\/li>\n<\/ul>\n<h3>Kl\u00ed\u010dov\u00e9 v\u00fdhody:<\/h3>\n<ul>\n<li><strong>Plo\u0161\u0161\u00ed st\u0159elba:<\/strong> Minimalizuje pohyb hlavn\u011b, umo\u017e\u0148uje rychlej\u0161\u00ed n\u00e1sledn\u00e9 v\u00fdst\u0159ely a snaz\u0161\u00ed sledov\u00e1n\u00ed m\u00ed\u0159idel.<\/li>\n<li><strong>Sn\u00ed\u017een\u00ed \u00fanavy:<\/strong> M\u011bk\u010d\u00ed impuls zp\u011btn\u00e9ho r\u00e1zu \u010din\u00ed dlouh\u00e9 st\u0159eleck\u00e9 relace pohodln\u011bj\u0161\u00ed a m\u00e9n\u011b nam\u00e1hav\u00e9 pro ruce a z\u00e1p\u011bst\u00ed.<\/li>\n<li><strong>Vlastn\u00ed rychlost cyklu:<\/strong> Ide\u00e1ln\u00ed pro st\u0159elce, kte\u0159\u00ed hledaj\u00ed &#8222;ost\u0159ej\u0161\u00ed&#8220; pocit z\u00e1v\u011bru bez t\u011b\u017ek\u00e9ho dopadu standardn\u00ed pru\u017einy.<\/li>\n<li><strong>Spolehliv\u00e9 vyhozen\u00ed n\u00e1bojnice:<\/strong> Pom\u00e1h\u00e1 zajistit pln\u00fd zdvih z\u00e1v\u011bru a pozitivn\u00ed vyhozen\u00ed n\u00e1bojnice p\u0159i pou\u017eit\u00ed st\u0159eliva s ni\u017e\u0161\u00ed rychlost\u00ed.<\/li>\n<\/ul>\n<p><em>Pozn\u00e1mka: P\u0159i pou\u017eit\u00ed leh\u010d\u00ed zp\u011btn\u00e9 ak\u010dn\u00ed pru\u017einy se doporu\u010duje sledovat zp\u011btnou op\u011bru a zajistit, aby va\u0161e munice poskytovala dostatek energie pro spolehliv\u00e9 cyklov\u00e1n\u00ed mechanismu.<\/em><\/p>\n","protected":false},"excerpt":{"rendered":"<p>0730-05802-0000<\/p>\n","protected":false},"featured_media":25122,"template":"","meta":{"_acf_changed":false},"product_brand":[11490],"product_cat":[12659,12677],"product_tag":[],"class_list":{"0":"post-693353","1":"product","2":"type-product","3":"status-publish","4":"has-post-thumbnail","6":"product_brand-kmr-precision","7":"product_cat-kmr-dily","8":"product_cat-pruziny","10":"first","11":"instock","12":"taxable","13":"shipping-taxable","14":"product-type-simple"},"acf":[],"_links":{"self":[{"href":"https:\/\/nbg.eu\/cs\/wp-json\/wp\/v2\/product\/693353","targetHints":{"allow":["GET"]}}],"collection":[{"href":"https:\/\/nbg.eu\/cs\/wp-json\/wp\/v2\/product"}],"about":[{"href":"https:\/\/nbg.eu\/cs\/wp-json\/wp\/v2\/types\/product"}],"wp:featuredmedia":[{"embeddable":true,"href":"https:\/\/nbg.eu\/cs\/wp-json\/wp\/v2\/media\/25122"}],"wp:attachment":[{"href":"https:\/\/nbg.eu\/cs\/wp-json\/wp\/v2\/media?parent=693353"}],"wp:term":[{"taxonomy":"product_brand","embeddable":true,"href":"https:\/\/nbg.eu\/cs\/wp-json\/wp\/v2\/product_brand?post=693353"},{"taxonomy":"product_cat","embeddable":true,"href":"https:\/\/nbg.eu\/cs\/wp-json\/wp\/v2\/product_cat?post=693353"},{"taxonomy":"product_tag","embeddable":true,"href":"https:\/\/nbg.eu\/cs\/wp-json\/wp\/v2\/product_tag?post=693353"}],"curies":[{"name":"wp","href":"https:\/\/api.w.org\/{rel}","templated":true}]}}