{"id":693522,"date":"2024-08-16T21:03:31","date_gmt":"2024-08-16T18:03:31","guid":{"rendered":"https:\/\/nbg.eu\/product\/rhh-leg-strap\/"},"modified":"2026-05-13T16:03:28","modified_gmt":"2026-05-13T13:03:28","slug":"rhh-leg-strap","status":"publish","type":"product","link":"https:\/\/nbg.eu\/cs\/produkt\/rhh-leg-strap\/","title":{"rendered":"RHH Leg Strap"},"content":{"rendered":"<h2>\u0158em\u00ednek na nohu RHH: Zv\u00fd\u0161en\u00e1 stabilita pouzdra pro dynamick\u00e9 aktivity<\/h2>\n<p>\u0158em\u00ednek na nohu RHH je v\u0161estrann\u00e9 p\u0159\u00edslu\u0161enstv\u00ed navr\u017een\u00e9 tak, aby poskytovalo v\u00fdjime\u010dnou stabilitu a sn\u00ed\u017een\u00ed pohybu pro kaps\u00e1\u0159e na noze nebo v polovi\u010dn\u00ed poloze b\u011bhem dynamick\u00fdch aktivit. Vyrobeno z pevn\u00e9 elastick\u00e9 nylonov\u00e9 tkaniny a se zap\u00edn\u00e1n\u00edm z vysoce odoln\u00e9ho plastu, tento nastaviteln\u00fd \u0159em\u00ednek zaji\u0161\u0165uje bezpe\u010dn\u00e9 a pohodln\u00e9 uchycen\u00ed kolem stehna.<\/p>\n<p>Integrovan\u00e9 protiskluzov\u00e9 pry\u017eov\u00e9 pro\u0161\u00edv\u00e1n\u00ed p\u0159id\u00e1v\u00e1 drsnou texturu, co\u017e efektivn\u011b eliminuje &#8222;pohupov\u00e1n\u00ed pouzdra&#8220;, ke kter\u00e9mu m\u016f\u017ee doch\u00e1zet p\u0159i b\u011bhu, kleku nebo jin\u00fdch intenzivn\u00edch pohybech. Elastick\u00e1 konstrukce umo\u017e\u0148uje \u0159em\u00ednku roztahovat se a smr\u0161\u0165ovat s va\u0161imi svalov\u00fdmi vl\u00e1kny, \u010d\u00edm\u017e udr\u017euje pouzdro ve st\u00e1l\u00e9 poloze pro spolehliv\u00e9 a neru\u0161en\u00e9 vyta\u017een\u00ed.<\/p>\n<p>A\u0165 u\u017e jste p\u0159\u00edslu\u0161n\u00edk aktivn\u00ed slu\u017eby, sout\u011b\u017en\u00ed st\u0159elec nebo v\u00e1\u0161niv\u00fd outdoorsman, \u0159em\u00ednek na nohu RHH je perfektn\u00edm \u0159e\u0161en\u00edm pro udr\u017een\u00ed va\u0161eho pouzdra pevn\u011b na m\u00edst\u011b bez omezen\u00ed rozsahu pohybu nebo krevn\u00edho ob\u011bhu. Za\u017eijte zv\u00fd\u0161enou stabilitu pouzdra a d\u016fv\u011bru ve v\u00e1\u0161 vybaven\u00ed, i v t\u011bch nejn\u00e1ro\u010dn\u011bj\u0161\u00edch situac\u00edch.<\/p>\n","protected":false},"excerpt":{"rendered":"<p>Zajist\u011bte svou pouzdro pomoc\u00ed elastick\u00e9ho nylonov\u00e9ho a protiskluzov\u00e9ho designu RHH Leg Strap.<\/p>\n","protected":false},"featured_media":0,"template":"","meta":{"_acf_changed":false},"product_brand":[11630],"product_cat":[12690],"product_tag":[],"class_list":{"0":"post-693522","1":"product","2":"type-product","3":"status-publish","5":"product_brand-rh-holsters","6":"product_cat-prislusenstvi-pro-pouzdra","8":"first","9":"instock","10":"taxable","11":"shipping-taxable","12":"purchasable","13":"product-type-simple"},"acf":[],"_links":{"self":[{"href":"https:\/\/nbg.eu\/cs\/wp-json\/wp\/v2\/product\/693522","targetHints":{"allow":["GET"]}}],"collection":[{"href":"https:\/\/nbg.eu\/cs\/wp-json\/wp\/v2\/product"}],"about":[{"href":"https:\/\/nbg.eu\/cs\/wp-json\/wp\/v2\/types\/product"}],"wp:attachment":[{"href":"https:\/\/nbg.eu\/cs\/wp-json\/wp\/v2\/media?parent=693522"}],"wp:term":[{"taxonomy":"product_brand","embeddable":true,"href":"https:\/\/nbg.eu\/cs\/wp-json\/wp\/v2\/product_brand?post=693522"},{"taxonomy":"product_cat","embeddable":true,"href":"https:\/\/nbg.eu\/cs\/wp-json\/wp\/v2\/product_cat?post=693522"},{"taxonomy":"product_tag","embeddable":true,"href":"https:\/\/nbg.eu\/cs\/wp-json\/wp\/v2\/product_tag?post=693522"}],"curies":[{"name":"wp","href":"https:\/\/api.w.org\/{rel}","templated":true}]}}