{"id":693546,"date":"2024-08-18T12:24:40","date_gmt":"2024-08-18T09:24:40","guid":{"rendered":"https:\/\/nbg.eu\/product\/ring-brs-kmr\/"},"modified":"2026-05-13T15:11:00","modified_gmt":"2026-05-13T12:11:00","slug":"ring-brs-kmr","status":"publish","type":"product","link":"https:\/\/nbg.eu\/cs\/produkt\/ring-brs-kmr\/","title":{"rendered":"KMR Krou\u017eek Hlavn\u011b"},"content":{"rendered":"<h2>Krou\u017eek BRS KMR: V\u00e1\u0161 spolehliv\u00fd dopln\u011bk zbran\u011b<\/h2>\n<p>Krou\u017eek BRS KMR je v\u0161estrann\u00fd a vysoce kvalitn\u00ed dopln\u011bk ur\u010den\u00fd pro milovn\u00edky zbran\u00ed.<\/p>\n<p>Vyroben\u00fd s p\u0159esnost\u00ed a pe\u010dlivost\u00ed, tento krou\u017eek je konstruov\u00e1n tak, aby vydr\u017eel n\u00e1roky taktick\u00fdch a venkovn\u00edch aplikac\u00ed.<\/p>\n<p>Navr\u017een, aby vyhovoval pot\u0159eb\u00e1m modern\u00edch zbra\u0148ov\u00fdch syst\u00e9m\u016f, nab\u00edz\u00ed \u0159adu funkc\u00ed, kter\u00e9 z n\u011bj d\u011blaj\u00ed \u017e\u00e1danou volbu. Od jeho trvanliv\u00e9 konstrukce po u\u017eivatelsky p\u0159\u00edv\u011btiv\u00fd design je tento dopln\u011bk konstruov\u00e1n tak, aby poskytoval konzistentn\u00ed v\u00fdkon a spolehlivost, a to i v nejn\u00e1ro\u010dn\u011bj\u0161\u00edch prost\u0159ed\u00edch.<\/p>\n<p>Vylep\u0161ete schopnosti sv\u00e9 zbran\u011b s krou\u017ekem BRS a za\u017eijte sebed\u016fv\u011bru, kter\u00e1 p\u0159ich\u00e1z\u00ed se spolehliv\u00fdm a d\u016fv\u011bryhodn\u00fdm dopl\u0148kem. Zvy\u0161te sv\u016fj st\u0159eleck\u00fd z\u00e1\u017eitek a dos\u00e1hn\u011bte sv\u00fdch c\u00edl\u016f s t\u00edmto vynikaj\u00edc\u00edm produktem.<\/p>\n","protected":false},"excerpt":{"rendered":"<p>Prsten BRS KMR pro zbran\u011b, kompatibiln\u00ed s modely KMR L-02 a KMR W-02.<\/p>\n","protected":false},"featured_media":26022,"template":"","meta":{"_acf_changed":false},"product_brand":[11490],"product_cat":[12659],"product_tag":[],"class_list":{"0":"post-693546","1":"product","2":"type-product","3":"status-publish","4":"has-post-thumbnail","6":"product_brand-kmr-precision","7":"product_cat-kmr-dily","9":"first","10":"instock","11":"taxable","12":"shipping-taxable","13":"product-type-simple"},"acf":[],"_links":{"self":[{"href":"https:\/\/nbg.eu\/cs\/wp-json\/wp\/v2\/product\/693546","targetHints":{"allow":["GET"]}}],"collection":[{"href":"https:\/\/nbg.eu\/cs\/wp-json\/wp\/v2\/product"}],"about":[{"href":"https:\/\/nbg.eu\/cs\/wp-json\/wp\/v2\/types\/product"}],"wp:featuredmedia":[{"embeddable":true,"href":"https:\/\/nbg.eu\/cs\/wp-json\/wp\/v2\/media\/26022"}],"wp:attachment":[{"href":"https:\/\/nbg.eu\/cs\/wp-json\/wp\/v2\/media?parent=693546"}],"wp:term":[{"taxonomy":"product_brand","embeddable":true,"href":"https:\/\/nbg.eu\/cs\/wp-json\/wp\/v2\/product_brand?post=693546"},{"taxonomy":"product_cat","embeddable":true,"href":"https:\/\/nbg.eu\/cs\/wp-json\/wp\/v2\/product_cat?post=693546"},{"taxonomy":"product_tag","embeddable":true,"href":"https:\/\/nbg.eu\/cs\/wp-json\/wp\/v2\/product_tag?post=693546"}],"curies":[{"name":"wp","href":"https:\/\/api.w.org\/{rel}","templated":true}]}}