{"id":693586,"date":"2025-03-07T20:56:56","date_gmt":"2025-03-07T17:56:56","guid":{"rendered":"https:\/\/nbg.eu\/product\/rusan-modular-qr-adapter-for-guide-arta435\/"},"modified":"2026-05-13T16:01:22","modified_gmt":"2026-05-13T13:01:22","slug":"rusan-modular-qr-adapter-for-guide-arta435","status":"publish","type":"product","link":"https:\/\/nbg.eu\/cs\/produkt\/rusan-modular-qr-adapter-for-guide-arta435\/","title":{"rendered":"Rusan Modular QR Adapter for Guide | ARTA435"},"content":{"rendered":"<h2>Rusan Modul\u00e1rn\u00ed QR adapt\u00e9r pro Guide | ARTA435<\/h2>\n<p>Vylep\u0161ete svou p\u0159esnou st\u0159elbu s Rusan Modul\u00e1rn\u00edm QR adapt\u00e9rem pro Guide (ARTA435). Navr\u017een pro snadnou integraci s term\u00e1ln\u00edmi p\u0159\u00eddavky Guide, toto \u0159e\u0161en\u00ed rychloup\u00ednac\u00ed (QR) mont\u00e1\u017ee nab\u00edz\u00ed bezkonkuren\u010dn\u00ed pohodl\u00ed a opakovatelnost.<\/p>\n<p>S vnit\u0159n\u00edm z\u00e1vitem M52x0,75 vyu\u017e\u00edv\u00e1 adapt\u00e9r robustn\u00ed syst\u00e9m QR p\u00e1ky, kter\u00fd umo\u017e\u0148uje t\u00e9m\u011b\u0159 okam\u017eit\u00e9 p\u0159ipevn\u011bn\u00ed a sejmut\u00ed term\u00e1ln\u00edho n\u00e1stavce bez naru\u0161en\u00ed nulov\u00e1n\u00ed zbran\u011b. Modul\u00e1rn\u00ed design zaji\u0161\u0165uje bezpe\u010dn\u00e9, nap\u011bt\u00edm nastaviteln\u00e9 uzam\u010den\u00ed a zachov\u00e1v\u00e1 p\u0159esnost i v nejn\u00e1ro\u010dn\u011bj\u0161\u00edch podm\u00ednk\u00e1ch.<\/p>\n<p>Vyroben\u00fd z vysoce kvalitn\u00edho hlin\u00edku, Rusan Modul\u00e1rn\u00ed QR adapt\u00e9r je postaven, aby odolal n\u00e1ro\u010dnostem ter\u00e9nu. Jeho kompatibilita s Rusan ARADA krou\u017eky d\u00e1le zvy\u0161uje univerz\u00e1lnost syst\u00e9mu a umo\u017e\u0148uje p\u0159izp\u016fsobit \u0159e\u0161en\u00ed va\u0161im specifick\u00fdm pot\u0159eb\u00e1m.<\/p>\n<p>Za\u017eijte ten nejvy\u0161\u0161\u00ed stupe\u0148 tich\u00e9ho, n\u00e1strojov\u00e9ho provozu s Rusan Modul\u00e1rn\u00edm QR adapt\u00e9rem. Zvy\u0161te sv\u016fj st\u0159eleck\u00fd v\u00fdkon a odhalte pln\u00fd potenci\u00e1l sv\u00fdch term\u00e1ln\u00edch n\u00e1stavc\u016f Guide s t\u00edmto inovativn\u00edm mont\u00e1\u017en\u00edm \u0159e\u0161en\u00edm.<\/p>\n","protected":false},"excerpt":{"rendered":"<p>P\u0159esn\u00e9 upevn\u011bn\u00ed QR pro term\u00e1ln\u00ed p\u0159\u00edpojky Guide. Z\u00e1vit M52x0,75, modul\u00e1rn\u00ed, vysoce kvalitn\u00ed hlin\u00edk.<\/p>\n","protected":false},"featured_media":248590,"template":"","meta":{"_acf_changed":false},"product_brand":[11679],"product_cat":[12685,12680,12660],"product_tag":[],"class_list":{"0":"post-693586","1":"product","2":"type-product","3":"status-publish","4":"has-post-thumbnail","6":"product_brand-rusan","7":"product_cat-prislusenstvi-k-zamerovani","8":"product_cat-termalni","9":"product_cat-zamerovani","11":"first","12":"outofstock","13":"taxable","14":"shipping-taxable","15":"purchasable","16":"product-type-variable","17":"wvs-archive-product-wrapper"},"acf":[],"_links":{"self":[{"href":"https:\/\/nbg.eu\/cs\/wp-json\/wp\/v2\/product\/693586","targetHints":{"allow":["GET"]}}],"collection":[{"href":"https:\/\/nbg.eu\/cs\/wp-json\/wp\/v2\/product"}],"about":[{"href":"https:\/\/nbg.eu\/cs\/wp-json\/wp\/v2\/types\/product"}],"wp:featuredmedia":[{"embeddable":true,"href":"https:\/\/nbg.eu\/cs\/wp-json\/wp\/v2\/media\/248590"}],"wp:attachment":[{"href":"https:\/\/nbg.eu\/cs\/wp-json\/wp\/v2\/media?parent=693586"}],"wp:term":[{"taxonomy":"product_brand","embeddable":true,"href":"https:\/\/nbg.eu\/cs\/wp-json\/wp\/v2\/product_brand?post=693586"},{"taxonomy":"product_cat","embeddable":true,"href":"https:\/\/nbg.eu\/cs\/wp-json\/wp\/v2\/product_cat?post=693586"},{"taxonomy":"product_tag","embeddable":true,"href":"https:\/\/nbg.eu\/cs\/wp-json\/wp\/v2\/product_tag?post=693586"}],"curies":[{"name":"wp","href":"https:\/\/api.w.org\/{rel}","templated":true}]}}