{"id":694219,"date":"2024-09-17T08:46:01","date_gmt":"2024-09-17T05:46:01","guid":{"rendered":"https:\/\/nbg.eu\/product\/screw-m3x6-din-913-kmr\/"},"modified":"2026-05-13T16:01:51","modified_gmt":"2026-05-13T13:01:51","slug":"screw-m3x6-din-913-kmr","status":"publish","type":"product","link":"https:\/\/nbg.eu\/cs\/produkt\/screw-m3x6-din-913-kmr\/","title":{"rendered":"KMR \u0160roub M3x6 DIN 913"},"content":{"rendered":"<h2>\u0160ROUB M3x6 DIN 913 KMR: Nezbytn\u00fd pro zbran\u011b KMR<\/h2>\n<p>Vyroben\u00fd v souladu s normou DIN 913 poskytuje tento \u0161roub M3x6 bezpe\u010dn\u00e9 a p\u0159esn\u00e9 uchycen\u00ed, co\u017e p\u0159isp\u00edv\u00e1 k celkov\u00e9 stabilit\u011b a integrit\u011b komponent va\u0161\u00ed zbran\u011b. Jeho odoln\u00e1 konstrukce, charakterizovan\u00e1 pevn\u00fdm materi\u00e1lov\u00fdm slo\u017een\u00edm, zaji\u0161\u0165uje dlouhodob\u00fd v\u00fdkon a odolnost v\u016f\u010di opot\u0159eben\u00ed a po\u0161kozen\u00ed, a to i v nejn\u00e1ro\u010dn\u011bj\u0161\u00edch podm\u00ednk\u00e1ch.<\/p>\n<p>A\u0165 u\u017e prov\u00e1d\u00edte \u00fadr\u017ebu, opravy nebo modernizaci sv\u00fdch zbran\u00ed kompatibiln\u00edch s KMR, je tento \u0161roub nezbytnou sou\u010d\u00e1st\u00ed, na kterou se m\u016f\u017eete spolehnout. Jeho kompatibilita se specifikovan\u00fdmi modely z n\u011bj d\u011bl\u00e1 kl\u00ed\u010dovou n\u00e1hradn\u00ed nebo rezervn\u00ed sou\u010d\u00e1st, kter\u00e1 zajist\u00ed hladk\u00fd chod va\u0161eho cenn\u00e9ho vybaven\u00ed.<\/p>\n<p>Pro zbran\u011b KMR<\/p>\n<p>KMR L-02 ORCA OD 2024<\/p>\n<p>KMR L-02 ORCA DO 2023<\/p>\n<p>KMR W-02 CUDA (OR)<\/p>\n","protected":false},"excerpt":{"rendered":"<p>\u0160ROUB M3x6 DIN 913 KMR je kl\u00ed\u010dovou sou\u010d\u00e1st\u00ed pro \u00fadr\u017ebu a mont\u00e1\u017e r\u016fzn\u00fdch zbra\u0148ov\u00fdch syst\u00e9m\u016f.<\/p>\n","protected":false},"featured_media":63673,"template":"","meta":{"_acf_changed":false},"product_brand":[11490],"product_cat":[12659],"product_tag":[],"class_list":{"0":"post-694219","1":"product","2":"type-product","3":"status-publish","4":"has-post-thumbnail","6":"product_brand-kmr-precision","7":"product_cat-kmr-dily","9":"first","10":"instock","11":"taxable","12":"shipping-taxable","13":"product-type-simple"},"acf":[],"_links":{"self":[{"href":"https:\/\/nbg.eu\/cs\/wp-json\/wp\/v2\/product\/694219","targetHints":{"allow":["GET"]}}],"collection":[{"href":"https:\/\/nbg.eu\/cs\/wp-json\/wp\/v2\/product"}],"about":[{"href":"https:\/\/nbg.eu\/cs\/wp-json\/wp\/v2\/types\/product"}],"wp:featuredmedia":[{"embeddable":true,"href":"https:\/\/nbg.eu\/cs\/wp-json\/wp\/v2\/media\/63673"}],"wp:attachment":[{"href":"https:\/\/nbg.eu\/cs\/wp-json\/wp\/v2\/media?parent=694219"}],"wp:term":[{"taxonomy":"product_brand","embeddable":true,"href":"https:\/\/nbg.eu\/cs\/wp-json\/wp\/v2\/product_brand?post=694219"},{"taxonomy":"product_cat","embeddable":true,"href":"https:\/\/nbg.eu\/cs\/wp-json\/wp\/v2\/product_cat?post=694219"},{"taxonomy":"product_tag","embeddable":true,"href":"https:\/\/nbg.eu\/cs\/wp-json\/wp\/v2\/product_tag?post=694219"}],"curies":[{"name":"wp","href":"https:\/\/api.w.org\/{rel}","templated":true}]}}