{"id":694247,"date":"2024-08-17T18:03:33","date_gmt":"2024-08-17T15:03:33","guid":{"rendered":"https:\/\/nbg.eu\/product\/sear-spring-kmr\/"},"modified":"2026-05-13T16:01:03","modified_gmt":"2026-05-13T13:01:03","slug":"sear-spring-kmr","status":"publish","type":"product","link":"https:\/\/nbg.eu\/cs\/produkt\/sear-spring-kmr\/","title":{"rendered":"KMR Pru\u017eina Ozubu"},"content":{"rendered":"<h2>Sear Spring KMR: Regulace zp\u011btn\u00e9ho r\u00e1zu zbran\u011b<\/h2>\n<p>P\u0159edstavujeme Sear Spring KMR, univerz\u00e1ln\u00ed a vysoce v\u00fdkonn\u00fd syst\u00e9m pro regulaci zp\u011btn\u00e9ho r\u00e1zu ur\u010den\u00fd pro \u0161irokou \u0161k\u00e1lu zbra\u0148ov\u00fdch platforem.<\/p>\n<p>Vyroben\u00fd z pr\u00e9miov\u00fdch materi\u00e1l\u016f a pe\u010dliv\u011b zkonstruovan\u00fd, Sear Spring KMR kombinuje pokro\u010dilou technologii s trvanlivost\u00ed, co\u017e zaji\u0161\u0165uje spolehliv\u00fd v\u00fdkon v nejn\u00e1ro\u010dn\u011bj\u0161\u00edch prost\u0159ed\u00edch. Jeho inovativn\u00ed design pom\u00e1h\u00e1 zm\u00edr\u0148ovat zp\u011btn\u00fd r\u00e1z, co\u017e umo\u017e\u0148uje rychlej\u0161\u00ed zam\u011b\u0159en\u00ed na c\u00edl, zlep\u0161enou p\u0159esnost a sn\u00ed\u017eenou \u00fanavu u\u017eivatele.<\/p>\n<p>D\u00edky sv\u00e9 univerz\u00e1lnosti je Sear Spring KMR kompatibiln\u00ed s \u0161irok\u00fdm spektrem zbran\u00ed, od pu\u0161ek a karabin a\u017e po pistole a brokovnice. Jeho modul\u00e1rn\u00ed konstrukce umo\u017e\u0148uje snadnou integraci a zaji\u0161\u0165uje p\u0159izp\u016fsoben\u00ed pro optim\u00e1ln\u00ed v\u00fdkon.<\/p>\n<p>Pro zbran\u011b KMR:<\/p>\n<p>KMR L-02 EMIQ<\/p>\n<p>KMR L-02 EMIQ (OR)<\/p>\n<p>KMR L-02 ORCA OD 2024<\/p>\n<p>KMR L-02 ORCA DO 2023<\/p>\n<p>KMR L-02 SPECTRA OD 2024<\/p>\n<p>KMR L-02 SPECTRA DO 2023<\/p>\n<p>KMR L-02 UMBRA (OR) SR<\/p>\n<p>KMR S-01 LANCE (OR)<\/p>\n<p>KMR S-02 OD 2024<\/p>\n<p>KMR S-02 DO 2023<\/p>\n<p>KMR W-02 CUDA (OR)<\/p>\n<p>KMR W-02 UMBRA<\/p>\n<p>KMR W-02 UMBRA (OR)<\/p>\n","protected":false},"excerpt":{"rendered":"<p>Pru\u017eina spou\u0161t\u011b pro zbran\u011b KMR, kompatibiln\u00ed s r\u016fzn\u00fdmi modely.<\/p>\n","protected":false},"featured_media":24821,"template":"","meta":{"_acf_changed":false},"product_brand":[11490],"product_cat":[12659,12677],"product_tag":[],"class_list":{"0":"post-694247","1":"product","2":"type-product","3":"status-publish","4":"has-post-thumbnail","6":"product_brand-kmr-precision","7":"product_cat-kmr-dily","8":"product_cat-pruziny","10":"first","11":"instock","12":"taxable","13":"shipping-taxable","14":"product-type-simple"},"acf":[],"_links":{"self":[{"href":"https:\/\/nbg.eu\/cs\/wp-json\/wp\/v2\/product\/694247","targetHints":{"allow":["GET"]}}],"collection":[{"href":"https:\/\/nbg.eu\/cs\/wp-json\/wp\/v2\/product"}],"about":[{"href":"https:\/\/nbg.eu\/cs\/wp-json\/wp\/v2\/types\/product"}],"wp:featuredmedia":[{"embeddable":true,"href":"https:\/\/nbg.eu\/cs\/wp-json\/wp\/v2\/media\/24821"}],"wp:attachment":[{"href":"https:\/\/nbg.eu\/cs\/wp-json\/wp\/v2\/media?parent=694247"}],"wp:term":[{"taxonomy":"product_brand","embeddable":true,"href":"https:\/\/nbg.eu\/cs\/wp-json\/wp\/v2\/product_brand?post=694247"},{"taxonomy":"product_cat","embeddable":true,"href":"https:\/\/nbg.eu\/cs\/wp-json\/wp\/v2\/product_cat?post=694247"},{"taxonomy":"product_tag","embeddable":true,"href":"https:\/\/nbg.eu\/cs\/wp-json\/wp\/v2\/product_tag?post=694247"}],"curies":[{"name":"wp","href":"https:\/\/api.w.org\/{rel}","templated":true}]}}