{"id":694280,"date":"2024-08-16T23:19:01","date_gmt":"2024-08-16T20:19:01","guid":{"rendered":"https:\/\/nbg.eu\/product\/sear-pin-kmr\/"},"modified":"2026-05-13T15:11:28","modified_gmt":"2026-05-13T12:11:28","slug":"sear-pin-kmr","status":"publish","type":"product","link":"https:\/\/nbg.eu\/cs\/produkt\/sear-pin-kmr\/","title":{"rendered":"KMR \u010cep Ozubu"},"content":{"rendered":"<h2>Sear Pin pro pistole KMR: P\u0159esn\u00fd st\u0159edov\u00fd bod pro konzistentn\u00ed spou\u0161\u0165<\/h2>\n<p>Sear Pin pro pistole KMR je kritick\u00e1 sou\u010d\u00e1stka, kter\u00e1 zaji\u0161\u0165uje spolehlivost a konzistenci spou\u0161t\u011bc\u00edho mechanismu va\u0161\u00ed zbran\u011b. Vyroben\u00fd z precizn\u011b brou\u0161en\u00e9 kalen\u00e9 n\u00e1strojov\u00e9 oceli, tento d\u00edl je vyr\u00e1b\u011bn podle p\u0159\u00edsn\u00fdch tov\u00e1rn\u00edch toleranc\u00ed KMR, co\u017e zaji\u0161\u0165uje mimo\u0159\u00e1dnou odolnost proti opot\u0159eben\u00ed a hladk\u00fd, spolehliv\u00fd v\u00fdkon.<\/p>\n<p>V srdci mechanismu spou\u0161t\u011b p\u016fsob\u00ed Sear Pin jako oto\u010dn\u00e1 osa, kter\u00e1 umo\u017e\u0148uje pohyb z\u00e1padky p\u0159esn\u011b a konzistentn\u011b. Ultra hladk\u00fd povrch a p\u0159esn\u00fd pr\u016fm\u011br t\u00e9to sou\u010d\u00e1sti jsou nezbytn\u00e9 pro udr\u017een\u00ed ostr\u00e9ho, p\u0159edv\u00eddateln\u00e9ho odpalu a spolehliv\u00e9ho znovunabit\u00ed u sout\u011b\u017en\u00edch pistol\u00ed KMR.<\/p>\n<p>Poskytnut\u00edm stabiln\u00edho, vysoce p\u0159esn\u00e9ho st\u0159edov\u00e9ho bodu Sear Pin pom\u00e1h\u00e1 eliminovat nekonzistence spou\u0161t\u011b, kter\u00e9 mohou ovlivnit p\u0159esnost a v\u00fdkon. A\u0165 u\u017e se v\u011bnujete sout\u011b\u017en\u00ed st\u0159elb\u011b nebo spol\u00e9h\u00e1te na svou pistoli KMR pro osobn\u00ed obranu, tato nezbytn\u00e1 sou\u010d\u00e1st pom\u00e1h\u00e1 zajistit konzistentn\u00ed, spolehliv\u00e9 vyta\u017een\u00ed spou\u0161t\u011b poka\u017ed\u00e9.<\/p>\n<p>Upgradujte svou pistoli KMR o Sear Pin a za\u017eijte rozd\u00edl, kter\u00fd m\u016f\u017ee p\u0159in\u00e9st precizn\u00ed konstruov\u00e1n\u00ed. Vylep\u0161ete sv\u00e9 st\u0159eleck\u00e9 schopnosti touto nezbytnou sou\u010d\u00e1stkou navr\u017eenou pro poskytnut\u00ed maxim\u00e1ln\u00edho v\u00fdkonu spou\u0161t\u011b.<\/p>\n","protected":false},"excerpt":{"rendered":"<p>P\u0159esn\u00fd bod ot\u00e1\u010den\u00ed p\u00edstu zaru\u010duj\u00edc\u00ed konzistentn\u00ed spou\u0161t\u011bc\u00ed s\u00edlu KMR.<\/p>\n","protected":false},"featured_media":23795,"template":"","meta":{"_acf_changed":false},"product_brand":[11490],"product_cat":[12659],"product_tag":[],"class_list":{"0":"post-694280","1":"product","2":"type-product","3":"status-publish","4":"has-post-thumbnail","6":"product_brand-kmr-precision","7":"product_cat-kmr-dily","9":"first","10":"instock","11":"taxable","12":"shipping-taxable","13":"product-type-simple"},"acf":[],"_links":{"self":[{"href":"https:\/\/nbg.eu\/cs\/wp-json\/wp\/v2\/product\/694280","targetHints":{"allow":["GET"]}}],"collection":[{"href":"https:\/\/nbg.eu\/cs\/wp-json\/wp\/v2\/product"}],"about":[{"href":"https:\/\/nbg.eu\/cs\/wp-json\/wp\/v2\/types\/product"}],"wp:featuredmedia":[{"embeddable":true,"href":"https:\/\/nbg.eu\/cs\/wp-json\/wp\/v2\/media\/23795"}],"wp:attachment":[{"href":"https:\/\/nbg.eu\/cs\/wp-json\/wp\/v2\/media?parent=694280"}],"wp:term":[{"taxonomy":"product_brand","embeddable":true,"href":"https:\/\/nbg.eu\/cs\/wp-json\/wp\/v2\/product_brand?post=694280"},{"taxonomy":"product_cat","embeddable":true,"href":"https:\/\/nbg.eu\/cs\/wp-json\/wp\/v2\/product_cat?post=694280"},{"taxonomy":"product_tag","embeddable":true,"href":"https:\/\/nbg.eu\/cs\/wp-json\/wp\/v2\/product_tag?post=694280"}],"curies":[{"name":"wp","href":"https:\/\/api.w.org\/{rel}","templated":true}]}}